{"id":12311,"date":"2021-10-18T15:31:35","date_gmt":"2021-10-18T13:31:35","guid":{"rendered":"https:\/\/apply.cnc-cosmetic.de\/productos\/aesthetic-pharm\/"},"modified":"2021-10-18T15:31:56","modified_gmt":"2021-10-18T13:31:56","slug":"aesthetic-pharm","status":"publish","type":"page","link":"https:\/\/apply.cnc-cosmetic.de\/es\/productos\/aesthetic-pharm\/","title":{"rendered":"aesthetic pharm +"},"content":{"rendered":"\t\t<div data-elementor-type=\"wp-page\" data-elementor-id=\"12311\" class=\"elementor elementor-12311\" data-elementor-post-type=\"page\">\n\t\t\t\t\t\t<section class=\"has_eae_slider elementor-section elementor-top-section elementor-element elementor-element-7193bd0b elementor-section-boxed elementor-section-height-default elementor-section-height-default\" data-id=\"7193bd0b\" data-element_type=\"section\" data-settings=\"{&quot;background_background&quot;:&quot;classic&quot;}\">\n\t\t\t\t\t\t<div class=\"elementor-container elementor-column-gap-default\">\n\t\t\t\t\t<div class=\"has_eae_slider elementor-column elementor-col-50 elementor-top-column elementor-element elementor-element-60a2fda1\" data-id=\"60a2fda1\" data-element_type=\"column\">\n\t\t\t<div class=\"elementor-widget-wrap elementor-element-populated\">\n\t\t\t\t\t\t<div class=\"elementor-element elementor-element-0d668ae elementor-widget elementor-widget-text-editor\" data-id=\"0d668ae\" data-element_type=\"widget\" data-widget_type=\"text-editor.default\">\n\t\t\t\t<div class=\"elementor-widget-container\">\n\t\t\t\t\t\t\t<p>La est\u00e9tica farmac\u00e9utica es el cuidado individual de la piel para cada situaci\u00f3n cut\u00e1nea. En la nueva l\u00ednea de concentrados con ingredientes activos de alta dosis, tiene la oportunidad de explotar todo el potencial. Los concentrados pueden mezclarse entre s\u00ed (eficacia demostrada por estudios). Concentrado personal individual para cada cliente + cada situaci\u00f3n de la piel. Son posibles innumerables combinaciones. Las cremas y mascarillas especiales completan el cuidado. Visite nuestro seminario de est\u00e9tica farmac\u00e9utica de un d\u00eda de duraci\u00f3n y calif\u00edquese como especialista en est\u00e9tica farmac\u00e9utica de la piel.<\/p>\n\t\t\t\t\t\t<\/div>\n\t\t\t\t<\/div>\n\t\t\t\t\t<\/div>\n\t\t<\/div>\n\t\t\t\t<div class=\"has_eae_slider elementor-column elementor-col-50 elementor-top-column elementor-element elementor-element-6dd5ead8\" data-id=\"6dd5ead8\" data-element_type=\"column\">\n\t\t\t<div class=\"elementor-widget-wrap elementor-element-populated\">\n\t\t\t\t\t\t<div class=\"elementor-element elementor-element-4fa5943c elementor-widget elementor-widget-text-editor\" data-id=\"4fa5943c\" data-element_type=\"widget\" data-widget_type=\"text-editor.default\">\n\t\t\t\t<div class=\"elementor-widget-container\">\n\t\t\t\t\t\t\t<p>Los temas:<br \/>\n\u2013 La piel a trav\u00e9s de las \u00e9pocas<br \/>\n\u2013 Ingredientes activos y sus modos de acci\u00f3n<br \/>\n\u2013 Creaci\u00f3n de combinaciones individuales de ingredientes activos<br \/>\n\u2013 Procedimiento de tratamiento (incluyendo el uso de equipos)<\/p>\n<p>\u2013 Tratamiento de la piel. Los temas incluyen:<br \/>\n\u2013 la piel a trav\u00e9s de las edades<br \/>\n\u2013 los ingredientes activos y sus modos de acci\u00f3n<br \/>\n\u2013 la creaci\u00f3n de combinaciones individuales de ingredientes activos<br \/>\n\u2013 los procedimientos de tratamiento (incluyendo el uso de equipos).<\/p>\n\t\t\t\t\t\t<\/div>\n\t\t\t\t<\/div>\n\t\t\t\t\t<\/div>\n\t\t<\/div>\n\t\t\t\t\t<\/div>\n\t\t<\/section>\n\t\t\t\t<\/div>\n\t\t","protected":false},"excerpt":{"rendered":"<p>La est\u00e9tica farmac\u00e9utica es el cuidado individual de la piel para cada situaci\u00f3n cut\u00e1nea. En la nueva l\u00ednea de concentrados con ingredientes activos de alta dosis, tiene la oportunidad de explotar todo el potencial. Los concentrados pueden mezclarse entre s\u00ed (eficacia demostrada por estudios). Concentrado personal individual para cada cliente + cada situaci\u00f3n de la [&hellip;]<\/p>\n","protected":false},"author":9,"featured_media":0,"parent":12295,"menu_order":0,"comment_status":"closed","ping_status":"closed","template":"page-sub.php","meta":{"footnotes":""},"class_list":["post-12311","page","type-page","status-publish","hentry"],"acf":[],"yoast_head":"<!-- This site is optimized with the Yoast SEO plugin v22.0 - https:\/\/yoast.com\/wordpress\/plugins\/seo\/ -->\n<title>aesthetic pharm + - CNC<\/title>\n<meta name=\"robots\" content=\"noindex, follow, max-snippet:-1, max-image-preview:large, max-video-preview:-1\" \/>\n<meta property=\"og:locale\" content=\"es_ES\" \/>\n<meta property=\"og:type\" content=\"article\" \/>\n<meta property=\"og:title\" content=\"aesthetic pharm + - CNC\" \/>\n<meta property=\"og:description\" content=\"La est\u00e9tica farmac\u00e9utica es el cuidado individual de la piel para cada situaci\u00f3n cut\u00e1nea. En la nueva l\u00ednea de concentrados con ingredientes activos de alta dosis, tiene la oportunidad de explotar todo el potencial. Los concentrados pueden mezclarse entre s\u00ed (eficacia demostrada por estudios). Concentrado personal individual para cada cliente + cada situaci\u00f3n de la [&hellip;]\" \/>\n<meta property=\"og:url\" content=\"https:\/\/apply.cnc-cosmetic.de\/es\/productos\/aesthetic-pharm\/\" \/>\n<meta property=\"og:site_name\" content=\"CNC\" \/>\n<meta property=\"article:modified_time\" content=\"2021-10-18T13:31:56+00:00\" \/>\n<meta name=\"twitter:card\" content=\"summary_large_image\" \/>\n<meta name=\"twitter:label1\" content=\"Tiempo de lectura\" \/>\n\t<meta name=\"twitter:data1\" content=\"1 minuto\" \/>\n<script type=\"application\/ld+json\" class=\"yoast-schema-graph\">{\"@context\":\"https:\/\/schema.org\",\"@graph\":[{\"@type\":\"WebPage\",\"@id\":\"https:\/\/apply.cnc-cosmetic.de\/es\/productos\/aesthetic-pharm\/\",\"url\":\"https:\/\/apply.cnc-cosmetic.de\/es\/productos\/aesthetic-pharm\/\",\"name\":\"aesthetic pharm + - CNC\",\"isPartOf\":{\"@id\":\"https:\/\/apply.cnc-cosmetic.de\/#website\"},\"datePublished\":\"2021-10-18T13:31:35+00:00\",\"dateModified\":\"2021-10-18T13:31:56+00:00\",\"breadcrumb\":{\"@id\":\"https:\/\/apply.cnc-cosmetic.de\/es\/productos\/aesthetic-pharm\/#breadcrumb\"},\"inLanguage\":\"es\",\"potentialAction\":[{\"@type\":\"ReadAction\",\"target\":[\"https:\/\/apply.cnc-cosmetic.de\/es\/productos\/aesthetic-pharm\/\"]}]},{\"@type\":\"BreadcrumbList\",\"@id\":\"https:\/\/apply.cnc-cosmetic.de\/es\/productos\/aesthetic-pharm\/#breadcrumb\",\"itemListElement\":[{\"@type\":\"ListItem\",\"position\":1,\"name\":\"Startseite\",\"item\":\"https:\/\/apply.cnc-cosmetic.de\/\"},{\"@type\":\"ListItem\",\"position\":2,\"name\":\"Productos\",\"item\":\"https:\/\/apply.cnc-cosmetic.de\/es\/productos\/\"},{\"@type\":\"ListItem\",\"position\":3,\"name\":\"aesthetic pharm +\"}]},{\"@type\":\"WebSite\",\"@id\":\"https:\/\/apply.cnc-cosmetic.de\/#website\",\"url\":\"https:\/\/apply.cnc-cosmetic.de\/\",\"name\":\"CNC\",\"description\":\"Eine weitere WordPress-Website\",\"publisher\":{\"@id\":\"https:\/\/apply.cnc-cosmetic.de\/#organization\"},\"potentialAction\":[{\"@type\":\"SearchAction\",\"target\":{\"@type\":\"EntryPoint\",\"urlTemplate\":\"https:\/\/apply.cnc-cosmetic.de\/?s={search_term_string}\"},\"query-input\":\"required name=search_term_string\"}],\"inLanguage\":\"es\"},{\"@type\":\"Organization\",\"@id\":\"https:\/\/apply.cnc-cosmetic.de\/#organization\",\"name\":\"CNC\",\"url\":\"https:\/\/apply.cnc-cosmetic.de\/\",\"logo\":{\"@type\":\"ImageObject\",\"inLanguage\":\"es\",\"@id\":\"https:\/\/apply.cnc-cosmetic.de\/#\/schema\/logo\/image\/\",\"url\":\"https:\/\/apply.cnc-cosmetic.de\/wp-content\/uploads\/2020\/10\/Logo_CNC_4c_bc.png\",\"contentUrl\":\"https:\/\/apply.cnc-cosmetic.de\/wp-content\/uploads\/2020\/10\/Logo_CNC_4c_bc.png\",\"width\":500,\"height\":341,\"caption\":\"CNC\"},\"image\":{\"@id\":\"https:\/\/apply.cnc-cosmetic.de\/#\/schema\/logo\/image\/\"}}]}<\/script>\n<!-- \/ Yoast SEO plugin. -->","yoast_head_json":{"title":"aesthetic pharm + - CNC","robots":{"index":"noindex","follow":"follow","max-snippet":"max-snippet:-1","max-image-preview":"max-image-preview:large","max-video-preview":"max-video-preview:-1"},"og_locale":"es_ES","og_type":"article","og_title":"aesthetic pharm + - CNC","og_description":"La est\u00e9tica farmac\u00e9utica es el cuidado individual de la piel para cada situaci\u00f3n cut\u00e1nea. En la nueva l\u00ednea de concentrados con ingredientes activos de alta dosis, tiene la oportunidad de explotar todo el potencial. Los concentrados pueden mezclarse entre s\u00ed (eficacia demostrada por estudios). Concentrado personal individual para cada cliente + cada situaci\u00f3n de la [&hellip;]","og_url":"https:\/\/apply.cnc-cosmetic.de\/es\/productos\/aesthetic-pharm\/","og_site_name":"CNC","article_modified_time":"2021-10-18T13:31:56+00:00","twitter_card":"summary_large_image","twitter_misc":{"Tiempo de lectura":"1 minuto"},"schema":{"@context":"https:\/\/schema.org","@graph":[{"@type":"WebPage","@id":"https:\/\/apply.cnc-cosmetic.de\/es\/productos\/aesthetic-pharm\/","url":"https:\/\/apply.cnc-cosmetic.de\/es\/productos\/aesthetic-pharm\/","name":"aesthetic pharm + - CNC","isPartOf":{"@id":"https:\/\/apply.cnc-cosmetic.de\/#website"},"datePublished":"2021-10-18T13:31:35+00:00","dateModified":"2021-10-18T13:31:56+00:00","breadcrumb":{"@id":"https:\/\/apply.cnc-cosmetic.de\/es\/productos\/aesthetic-pharm\/#breadcrumb"},"inLanguage":"es","potentialAction":[{"@type":"ReadAction","target":["https:\/\/apply.cnc-cosmetic.de\/es\/productos\/aesthetic-pharm\/"]}]},{"@type":"BreadcrumbList","@id":"https:\/\/apply.cnc-cosmetic.de\/es\/productos\/aesthetic-pharm\/#breadcrumb","itemListElement":[{"@type":"ListItem","position":1,"name":"Startseite","item":"https:\/\/apply.cnc-cosmetic.de\/"},{"@type":"ListItem","position":2,"name":"Productos","item":"https:\/\/apply.cnc-cosmetic.de\/es\/productos\/"},{"@type":"ListItem","position":3,"name":"aesthetic pharm +"}]},{"@type":"WebSite","@id":"https:\/\/apply.cnc-cosmetic.de\/#website","url":"https:\/\/apply.cnc-cosmetic.de\/","name":"CNC","description":"Eine weitere WordPress-Website","publisher":{"@id":"https:\/\/apply.cnc-cosmetic.de\/#organization"},"potentialAction":[{"@type":"SearchAction","target":{"@type":"EntryPoint","urlTemplate":"https:\/\/apply.cnc-cosmetic.de\/?s={search_term_string}"},"query-input":"required name=search_term_string"}],"inLanguage":"es"},{"@type":"Organization","@id":"https:\/\/apply.cnc-cosmetic.de\/#organization","name":"CNC","url":"https:\/\/apply.cnc-cosmetic.de\/","logo":{"@type":"ImageObject","inLanguage":"es","@id":"https:\/\/apply.cnc-cosmetic.de\/#\/schema\/logo\/image\/","url":"https:\/\/apply.cnc-cosmetic.de\/wp-content\/uploads\/2020\/10\/Logo_CNC_4c_bc.png","contentUrl":"https:\/\/apply.cnc-cosmetic.de\/wp-content\/uploads\/2020\/10\/Logo_CNC_4c_bc.png","width":500,"height":341,"caption":"CNC"},"image":{"@id":"https:\/\/apply.cnc-cosmetic.de\/#\/schema\/logo\/image\/"}}]}},"_links":{"self":[{"href":"https:\/\/apply.cnc-cosmetic.de\/es\/wp-json\/wp\/v2\/pages\/12311","targetHints":{"allow":["GET"]}}],"collection":[{"href":"https:\/\/apply.cnc-cosmetic.de\/es\/wp-json\/wp\/v2\/pages"}],"about":[{"href":"https:\/\/apply.cnc-cosmetic.de\/es\/wp-json\/wp\/v2\/types\/page"}],"author":[{"embeddable":true,"href":"https:\/\/apply.cnc-cosmetic.de\/es\/wp-json\/wp\/v2\/users\/9"}],"replies":[{"embeddable":true,"href":"https:\/\/apply.cnc-cosmetic.de\/es\/wp-json\/wp\/v2\/comments?post=12311"}],"version-history":[{"count":0,"href":"https:\/\/apply.cnc-cosmetic.de\/es\/wp-json\/wp\/v2\/pages\/12311\/revisions"}],"up":[{"embeddable":true,"href":"https:\/\/apply.cnc-cosmetic.de\/es\/wp-json\/wp\/v2\/pages\/12295"}],"wp:attachment":[{"href":"https:\/\/apply.cnc-cosmetic.de\/es\/wp-json\/wp\/v2\/media?parent=12311"}],"curies":[{"name":"wp","href":"https:\/\/api.w.org\/{rel}","templated":true}]}}