{"id":12376,"date":"2021-10-18T16:01:35","date_gmt":"2021-10-18T14:01:35","guid":{"rendered":"https:\/\/apply.cnc-cosmetic.de\/sobre-nosotros\/cnc-y-responsabilidad-social\/"},"modified":"2021-10-18T16:01:37","modified_gmt":"2021-10-18T14:01:37","slug":"cnc-y-responsabilidad-social","status":"publish","type":"page","link":"https:\/\/apply.cnc-cosmetic.de\/es\/pagina-web\/sobre-nosotros\/cnc-y-responsabilidad-social\/","title":{"rendered":"CNC y Responsabilidad Social"},"content":{"rendered":"\t\t<div data-elementor-type=\"wp-page\" data-elementor-id=\"12376\" class=\"elementor elementor-12376\" data-elementor-post-type=\"page\">\n\t\t\t\t\t\t<section class=\"has_eae_slider elementor-section elementor-top-section elementor-element elementor-element-396a64eb elementor-section-boxed elementor-section-height-default elementor-section-height-default\" data-id=\"396a64eb\" data-element_type=\"section\" data-settings=\"{&quot;background_background&quot;:&quot;classic&quot;}\">\n\t\t\t\t\t\t<div class=\"elementor-container elementor-column-gap-default\">\n\t\t\t\t\t<div class=\"has_eae_slider elementor-column elementor-col-50 elementor-top-column elementor-element elementor-element-2c1e71f4\" data-id=\"2c1e71f4\" data-element_type=\"column\">\n\t\t\t<div class=\"elementor-widget-wrap elementor-element-populated\">\n\t\t\t\t\t\t<div class=\"elementor-element elementor-element-e853a7c elementor-widget elementor-widget-heading\" data-id=\"e853a7c\" data-element_type=\"widget\" data-widget_type=\"heading.default\">\n\t\t\t\t<div class=\"elementor-widget-container\">\n\t\t\t<h2 class=\"elementor-heading-title elementor-size-default\">Hola, mundo. <br> En el CNC ayudamos a dar forma al mundo.<\/h2>\t\t<\/div>\n\t\t\t\t<\/div>\n\t\t\t\t\t<\/div>\n\t\t<\/div>\n\t\t\t\t<div class=\"has_eae_slider elementor-column elementor-col-50 elementor-top-column elementor-element elementor-element-129ce8b\" data-id=\"129ce8b\" data-element_type=\"column\">\n\t\t\t<div class=\"elementor-widget-wrap\">\n\t\t\t\t\t\t\t<\/div>\n\t\t<\/div>\n\t\t\t\t\t<\/div>\n\t\t<\/section>\n\t\t\t\t<section class=\"has_eae_slider elementor-section elementor-top-section elementor-element elementor-element-906717f elementor-section-boxed elementor-section-height-default elementor-section-height-default\" data-id=\"906717f\" data-element_type=\"section\" data-settings=\"{&quot;background_background&quot;:&quot;classic&quot;}\">\n\t\t\t\t\t\t\t<div class=\"elementor-background-overlay\"><\/div>\n\t\t\t\t\t\t\t<div class=\"elementor-container elementor-column-gap-default\">\n\t\t\t\t\t<div class=\"has_eae_slider elementor-column elementor-col-50 elementor-top-column elementor-element elementor-element-2d07f00\" data-id=\"2d07f00\" data-element_type=\"column\">\n\t\t\t<div class=\"elementor-widget-wrap elementor-element-populated\">\n\t\t\t\t\t\t<div class=\"elementor-element elementor-element-5621868 elementor-widget elementor-widget-spacer\" data-id=\"5621868\" data-element_type=\"widget\" data-widget_type=\"spacer.default\">\n\t\t\t\t<div class=\"elementor-widget-container\">\n\t\t\t\t\t<div class=\"elementor-spacer\">\n\t\t\t<div class=\"elementor-spacer-inner\"><\/div>\n\t\t<\/div>\n\t\t\t\t<\/div>\n\t\t\t\t<\/div>\n\t\t\t\t<div class=\"elementor-element elementor-element-6acd0d9 elementor-widget elementor-widget-heading\" data-id=\"6acd0d9\" data-element_type=\"widget\" data-widget_type=\"heading.default\">\n\t\t\t\t<div class=\"elementor-widget-container\">\n\t\t\t<h3 class=\"elementor-heading-title elementor-size-default\">Familia CNC<\/h3>\t\t<\/div>\n\t\t\t\t<\/div>\n\t\t\t\t<div class=\"elementor-element elementor-element-263bd8c elementor-widget elementor-widget-text-editor\" data-id=\"263bd8c\" data-element_type=\"widget\" data-widget_type=\"text-editor.default\">\n\t\t\t\t<div class=\"elementor-widget-container\">\n\t\t\t\t\t\t\t<p><strong>\u00a1Somos un gran equipo!<\/strong><br \/>\n<strong>Nosotros\u2026<\/strong><\/p>\n<ul>\n<li>promovemos a los empleados a trav\u00e9s de una formaci\u00f3n constante<\/li>\n<li>ofrecemos un programa especial de deporte &amp; prevenci\u00f3n de la salud en nuestras salas de entrenamiento de nuevo dise\u00f1o: Saltos y ejercicios de espalda<\/li>\n<li>dispone de modernas instalaciones para desconectar y sentirse bien<\/li>\n<li>tiene eventos regulares para el personal y mucha diversi\u00f3n en conjunto.<\/li>\n<\/ul>\n\t\t\t\t\t\t<\/div>\n\t\t\t\t<\/div>\n\t\t\t\t\t<\/div>\n\t\t<\/div>\n\t\t\t\t<div class=\"has_eae_slider elementor-column elementor-col-50 elementor-top-column elementor-element elementor-element-6bf23ed\" data-id=\"6bf23ed\" data-element_type=\"column\">\n\t\t\t<div class=\"elementor-widget-wrap\">\n\t\t\t\t\t\t\t<\/div>\n\t\t<\/div>\n\t\t\t\t\t<\/div>\n\t\t<\/section>\n\t\t\t\t<section class=\"has_eae_slider elementor-section elementor-top-section elementor-element elementor-element-bd2109b elementor-section-boxed elementor-section-height-default elementor-section-height-default\" data-id=\"bd2109b\" data-element_type=\"section\" data-settings=\"{&quot;background_background&quot;:&quot;classic&quot;}\">\n\t\t\t\t\t\t<div class=\"elementor-container elementor-column-gap-default\">\n\t\t\t\t\t<div class=\"has_eae_slider elementor-column elementor-col-50 elementor-top-column elementor-element elementor-element-7a414de9\" data-id=\"7a414de9\" data-element_type=\"column\" data-settings=\"{&quot;background_background&quot;:&quot;classic&quot;}\">\n\t\t\t<div class=\"elementor-widget-wrap elementor-element-populated\">\n\t\t\t\t\t\t<div class=\"elementor-element elementor-element-334b3aa elementor-widget elementor-widget-image\" data-id=\"334b3aa\" data-element_type=\"widget\" data-widget_type=\"image.default\">\n\t\t\t\t<div class=\"elementor-widget-container\">\n\t\t\t\t\t\t\t\t\t\t\t\t\t<img decoding=\"async\" data-src=\"https:\/\/apply.cnc-cosmetic.de\/wp-content\/uploads\/2021\/04\/Help-for-Children-Logo-1.png\" title=\"Help for Children Logo\" alt=\"Help for Children Logo\" loading=\"lazy\" src=\"data:image\/gif;base64,R0lGODlhAQABAAAAACH5BAEKAAEALAAAAAABAAEAAAICTAEAOw==\" class=\"lazyload\" \/><noscript><img decoding=\"async\" src=\"https:\/\/apply.cnc-cosmetic.de\/wp-content\/uploads\/2021\/04\/Help-for-Children-Logo-1.png\" title=\"Help for Children Logo\" alt=\"Help for Children Logo\" loading=\"lazy\" \/><\/noscript>\t\t\t\t\t\t\t\t\t\t\t\t\t<\/div>\n\t\t\t\t<\/div>\n\t\t\t\t\t<\/div>\n\t\t<\/div>\n\t\t\t\t<div class=\"has_eae_slider elementor-column elementor-col-50 elementor-top-column elementor-element elementor-element-596c665\" data-id=\"596c665\" data-element_type=\"column\">\n\t\t\t<div class=\"elementor-widget-wrap elementor-element-populated\">\n\t\t\t\t\t\t<div class=\"elementor-element elementor-element-6b66257 elementor-widget elementor-widget-spacer\" data-id=\"6b66257\" data-element_type=\"widget\" data-widget_type=\"spacer.default\">\n\t\t\t\t<div class=\"elementor-widget-container\">\n\t\t\t\t\t<div class=\"elementor-spacer\">\n\t\t\t<div class=\"elementor-spacer-inner\"><\/div>\n\t\t<\/div>\n\t\t\t\t<\/div>\n\t\t\t\t<\/div>\n\t\t\t\t<div class=\"elementor-element elementor-element-f2e6d55 elementor-widget elementor-widget-heading\" data-id=\"f2e6d55\" data-element_type=\"widget\" data-widget_type=\"heading.default\">\n\t\t\t\t<div class=\"elementor-widget-container\">\n\t\t\t<h3 class=\"elementor-heading-title elementor-size-default\">Apoyo a proyectos sociales en la regi\u00f3n<\/h3>\t\t<\/div>\n\t\t\t\t<\/div>\n\t\t\t\t<div class=\"elementor-element elementor-element-50cdfcb7 elementor-widget elementor-widget-text-editor\" data-id=\"50cdfcb7\" data-element_type=\"widget\" data-widget_type=\"text-editor.default\">\n\t\t\t\t<div class=\"elementor-widget-container\">\n\t\t\t\t\t\t\t<ul>\n<li>Ayuda a los ni\u00f1os \u2013 Proyecto<\/li>\n<li>Taxi infantil para el jard\u00edn de infancia de Philippsburg<\/li>\n<li>Donaciones a personas sin hogar<\/li>\n<\/ul>\n\t\t\t\t\t\t<\/div>\n\t\t\t\t<\/div>\n\t\t\t\t\t<\/div>\n\t\t<\/div>\n\t\t\t\t\t<\/div>\n\t\t<\/section>\n\t\t\t\t<section class=\"has_eae_slider elementor-section elementor-top-section elementor-element elementor-element-7bbbcd21 elementor-section-boxed elementor-section-height-default elementor-section-height-default\" data-id=\"7bbbcd21\" data-element_type=\"section\" data-settings=\"{&quot;background_background&quot;:&quot;classic&quot;}\">\n\t\t\t\t\t\t\t<div class=\"elementor-background-overlay\"><\/div>\n\t\t\t\t\t\t\t<div class=\"elementor-container elementor-column-gap-default\">\n\t\t\t\t\t<div class=\"has_eae_slider elementor-column elementor-col-50 elementor-top-column elementor-element elementor-element-b2992e0\" data-id=\"b2992e0\" data-element_type=\"column\">\n\t\t\t<div class=\"elementor-widget-wrap elementor-element-populated\">\n\t\t\t\t\t\t<div class=\"elementor-element elementor-element-bb32023 elementor-widget elementor-widget-spacer\" data-id=\"bb32023\" data-element_type=\"widget\" data-widget_type=\"spacer.default\">\n\t\t\t\t<div class=\"elementor-widget-container\">\n\t\t\t\t\t<div class=\"elementor-spacer\">\n\t\t\t<div class=\"elementor-spacer-inner\"><\/div>\n\t\t<\/div>\n\t\t\t\t<\/div>\n\t\t\t\t<\/div>\n\t\t\t\t<div class=\"elementor-element elementor-element-7127d0a6 elementor-widget elementor-widget-heading\" data-id=\"7127d0a6\" data-element_type=\"widget\" data-widget_type=\"heading.default\">\n\t\t\t\t<div class=\"elementor-widget-container\">\n\t\t\t<h3 class=\"elementor-heading-title elementor-size-default\">NOS apoyamos mutuamente<\/h3>\t\t<\/div>\n\t\t\t\t<\/div>\n\t\t\t\t<div class=\"elementor-element elementor-element-1abc436f elementor-widget elementor-widget-text-editor\" data-id=\"1abc436f\" data-element_type=\"widget\" data-widget_type=\"text-editor.default\">\n\t\t\t\t<div class=\"elementor-widget-container\">\n\t\t\t\t\t\t\t<p>No nos vemos como un proveedor, sino como un socio fiable. El intercambio con nuestros clientes es enormemente importante para nosotros y lo damos todo para que nuestros clientes puedan ofrecer el mejor asesoramiento posible, productos de alta calidad y seguros y, por tanto, excelentes m\u00e9todos de tratamiento.<\/p>\n<p>Esto tambi\u00e9n incluye facilitar diversos procesos en el trabajo diario de nuestros clientes. Adem\u00e1s de la digitalizaci\u00f3n interna, tambi\u00e9n queremos impulsar la digitalizaci\u00f3n para nuestros clientes. Para ello, ofrecemos servicios especiales:<\/p>\n<ul>\n<li>Conceptos de medios sociales<\/li>\n<li>Cooperaci\u00f3n con la tienda online CNC direct<\/li>\n<li>Im\u00e1genes para p\u00e1ginas de inicio<\/li>\n<li>Formaci\u00f3n online<\/li>\n<li>\u00c1reas de descarga en la tienda<\/li>\n<\/ul>\n\t\t\t\t\t\t<\/div>\n\t\t\t\t<\/div>\n\t\t\t\t\t<\/div>\n\t\t<\/div>\n\t\t\t\t<div class=\"has_eae_slider elementor-column elementor-col-50 elementor-top-column elementor-element elementor-element-42edfc34\" data-id=\"42edfc34\" data-element_type=\"column\">\n\t\t\t<div class=\"elementor-widget-wrap elementor-element-populated\">\n\t\t\t\t\t\t<div class=\"elementor-element elementor-element-bdde69c elementor-widget elementor-widget-image\" data-id=\"bdde69c\" data-element_type=\"widget\" data-widget_type=\"image.default\">\n\t\t\t\t<div class=\"elementor-widget-container\">\n\t\t\t\t\t\t\t\t\t\t\t\t\t<img fetchpriority=\"high\" decoding=\"async\" width=\"750\" height=\"583\" src=\"https:\/\/apply.cnc-cosmetic.de\/wp-content\/uploads\/2021\/05\/digital_01-2.jpg\" class=\"attachment-large size-large wp-image-6600\" alt=\"\" srcset=\"https:\/\/apply.cnc-cosmetic.de\/wp-content\/uploads\/2021\/05\/digital_01-2.jpg 750w, https:\/\/apply.cnc-cosmetic.de\/wp-content\/uploads\/2021\/05\/digital_01-2-300x233.jpg 300w\" sizes=\"(max-width: 750px) 100vw, 750px\" \/>\t\t\t\t\t\t\t\t\t\t\t\t\t<\/div>\n\t\t\t\t<\/div>\n\t\t\t\t\t<\/div>\n\t\t<\/div>\n\t\t\t\t\t<\/div>\n\t\t<\/section>\n\t\t\t\t<section class=\"has_eae_slider elementor-section elementor-top-section elementor-element elementor-element-c36e932 elementor-section-boxed elementor-section-height-default elementor-section-height-default\" data-id=\"c36e932\" data-element_type=\"section\">\n\t\t\t\t\t\t<div class=\"elementor-container elementor-column-gap-default\">\n\t\t\t\t\t<div class=\"has_eae_slider elementor-column elementor-col-100 elementor-top-column elementor-element elementor-element-e48d271\" data-id=\"e48d271\" data-element_type=\"column\">\n\t\t\t<div class=\"elementor-widget-wrap elementor-element-populated\">\n\t\t\t\t\t\t<div class=\"elementor-element elementor-element-93f9020 elementor-widget elementor-widget-spacer\" data-id=\"93f9020\" data-element_type=\"widget\" data-widget_type=\"spacer.default\">\n\t\t\t\t<div class=\"elementor-widget-container\">\n\t\t\t\t\t<div class=\"elementor-spacer\">\n\t\t\t<div class=\"elementor-spacer-inner\"><\/div>\n\t\t<\/div>\n\t\t\t\t<\/div>\n\t\t\t\t<\/div>\n\t\t\t\t\t<\/div>\n\t\t<\/div>\n\t\t\t\t\t<\/div>\n\t\t<\/section>\n\t\t\t\t<\/div>\n\t\t","protected":false},"excerpt":{"rendered":"<p>Hola, mundo. En el CNC ayudamos a dar forma al mundo. Familia CNC \u00a1Somos un gran equipo! Nosotros\u2026 promovemos a los empleados a trav\u00e9s de una formaci\u00f3n constante ofrecemos un programa especial de deporte &amp; prevenci\u00f3n de la salud en nuestras salas de entrenamiento de nuevo dise\u00f1o: Saltos y ejercicios de espalda dispone de modernas [&hellip;]<\/p>\n","protected":false},"author":4,"featured_media":0,"parent":12341,"menu_order":2,"comment_status":"closed","ping_status":"closed","template":"page-sub.php","meta":{"footnotes":""},"class_list":["post-12376","page","type-page","status-publish","hentry"],"acf":[],"yoast_head":"<!-- This site is optimized with the Yoast SEO plugin v22.0 - https:\/\/yoast.com\/wordpress\/plugins\/seo\/ -->\n<title>CNC y Responsabilidad Social - CNC<\/title>\n<meta name=\"robots\" content=\"noindex, follow, max-snippet:-1, max-image-preview:large, max-video-preview:-1\" \/>\n<meta property=\"og:locale\" content=\"es_ES\" \/>\n<meta property=\"og:type\" content=\"article\" \/>\n<meta property=\"og:title\" content=\"CNC y Responsabilidad Social - CNC\" \/>\n<meta property=\"og:description\" content=\"Hola, mundo. En el CNC ayudamos a dar forma al mundo. Familia CNC \u00a1Somos un gran equipo! Nosotros\u2026 promovemos a los empleados a trav\u00e9s de una formaci\u00f3n constante ofrecemos un programa especial de deporte &amp; prevenci\u00f3n de la salud en nuestras salas de entrenamiento de nuevo dise\u00f1o: Saltos y ejercicios de espalda dispone de modernas [&hellip;]\" \/>\n<meta property=\"og:url\" content=\"https:\/\/apply.cnc-cosmetic.de\/es\/pagina-web\/sobre-nosotros\/cnc-y-responsabilidad-social\/\" \/>\n<meta property=\"og:site_name\" content=\"CNC\" \/>\n<meta property=\"article:modified_time\" content=\"2021-10-18T14:01:37+00:00\" \/>\n<meta property=\"og:image\" content=\"https:\/\/apply.cnc-cosmetic.de\/wp-content\/uploads\/elementor\/thumbs\/Help-for-Children-Logo-1-p5kdpmhkkrcpr2ofki7l6d2iibdhwe2ryjfevsvq5y.png\" \/>\n<meta name=\"twitter:card\" content=\"summary_large_image\" \/>\n<meta name=\"twitter:label1\" content=\"Tiempo de lectura\" \/>\n\t<meta name=\"twitter:data1\" content=\"1 minuto\" \/>\n<script type=\"application\/ld+json\" class=\"yoast-schema-graph\">{\"@context\":\"https:\/\/schema.org\",\"@graph\":[{\"@type\":\"WebPage\",\"@id\":\"https:\/\/apply.cnc-cosmetic.de\/es\/pagina-web\/sobre-nosotros\/cnc-y-responsabilidad-social\/\",\"url\":\"https:\/\/apply.cnc-cosmetic.de\/es\/pagina-web\/sobre-nosotros\/cnc-y-responsabilidad-social\/\",\"name\":\"CNC y Responsabilidad Social - CNC\",\"isPartOf\":{\"@id\":\"https:\/\/apply.cnc-cosmetic.de\/#website\"},\"datePublished\":\"2021-10-18T14:01:35+00:00\",\"dateModified\":\"2021-10-18T14:01:37+00:00\",\"breadcrumb\":{\"@id\":\"https:\/\/apply.cnc-cosmetic.de\/es\/pagina-web\/sobre-nosotros\/cnc-y-responsabilidad-social\/#breadcrumb\"},\"inLanguage\":\"es\",\"potentialAction\":[{\"@type\":\"ReadAction\",\"target\":[\"https:\/\/apply.cnc-cosmetic.de\/es\/pagina-web\/sobre-nosotros\/cnc-y-responsabilidad-social\/\"]}]},{\"@type\":\"BreadcrumbList\",\"@id\":\"https:\/\/apply.cnc-cosmetic.de\/es\/pagina-web\/sobre-nosotros\/cnc-y-responsabilidad-social\/#breadcrumb\",\"itemListElement\":[{\"@type\":\"ListItem\",\"position\":1,\"name\":\"Startseite\",\"item\":\"https:\/\/apply.cnc-cosmetic.de\/\"},{\"@type\":\"ListItem\",\"position\":2,\"name\":\"Hogar\",\"item\":\"https:\/\/apply.cnc-cosmetic.de\/es\/\"},{\"@type\":\"ListItem\",\"position\":3,\"name\":\"Sobre nosotros\",\"item\":\"https:\/\/apply.cnc-cosmetic.de\/es\/pagina-web\/sobre-nosotros\/\"},{\"@type\":\"ListItem\",\"position\":4,\"name\":\"CNC y Responsabilidad Social\"}]},{\"@type\":\"WebSite\",\"@id\":\"https:\/\/apply.cnc-cosmetic.de\/#website\",\"url\":\"https:\/\/apply.cnc-cosmetic.de\/\",\"name\":\"CNC\",\"description\":\"Eine weitere WordPress-Website\",\"publisher\":{\"@id\":\"https:\/\/apply.cnc-cosmetic.de\/#organization\"},\"potentialAction\":[{\"@type\":\"SearchAction\",\"target\":{\"@type\":\"EntryPoint\",\"urlTemplate\":\"https:\/\/apply.cnc-cosmetic.de\/?s={search_term_string}\"},\"query-input\":\"required name=search_term_string\"}],\"inLanguage\":\"es\"},{\"@type\":\"Organization\",\"@id\":\"https:\/\/apply.cnc-cosmetic.de\/#organization\",\"name\":\"CNC\",\"url\":\"https:\/\/apply.cnc-cosmetic.de\/\",\"logo\":{\"@type\":\"ImageObject\",\"inLanguage\":\"es\",\"@id\":\"https:\/\/apply.cnc-cosmetic.de\/#\/schema\/logo\/image\/\",\"url\":\"https:\/\/apply.cnc-cosmetic.de\/wp-content\/uploads\/2020\/10\/Logo_CNC_4c_bc.png\",\"contentUrl\":\"https:\/\/apply.cnc-cosmetic.de\/wp-content\/uploads\/2020\/10\/Logo_CNC_4c_bc.png\",\"width\":500,\"height\":341,\"caption\":\"CNC\"},\"image\":{\"@id\":\"https:\/\/apply.cnc-cosmetic.de\/#\/schema\/logo\/image\/\"}}]}<\/script>\n<!-- \/ Yoast SEO plugin. -->","yoast_head_json":{"title":"CNC y Responsabilidad Social - CNC","robots":{"index":"noindex","follow":"follow","max-snippet":"max-snippet:-1","max-image-preview":"max-image-preview:large","max-video-preview":"max-video-preview:-1"},"og_locale":"es_ES","og_type":"article","og_title":"CNC y Responsabilidad Social - CNC","og_description":"Hola, mundo. En el CNC ayudamos a dar forma al mundo. Familia CNC \u00a1Somos un gran equipo! Nosotros\u2026 promovemos a los empleados a trav\u00e9s de una formaci\u00f3n constante ofrecemos un programa especial de deporte &amp; prevenci\u00f3n de la salud en nuestras salas de entrenamiento de nuevo dise\u00f1o: Saltos y ejercicios de espalda dispone de modernas [&hellip;]","og_url":"https:\/\/apply.cnc-cosmetic.de\/es\/pagina-web\/sobre-nosotros\/cnc-y-responsabilidad-social\/","og_site_name":"CNC","article_modified_time":"2021-10-18T14:01:37+00:00","og_image":[{"url":"https:\/\/apply.cnc-cosmetic.de\/wp-content\/uploads\/elementor\/thumbs\/Help-for-Children-Logo-1-p5kdpmhkkrcpr2ofki7l6d2iibdhwe2ryjfevsvq5y.png"}],"twitter_card":"summary_large_image","twitter_misc":{"Tiempo de lectura":"1 minuto"},"schema":{"@context":"https:\/\/schema.org","@graph":[{"@type":"WebPage","@id":"https:\/\/apply.cnc-cosmetic.de\/es\/pagina-web\/sobre-nosotros\/cnc-y-responsabilidad-social\/","url":"https:\/\/apply.cnc-cosmetic.de\/es\/pagina-web\/sobre-nosotros\/cnc-y-responsabilidad-social\/","name":"CNC y Responsabilidad Social - CNC","isPartOf":{"@id":"https:\/\/apply.cnc-cosmetic.de\/#website"},"datePublished":"2021-10-18T14:01:35+00:00","dateModified":"2021-10-18T14:01:37+00:00","breadcrumb":{"@id":"https:\/\/apply.cnc-cosmetic.de\/es\/pagina-web\/sobre-nosotros\/cnc-y-responsabilidad-social\/#breadcrumb"},"inLanguage":"es","potentialAction":[{"@type":"ReadAction","target":["https:\/\/apply.cnc-cosmetic.de\/es\/pagina-web\/sobre-nosotros\/cnc-y-responsabilidad-social\/"]}]},{"@type":"BreadcrumbList","@id":"https:\/\/apply.cnc-cosmetic.de\/es\/pagina-web\/sobre-nosotros\/cnc-y-responsabilidad-social\/#breadcrumb","itemListElement":[{"@type":"ListItem","position":1,"name":"Startseite","item":"https:\/\/apply.cnc-cosmetic.de\/"},{"@type":"ListItem","position":2,"name":"Hogar","item":"https:\/\/apply.cnc-cosmetic.de\/es\/"},{"@type":"ListItem","position":3,"name":"Sobre nosotros","item":"https:\/\/apply.cnc-cosmetic.de\/es\/pagina-web\/sobre-nosotros\/"},{"@type":"ListItem","position":4,"name":"CNC y Responsabilidad Social"}]},{"@type":"WebSite","@id":"https:\/\/apply.cnc-cosmetic.de\/#website","url":"https:\/\/apply.cnc-cosmetic.de\/","name":"CNC","description":"Eine weitere WordPress-Website","publisher":{"@id":"https:\/\/apply.cnc-cosmetic.de\/#organization"},"potentialAction":[{"@type":"SearchAction","target":{"@type":"EntryPoint","urlTemplate":"https:\/\/apply.cnc-cosmetic.de\/?s={search_term_string}"},"query-input":"required name=search_term_string"}],"inLanguage":"es"},{"@type":"Organization","@id":"https:\/\/apply.cnc-cosmetic.de\/#organization","name":"CNC","url":"https:\/\/apply.cnc-cosmetic.de\/","logo":{"@type":"ImageObject","inLanguage":"es","@id":"https:\/\/apply.cnc-cosmetic.de\/#\/schema\/logo\/image\/","url":"https:\/\/apply.cnc-cosmetic.de\/wp-content\/uploads\/2020\/10\/Logo_CNC_4c_bc.png","contentUrl":"https:\/\/apply.cnc-cosmetic.de\/wp-content\/uploads\/2020\/10\/Logo_CNC_4c_bc.png","width":500,"height":341,"caption":"CNC"},"image":{"@id":"https:\/\/apply.cnc-cosmetic.de\/#\/schema\/logo\/image\/"}}]}},"_links":{"self":[{"href":"https:\/\/apply.cnc-cosmetic.de\/es\/wp-json\/wp\/v2\/pages\/12376","targetHints":{"allow":["GET"]}}],"collection":[{"href":"https:\/\/apply.cnc-cosmetic.de\/es\/wp-json\/wp\/v2\/pages"}],"about":[{"href":"https:\/\/apply.cnc-cosmetic.de\/es\/wp-json\/wp\/v2\/types\/page"}],"author":[{"embeddable":true,"href":"https:\/\/apply.cnc-cosmetic.de\/es\/wp-json\/wp\/v2\/users\/4"}],"replies":[{"embeddable":true,"href":"https:\/\/apply.cnc-cosmetic.de\/es\/wp-json\/wp\/v2\/comments?post=12376"}],"version-history":[{"count":0,"href":"https:\/\/apply.cnc-cosmetic.de\/es\/wp-json\/wp\/v2\/pages\/12376\/revisions"}],"up":[{"embeddable":true,"href":"https:\/\/apply.cnc-cosmetic.de\/es\/wp-json\/wp\/v2\/pages\/12341"}],"wp:attachment":[{"href":"https:\/\/apply.cnc-cosmetic.de\/es\/wp-json\/wp\/v2\/media?parent=12376"}],"curies":[{"name":"wp","href":"https:\/\/api.w.org\/{rel}","templated":true}]}}