{"id":11983,"date":"2021-10-18T13:58:06","date_gmt":"2021-10-18T11:58:06","guid":{"rendered":"https:\/\/apply.cnc-cosmetic.de\/produits\/aesthetic-pharm\/"},"modified":"2021-10-18T13:58:06","modified_gmt":"2021-10-18T11:58:06","slug":"aesthetic-pharm","status":"publish","type":"page","link":"https:\/\/apply.cnc-cosmetic.de\/fr\/produits\/aesthetic-pharm\/","title":{"rendered":"aesthetic pharm +"},"content":{"rendered":"\t\t<div data-elementor-type=\"wp-page\" data-elementor-id=\"11983\" class=\"elementor elementor-11983\" data-elementor-post-type=\"page\">\n\t\t\t\t\t\t<section class=\"has_eae_slider elementor-section elementor-top-section elementor-element elementor-element-7193bd0b elementor-section-boxed elementor-section-height-default elementor-section-height-default\" data-id=\"7193bd0b\" data-element_type=\"section\" data-settings=\"{&quot;background_background&quot;:&quot;classic&quot;}\">\n\t\t\t\t\t\t<div class=\"elementor-container elementor-column-gap-default\">\n\t\t\t\t\t<div class=\"has_eae_slider elementor-column elementor-col-50 elementor-top-column elementor-element elementor-element-60a2fda1\" data-id=\"60a2fda1\" data-element_type=\"column\">\n\t\t\t<div class=\"elementor-widget-wrap elementor-element-populated\">\n\t\t\t\t\t\t<div class=\"elementor-element elementor-element-0d668ae elementor-widget elementor-widget-text-editor\" data-id=\"0d668ae\" data-element_type=\"widget\" data-widget_type=\"text-editor.default\">\n\t\t\t\t<div class=\"elementor-widget-container\">\n\t\t\t\t\t\t\t<p>La pharmacie esth\u00e9tique est le soin individuel de la peau pour chaque situation cutan\u00e9e. Avec la nouvelle ligne de concentr\u00e9s aux principes actifs hautement dos\u00e9s, vous avez la possibilit\u00e9 d\u2019exploiter tout le potentiel. Les concentr\u00e9s peuvent \u00eatre m\u00e9lang\u00e9s entre eux (efficacit\u00e9 prouv\u00e9e par des \u00e9tudes). Concentr\u00e9 personnel individuel pour chaque client + chaque situation de peau. D\u2019innombrables combinaisons sont possibles. Des cr\u00e8mes de soin sp\u00e9ciales et des masques compl\u00e8tent les soins. Participez \u00e0 notre s\u00e9minaire de pharmacie esth\u00e9tique d\u2019une journ\u00e9e enti\u00e8re et obtenez la qualification de sp\u00e9cialiste en soins de la peau de la pharmacie esth\u00e9tique.<\/p>\n\t\t\t\t\t\t<\/div>\n\t\t\t\t<\/div>\n\t\t\t\t\t<\/div>\n\t\t<\/div>\n\t\t\t\t<div class=\"has_eae_slider elementor-column elementor-col-50 elementor-top-column elementor-element elementor-element-6dd5ead8\" data-id=\"6dd5ead8\" data-element_type=\"column\">\n\t\t\t<div class=\"elementor-widget-wrap elementor-element-populated\">\n\t\t\t\t\t\t<div class=\"elementor-element elementor-element-4fa5943c elementor-widget elementor-widget-text-editor\" data-id=\"4fa5943c\" data-element_type=\"widget\" data-widget_type=\"text-editor.default\">\n\t\t\t\t<div class=\"elementor-widget-container\">\n\t\t\t\t\t\t\t<p>Les th\u00e8mes:<br \/>\n\u2013 La peau \u00e0 travers les \u00e2ges<br \/>\n\u2013 Les principes actifs et leurs modes d\u2019action<br \/>\n\u2013 La cr\u00e9ation de combinaisons individuelles de principes actifs<br \/>\n\u2013 La proc\u00e9dure de traitement (y compris l\u2019utilisation de l\u2019\u00e9quipement)<\/p>\n<p>\u2013 Le traitement de la peau. Les th\u00e8mes abord\u00e9s comprennent :<br \/>\n\u2013 la peau \u00e0 travers les \u00e2ges<br \/>\n\u2013 les principes actifs et leurs modes d\u2019action<br \/>\n\u2013 la cr\u00e9ation de combinaisons individuelles de principes actifs<br \/>\n\u2013 les proc\u00e9dures de traitement (y compris l\u2019utilisation des \u00e9quipements).<\/p>\n\t\t\t\t\t\t<\/div>\n\t\t\t\t<\/div>\n\t\t\t\t\t<\/div>\n\t\t<\/div>\n\t\t\t\t\t<\/div>\n\t\t<\/section>\n\t\t\t\t<\/div>\n\t\t","protected":false},"excerpt":{"rendered":"<p>La pharmacie esth\u00e9tique est le soin individuel de la peau pour chaque situation cutan\u00e9e. Avec la nouvelle ligne de concentr\u00e9s aux principes actifs hautement dos\u00e9s, vous avez la possibilit\u00e9 d\u2019exploiter tout le potentiel. Les concentr\u00e9s peuvent \u00eatre m\u00e9lang\u00e9s entre eux (efficacit\u00e9 prouv\u00e9e par des \u00e9tudes). Concentr\u00e9 personnel individuel pour chaque client + chaque situation de [&hellip;]<\/p>\n","protected":false},"author":9,"featured_media":0,"parent":11977,"menu_order":0,"comment_status":"closed","ping_status":"closed","template":"page-sub.php","meta":{"footnotes":""},"class_list":["post-11983","page","type-page","status-publish","hentry"],"acf":[],"yoast_head":"<!-- This site is optimized with the Yoast SEO plugin v22.0 - https:\/\/yoast.com\/wordpress\/plugins\/seo\/ -->\n<title>aesthetic pharm + - CNC<\/title>\n<meta name=\"robots\" content=\"noindex, follow, max-snippet:-1, max-image-preview:large, max-video-preview:-1\" \/>\n<meta property=\"og:locale\" content=\"fr_FR\" \/>\n<meta property=\"og:type\" content=\"article\" \/>\n<meta property=\"og:title\" content=\"aesthetic pharm + - CNC\" \/>\n<meta property=\"og:description\" content=\"La pharmacie esth\u00e9tique est le soin individuel de la peau pour chaque situation cutan\u00e9e. Avec la nouvelle ligne de concentr\u00e9s aux principes actifs hautement dos\u00e9s, vous avez la possibilit\u00e9 d\u2019exploiter tout le potentiel. Les concentr\u00e9s peuvent \u00eatre m\u00e9lang\u00e9s entre eux (efficacit\u00e9 prouv\u00e9e par des \u00e9tudes). Concentr\u00e9 personnel individuel pour chaque client + chaque situation de [&hellip;]\" \/>\n<meta property=\"og:url\" content=\"https:\/\/apply.cnc-cosmetic.de\/fr\/produits\/aesthetic-pharm\/\" \/>\n<meta property=\"og:site_name\" content=\"CNC\" \/>\n<meta name=\"twitter:card\" content=\"summary_large_image\" \/>\n<meta name=\"twitter:label1\" content=\"Dur\u00e9e de lecture estim\u00e9e\" \/>\n\t<meta name=\"twitter:data1\" content=\"1 minute\" \/>\n<script type=\"application\/ld+json\" class=\"yoast-schema-graph\">{\"@context\":\"https:\/\/schema.org\",\"@graph\":[{\"@type\":\"WebPage\",\"@id\":\"https:\/\/apply.cnc-cosmetic.de\/fr\/produits\/aesthetic-pharm\/\",\"url\":\"https:\/\/apply.cnc-cosmetic.de\/fr\/produits\/aesthetic-pharm\/\",\"name\":\"aesthetic pharm + - CNC\",\"isPartOf\":{\"@id\":\"https:\/\/apply.cnc-cosmetic.de\/#website\"},\"datePublished\":\"2021-10-18T11:58:06+00:00\",\"dateModified\":\"2021-10-18T11:58:06+00:00\",\"breadcrumb\":{\"@id\":\"https:\/\/apply.cnc-cosmetic.de\/fr\/produits\/aesthetic-pharm\/#breadcrumb\"},\"inLanguage\":\"fr-FR\",\"potentialAction\":[{\"@type\":\"ReadAction\",\"target\":[\"https:\/\/apply.cnc-cosmetic.de\/fr\/produits\/aesthetic-pharm\/\"]}]},{\"@type\":\"BreadcrumbList\",\"@id\":\"https:\/\/apply.cnc-cosmetic.de\/fr\/produits\/aesthetic-pharm\/#breadcrumb\",\"itemListElement\":[{\"@type\":\"ListItem\",\"position\":1,\"name\":\"Startseite\",\"item\":\"https:\/\/apply.cnc-cosmetic.de\/\"},{\"@type\":\"ListItem\",\"position\":2,\"name\":\"Produits\",\"item\":\"https:\/\/apply.cnc-cosmetic.de\/fr\/produits\/\"},{\"@type\":\"ListItem\",\"position\":3,\"name\":\"aesthetic pharm +\"}]},{\"@type\":\"WebSite\",\"@id\":\"https:\/\/apply.cnc-cosmetic.de\/#website\",\"url\":\"https:\/\/apply.cnc-cosmetic.de\/\",\"name\":\"CNC\",\"description\":\"Eine weitere WordPress-Website\",\"publisher\":{\"@id\":\"https:\/\/apply.cnc-cosmetic.de\/#organization\"},\"potentialAction\":[{\"@type\":\"SearchAction\",\"target\":{\"@type\":\"EntryPoint\",\"urlTemplate\":\"https:\/\/apply.cnc-cosmetic.de\/?s={search_term_string}\"},\"query-input\":\"required name=search_term_string\"}],\"inLanguage\":\"fr-FR\"},{\"@type\":\"Organization\",\"@id\":\"https:\/\/apply.cnc-cosmetic.de\/#organization\",\"name\":\"CNC\",\"url\":\"https:\/\/apply.cnc-cosmetic.de\/\",\"logo\":{\"@type\":\"ImageObject\",\"inLanguage\":\"fr-FR\",\"@id\":\"https:\/\/apply.cnc-cosmetic.de\/#\/schema\/logo\/image\/\",\"url\":\"https:\/\/apply.cnc-cosmetic.de\/wp-content\/uploads\/2020\/10\/Logo_CNC_4c_bc.png\",\"contentUrl\":\"https:\/\/apply.cnc-cosmetic.de\/wp-content\/uploads\/2020\/10\/Logo_CNC_4c_bc.png\",\"width\":500,\"height\":341,\"caption\":\"CNC\"},\"image\":{\"@id\":\"https:\/\/apply.cnc-cosmetic.de\/#\/schema\/logo\/image\/\"}}]}<\/script>\n<!-- \/ Yoast SEO plugin. -->","yoast_head_json":{"title":"aesthetic pharm + - CNC","robots":{"index":"noindex","follow":"follow","max-snippet":"max-snippet:-1","max-image-preview":"max-image-preview:large","max-video-preview":"max-video-preview:-1"},"og_locale":"fr_FR","og_type":"article","og_title":"aesthetic pharm + - CNC","og_description":"La pharmacie esth\u00e9tique est le soin individuel de la peau pour chaque situation cutan\u00e9e. Avec la nouvelle ligne de concentr\u00e9s aux principes actifs hautement dos\u00e9s, vous avez la possibilit\u00e9 d\u2019exploiter tout le potentiel. Les concentr\u00e9s peuvent \u00eatre m\u00e9lang\u00e9s entre eux (efficacit\u00e9 prouv\u00e9e par des \u00e9tudes). Concentr\u00e9 personnel individuel pour chaque client + chaque situation de [&hellip;]","og_url":"https:\/\/apply.cnc-cosmetic.de\/fr\/produits\/aesthetic-pharm\/","og_site_name":"CNC","twitter_card":"summary_large_image","twitter_misc":{"Dur\u00e9e de lecture estim\u00e9e":"1 minute"},"schema":{"@context":"https:\/\/schema.org","@graph":[{"@type":"WebPage","@id":"https:\/\/apply.cnc-cosmetic.de\/fr\/produits\/aesthetic-pharm\/","url":"https:\/\/apply.cnc-cosmetic.de\/fr\/produits\/aesthetic-pharm\/","name":"aesthetic pharm + - CNC","isPartOf":{"@id":"https:\/\/apply.cnc-cosmetic.de\/#website"},"datePublished":"2021-10-18T11:58:06+00:00","dateModified":"2021-10-18T11:58:06+00:00","breadcrumb":{"@id":"https:\/\/apply.cnc-cosmetic.de\/fr\/produits\/aesthetic-pharm\/#breadcrumb"},"inLanguage":"fr-FR","potentialAction":[{"@type":"ReadAction","target":["https:\/\/apply.cnc-cosmetic.de\/fr\/produits\/aesthetic-pharm\/"]}]},{"@type":"BreadcrumbList","@id":"https:\/\/apply.cnc-cosmetic.de\/fr\/produits\/aesthetic-pharm\/#breadcrumb","itemListElement":[{"@type":"ListItem","position":1,"name":"Startseite","item":"https:\/\/apply.cnc-cosmetic.de\/"},{"@type":"ListItem","position":2,"name":"Produits","item":"https:\/\/apply.cnc-cosmetic.de\/fr\/produits\/"},{"@type":"ListItem","position":3,"name":"aesthetic pharm +"}]},{"@type":"WebSite","@id":"https:\/\/apply.cnc-cosmetic.de\/#website","url":"https:\/\/apply.cnc-cosmetic.de\/","name":"CNC","description":"Eine weitere WordPress-Website","publisher":{"@id":"https:\/\/apply.cnc-cosmetic.de\/#organization"},"potentialAction":[{"@type":"SearchAction","target":{"@type":"EntryPoint","urlTemplate":"https:\/\/apply.cnc-cosmetic.de\/?s={search_term_string}"},"query-input":"required name=search_term_string"}],"inLanguage":"fr-FR"},{"@type":"Organization","@id":"https:\/\/apply.cnc-cosmetic.de\/#organization","name":"CNC","url":"https:\/\/apply.cnc-cosmetic.de\/","logo":{"@type":"ImageObject","inLanguage":"fr-FR","@id":"https:\/\/apply.cnc-cosmetic.de\/#\/schema\/logo\/image\/","url":"https:\/\/apply.cnc-cosmetic.de\/wp-content\/uploads\/2020\/10\/Logo_CNC_4c_bc.png","contentUrl":"https:\/\/apply.cnc-cosmetic.de\/wp-content\/uploads\/2020\/10\/Logo_CNC_4c_bc.png","width":500,"height":341,"caption":"CNC"},"image":{"@id":"https:\/\/apply.cnc-cosmetic.de\/#\/schema\/logo\/image\/"}}]}},"_links":{"self":[{"href":"https:\/\/apply.cnc-cosmetic.de\/fr\/wp-json\/wp\/v2\/pages\/11983","targetHints":{"allow":["GET"]}}],"collection":[{"href":"https:\/\/apply.cnc-cosmetic.de\/fr\/wp-json\/wp\/v2\/pages"}],"about":[{"href":"https:\/\/apply.cnc-cosmetic.de\/fr\/wp-json\/wp\/v2\/types\/page"}],"author":[{"embeddable":true,"href":"https:\/\/apply.cnc-cosmetic.de\/fr\/wp-json\/wp\/v2\/users\/9"}],"replies":[{"embeddable":true,"href":"https:\/\/apply.cnc-cosmetic.de\/fr\/wp-json\/wp\/v2\/comments?post=11983"}],"version-history":[{"count":0,"href":"https:\/\/apply.cnc-cosmetic.de\/fr\/wp-json\/wp\/v2\/pages\/11983\/revisions"}],"up":[{"embeddable":true,"href":"https:\/\/apply.cnc-cosmetic.de\/fr\/wp-json\/wp\/v2\/pages\/11977"}],"wp:attachment":[{"href":"https:\/\/apply.cnc-cosmetic.de\/fr\/wp-json\/wp\/v2\/media?parent=11983"}],"curies":[{"name":"wp","href":"https:\/\/api.w.org\/{rel}","templated":true}]}}