{"id":12011,"date":"2021-10-18T14:36:45","date_gmt":"2021-10-18T12:36:45","guid":{"rendered":"https:\/\/apply.cnc-cosmetic.de\/a-propos-de-nous\/cnc-et-responsabilite-sociale\/"},"modified":"2021-10-18T14:37:51","modified_gmt":"2021-10-18T12:37:51","slug":"cnc-et-responsabilite-sociale","status":"publish","type":"page","link":"https:\/\/apply.cnc-cosmetic.de\/fr\/page-daccueil\/a-propos-de-nous\/cnc-et-responsabilite-sociale\/","title":{"rendered":"CNC et responsabilit\u00e9 sociale"},"content":{"rendered":"\t\t<div data-elementor-type=\"wp-page\" data-elementor-id=\"12011\" class=\"elementor elementor-12011\" data-elementor-post-type=\"page\">\n\t\t\t\t\t\t<section class=\"has_eae_slider elementor-section elementor-top-section elementor-element elementor-element-396a64eb elementor-section-boxed elementor-section-height-default elementor-section-height-default\" data-id=\"396a64eb\" data-element_type=\"section\" data-settings=\"{&quot;background_background&quot;:&quot;classic&quot;}\">\n\t\t\t\t\t\t<div class=\"elementor-container elementor-column-gap-default\">\n\t\t\t\t\t<div class=\"has_eae_slider elementor-column elementor-col-50 elementor-top-column elementor-element elementor-element-2c1e71f4\" data-id=\"2c1e71f4\" data-element_type=\"column\">\n\t\t\t<div class=\"elementor-widget-wrap elementor-element-populated\">\n\t\t\t\t\t\t<div class=\"elementor-element elementor-element-e853a7c elementor-widget elementor-widget-heading\" data-id=\"e853a7c\" data-element_type=\"widget\" data-widget_type=\"heading.default\">\n\t\t\t\t<div class=\"elementor-widget-container\">\n\t\t\t<h2 class=\"elementor-heading-title elementor-size-default\">Bonjour le monde ! <br>Nous, au CNC, nous contribuons \u00e0 fa\u00e7onner le monde.<\/h2>\t\t<\/div>\n\t\t\t\t<\/div>\n\t\t\t\t\t<\/div>\n\t\t<\/div>\n\t\t\t\t<div class=\"has_eae_slider elementor-column elementor-col-50 elementor-top-column elementor-element elementor-element-129ce8b\" data-id=\"129ce8b\" data-element_type=\"column\">\n\t\t\t<div class=\"elementor-widget-wrap\">\n\t\t\t\t\t\t\t<\/div>\n\t\t<\/div>\n\t\t\t\t\t<\/div>\n\t\t<\/section>\n\t\t\t\t<section class=\"has_eae_slider elementor-section elementor-top-section elementor-element elementor-element-906717f elementor-section-boxed elementor-section-height-default elementor-section-height-default\" data-id=\"906717f\" data-element_type=\"section\" data-settings=\"{&quot;background_background&quot;:&quot;classic&quot;}\">\n\t\t\t\t\t\t\t<div class=\"elementor-background-overlay\"><\/div>\n\t\t\t\t\t\t\t<div class=\"elementor-container elementor-column-gap-default\">\n\t\t\t\t\t<div class=\"has_eae_slider elementor-column elementor-col-50 elementor-top-column elementor-element elementor-element-2d07f00\" data-id=\"2d07f00\" data-element_type=\"column\">\n\t\t\t<div class=\"elementor-widget-wrap elementor-element-populated\">\n\t\t\t\t\t\t<div class=\"elementor-element elementor-element-5621868 elementor-widget elementor-widget-spacer\" data-id=\"5621868\" data-element_type=\"widget\" data-widget_type=\"spacer.default\">\n\t\t\t\t<div class=\"elementor-widget-container\">\n\t\t\t\t\t<div class=\"elementor-spacer\">\n\t\t\t<div class=\"elementor-spacer-inner\"><\/div>\n\t\t<\/div>\n\t\t\t\t<\/div>\n\t\t\t\t<\/div>\n\t\t\t\t<div class=\"elementor-element elementor-element-6acd0d9 elementor-widget elementor-widget-heading\" data-id=\"6acd0d9\" data-element_type=\"widget\" data-widget_type=\"heading.default\">\n\t\t\t\t<div class=\"elementor-widget-container\">\n\t\t\t<h3 class=\"elementor-heading-title elementor-size-default\">Famille CNC<\/h3>\t\t<\/div>\n\t\t\t\t<\/div>\n\t\t\t\t<div class=\"elementor-element elementor-element-263bd8c elementor-widget elementor-widget-text-editor\" data-id=\"263bd8c\" data-element_type=\"widget\" data-widget_type=\"text-editor.default\">\n\t\t\t\t<div class=\"elementor-widget-container\">\n\t\t\t\t\t\t\t<h3>Nous formons une grande \u00e9quipe !<br \/>\nNous\u2026<\/h3>\n<ul>\n<li>promouvoir les employ\u00e9s par une formation constante<\/li>\n<li>offrir un programme sp\u00e9cial de sport &amp;amp ; pr\u00e9vention de la sant\u00e9 dans nos salles de formation nouvellement con\u00e7ues : Des exercices de saut et de dos<\/li>\n<li>ont des installations modernes pour se d\u00e9connecter et se sentir bien<\/li>\n<li>ont des \u00e9v\u00e9nements r\u00e9guliers pour le personnel et beaucoup de plaisir ensemble<\/li>\n<\/ul>\n\t\t\t\t\t\t<\/div>\n\t\t\t\t<\/div>\n\t\t\t\t\t<\/div>\n\t\t<\/div>\n\t\t\t\t<div class=\"has_eae_slider elementor-column elementor-col-50 elementor-top-column elementor-element elementor-element-6bf23ed\" data-id=\"6bf23ed\" data-element_type=\"column\">\n\t\t\t<div class=\"elementor-widget-wrap\">\n\t\t\t\t\t\t\t<\/div>\n\t\t<\/div>\n\t\t\t\t\t<\/div>\n\t\t<\/section>\n\t\t\t\t<section class=\"has_eae_slider elementor-section elementor-top-section elementor-element elementor-element-bd2109b elementor-section-boxed elementor-section-height-default elementor-section-height-default\" data-id=\"bd2109b\" data-element_type=\"section\" data-settings=\"{&quot;background_background&quot;:&quot;classic&quot;}\">\n\t\t\t\t\t\t<div class=\"elementor-container elementor-column-gap-default\">\n\t\t\t\t\t<div class=\"has_eae_slider elementor-column elementor-col-50 elementor-top-column elementor-element elementor-element-7a414de9\" data-id=\"7a414de9\" data-element_type=\"column\" data-settings=\"{&quot;background_background&quot;:&quot;classic&quot;}\">\n\t\t\t<div class=\"elementor-widget-wrap elementor-element-populated\">\n\t\t\t\t\t\t<div class=\"elementor-element elementor-element-334b3aa elementor-widget elementor-widget-image\" data-id=\"334b3aa\" data-element_type=\"widget\" data-widget_type=\"image.default\">\n\t\t\t\t<div class=\"elementor-widget-container\">\n\t\t\t\t\t\t\t\t\t\t\t\t\t<img decoding=\"async\" data-src=\"https:\/\/apply.cnc-cosmetic.de\/wp-content\/uploads\/2021\/04\/Help-for-Children-Logo-1.png\" title=\"Help for Children Logo\" alt=\"Help for Children Logo\" loading=\"lazy\" src=\"data:image\/gif;base64,R0lGODlhAQABAAAAACH5BAEKAAEALAAAAAABAAEAAAICTAEAOw==\" class=\"lazyload\" \/><noscript><img decoding=\"async\" src=\"https:\/\/apply.cnc-cosmetic.de\/wp-content\/uploads\/2021\/04\/Help-for-Children-Logo-1.png\" title=\"Help for Children Logo\" alt=\"Help for Children Logo\" loading=\"lazy\" \/><\/noscript>\t\t\t\t\t\t\t\t\t\t\t\t\t<\/div>\n\t\t\t\t<\/div>\n\t\t\t\t\t<\/div>\n\t\t<\/div>\n\t\t\t\t<div class=\"has_eae_slider elementor-column elementor-col-50 elementor-top-column elementor-element elementor-element-596c665\" data-id=\"596c665\" data-element_type=\"column\">\n\t\t\t<div class=\"elementor-widget-wrap elementor-element-populated\">\n\t\t\t\t\t\t<div class=\"elementor-element elementor-element-6b66257 elementor-widget elementor-widget-spacer\" data-id=\"6b66257\" data-element_type=\"widget\" data-widget_type=\"spacer.default\">\n\t\t\t\t<div class=\"elementor-widget-container\">\n\t\t\t\t\t<div class=\"elementor-spacer\">\n\t\t\t<div class=\"elementor-spacer-inner\"><\/div>\n\t\t<\/div>\n\t\t\t\t<\/div>\n\t\t\t\t<\/div>\n\t\t\t\t<div class=\"elementor-element elementor-element-f2e6d55 elementor-widget elementor-widget-heading\" data-id=\"f2e6d55\" data-element_type=\"widget\" data-widget_type=\"heading.default\">\n\t\t\t\t<div class=\"elementor-widget-container\">\n\t\t\t<h3 class=\"elementor-heading-title elementor-size-default\">Soutien \u00e0 des projets sociaux dans la r\u00e9gion<\/h3>\t\t<\/div>\n\t\t\t\t<\/div>\n\t\t\t\t<div class=\"elementor-element elementor-element-50cdfcb7 elementor-widget elementor-widget-text-editor\" data-id=\"50cdfcb7\" data-element_type=\"widget\" data-widget_type=\"text-editor.default\">\n\t\t\t\t<div class=\"elementor-widget-container\">\n\t\t\t\t\t\t\t<ul>\n<li>Aidez les enfants \u2013 Projet<\/li>\n<li>Taxi pour enfants pour le jardin d\u2019enfants de Philippsburg<\/li>\n<li>Dons pour les sans-abri<\/li>\n<\/ul>\n\t\t\t\t\t\t<\/div>\n\t\t\t\t<\/div>\n\t\t\t\t\t<\/div>\n\t\t<\/div>\n\t\t\t\t\t<\/div>\n\t\t<\/section>\n\t\t\t\t<section class=\"has_eae_slider elementor-section elementor-top-section elementor-element elementor-element-7bbbcd21 elementor-section-boxed elementor-section-height-default elementor-section-height-default\" data-id=\"7bbbcd21\" data-element_type=\"section\" data-settings=\"{&quot;background_background&quot;:&quot;classic&quot;}\">\n\t\t\t\t\t\t\t<div class=\"elementor-background-overlay\"><\/div>\n\t\t\t\t\t\t\t<div class=\"elementor-container elementor-column-gap-default\">\n\t\t\t\t\t<div class=\"has_eae_slider elementor-column elementor-col-50 elementor-top-column elementor-element elementor-element-b2992e0\" data-id=\"b2992e0\" data-element_type=\"column\">\n\t\t\t<div class=\"elementor-widget-wrap elementor-element-populated\">\n\t\t\t\t\t\t<div class=\"elementor-element elementor-element-bb32023 elementor-widget elementor-widget-spacer\" data-id=\"bb32023\" data-element_type=\"widget\" data-widget_type=\"spacer.default\">\n\t\t\t\t<div class=\"elementor-widget-container\">\n\t\t\t\t\t<div class=\"elementor-spacer\">\n\t\t\t<div class=\"elementor-spacer-inner\"><\/div>\n\t\t<\/div>\n\t\t\t\t<\/div>\n\t\t\t\t<\/div>\n\t\t\t\t<div class=\"elementor-element elementor-element-7127d0a6 elementor-widget elementor-widget-heading\" data-id=\"7127d0a6\" data-element_type=\"widget\" data-widget_type=\"heading.default\">\n\t\t\t\t<div class=\"elementor-widget-container\">\n\t\t\t<h3 class=\"elementor-heading-title elementor-size-default\">Nous sommes l\u00e0 les uns pour les autres<\/h3>\t\t<\/div>\n\t\t\t\t<\/div>\n\t\t\t\t<div class=\"elementor-element elementor-element-1abc436f elementor-widget elementor-widget-text-editor\" data-id=\"1abc436f\" data-element_type=\"widget\" data-widget_type=\"text-editor.default\">\n\t\t\t\t<div class=\"elementor-widget-container\">\n\t\t\t\t\t\t\t<p>Nous ne nous consid\u00e9rons pas comme un fournisseur mais comme un partenaire fiable. L\u2019\u00e9change avec nos clients est \u00e9norm\u00e9ment important pour nous et nous donnons tout pour que nos clients puissent offrir les meilleurs conseils possibles, des produits de haute qualit\u00e9 et s\u00fbrs et donc d\u2019excellentes m\u00e9thodes de traitement.<\/p>\n<p>Il s\u2019agit \u00e9galement de faciliter diff\u00e9rents processus dans le travail quotidien de nos clients. Outre la num\u00e9risation interne, nous voulons \u00e9galement favoriser la num\u00e9risation de nos clients. A cet effet, nous proposons des services sp\u00e9ciaux:<\/p>\n<ul>\n<li>Concepts de m\u00e9dias sociaux<\/li>\n<li>Coop\u00e9ration avec la boutique en ligne CNC direct<\/li>\n<li>Images pour les pages d\u2019accueil<\/li>\n<li>Formation en ligne<\/li>\n<li>Zones de t\u00e9l\u00e9chargement dans la boutique<\/li>\n<\/ul>\n\t\t\t\t\t\t<\/div>\n\t\t\t\t<\/div>\n\t\t\t\t\t<\/div>\n\t\t<\/div>\n\t\t\t\t<div class=\"has_eae_slider elementor-column elementor-col-50 elementor-top-column elementor-element elementor-element-42edfc34\" data-id=\"42edfc34\" data-element_type=\"column\">\n\t\t\t<div class=\"elementor-widget-wrap elementor-element-populated\">\n\t\t\t\t\t\t<div class=\"elementor-element elementor-element-bdde69c elementor-widget elementor-widget-image\" data-id=\"bdde69c\" data-element_type=\"widget\" data-widget_type=\"image.default\">\n\t\t\t\t<div class=\"elementor-widget-container\">\n\t\t\t\t\t\t\t\t\t\t\t\t\t<img fetchpriority=\"high\" decoding=\"async\" width=\"750\" height=\"583\" src=\"https:\/\/apply.cnc-cosmetic.de\/wp-content\/uploads\/2021\/05\/digital_01-2.jpg\" class=\"attachment-large size-large wp-image-6600\" alt=\"\" srcset=\"https:\/\/apply.cnc-cosmetic.de\/wp-content\/uploads\/2021\/05\/digital_01-2.jpg 750w, https:\/\/apply.cnc-cosmetic.de\/wp-content\/uploads\/2021\/05\/digital_01-2-300x233.jpg 300w\" sizes=\"(max-width: 750px) 100vw, 750px\" \/>\t\t\t\t\t\t\t\t\t\t\t\t\t<\/div>\n\t\t\t\t<\/div>\n\t\t\t\t\t<\/div>\n\t\t<\/div>\n\t\t\t\t\t<\/div>\n\t\t<\/section>\n\t\t\t\t<section class=\"has_eae_slider elementor-section elementor-top-section elementor-element elementor-element-c36e932 elementor-section-boxed elementor-section-height-default elementor-section-height-default\" data-id=\"c36e932\" data-element_type=\"section\">\n\t\t\t\t\t\t<div class=\"elementor-container elementor-column-gap-default\">\n\t\t\t\t\t<div class=\"has_eae_slider elementor-column elementor-col-100 elementor-top-column elementor-element elementor-element-e48d271\" data-id=\"e48d271\" data-element_type=\"column\">\n\t\t\t<div class=\"elementor-widget-wrap elementor-element-populated\">\n\t\t\t\t\t\t<div class=\"elementor-element elementor-element-93f9020 elementor-widget elementor-widget-spacer\" data-id=\"93f9020\" data-element_type=\"widget\" data-widget_type=\"spacer.default\">\n\t\t\t\t<div class=\"elementor-widget-container\">\n\t\t\t\t\t<div class=\"elementor-spacer\">\n\t\t\t<div class=\"elementor-spacer-inner\"><\/div>\n\t\t<\/div>\n\t\t\t\t<\/div>\n\t\t\t\t<\/div>\n\t\t\t\t\t<\/div>\n\t\t<\/div>\n\t\t\t\t\t<\/div>\n\t\t<\/section>\n\t\t\t\t<\/div>\n\t\t","protected":false},"excerpt":{"rendered":"<p>Bonjour le monde ! Nous, au CNC, nous contribuons \u00e0 fa\u00e7onner le monde. Famille CNC Nous formons une grande \u00e9quipe ! Nous\u2026 promouvoir les employ\u00e9s par une formation constante offrir un programme sp\u00e9cial de sport &amp;amp ; pr\u00e9vention de la sant\u00e9 dans nos salles de formation nouvellement con\u00e7ues : Des exercices de saut et de [&hellip;]<\/p>\n","protected":false},"author":4,"featured_media":0,"parent":12007,"menu_order":2,"comment_status":"closed","ping_status":"closed","template":"page-sub.php","meta":{"footnotes":""},"class_list":["post-12011","page","type-page","status-publish","hentry"],"acf":[],"yoast_head":"<!-- This site is optimized with the Yoast SEO plugin v22.0 - https:\/\/yoast.com\/wordpress\/plugins\/seo\/ -->\n<title>CNC et responsabilit\u00e9 sociale - CNC<\/title>\n<meta name=\"robots\" content=\"noindex, follow, max-snippet:-1, max-image-preview:large, max-video-preview:-1\" \/>\n<meta property=\"og:locale\" content=\"fr_FR\" \/>\n<meta property=\"og:type\" content=\"article\" \/>\n<meta property=\"og:title\" content=\"CNC et responsabilit\u00e9 sociale - CNC\" \/>\n<meta property=\"og:description\" content=\"Bonjour le monde ! Nous, au CNC, nous contribuons \u00e0 fa\u00e7onner le monde. Famille CNC Nous formons une grande \u00e9quipe ! Nous\u2026 promouvoir les employ\u00e9s par une formation constante offrir un programme sp\u00e9cial de sport &amp;amp ; pr\u00e9vention de la sant\u00e9 dans nos salles de formation nouvellement con\u00e7ues : Des exercices de saut et de [&hellip;]\" \/>\n<meta property=\"og:url\" content=\"https:\/\/apply.cnc-cosmetic.de\/fr\/page-daccueil\/a-propos-de-nous\/cnc-et-responsabilite-sociale\/\" \/>\n<meta property=\"og:site_name\" content=\"CNC\" \/>\n<meta property=\"article:modified_time\" content=\"2021-10-18T12:37:51+00:00\" \/>\n<meta property=\"og:image\" content=\"https:\/\/apply.cnc-cosmetic.de\/wp-content\/uploads\/elementor\/thumbs\/Help-for-Children-Logo-1-p5kdpmhkkrcpr2ofki7l6d2iibdhwe2ryjfevsvq5y.png\" \/>\n<meta name=\"twitter:card\" content=\"summary_large_image\" \/>\n<meta name=\"twitter:label1\" content=\"Dur\u00e9e de lecture estim\u00e9e\" \/>\n\t<meta name=\"twitter:data1\" content=\"1 minute\" \/>\n<script type=\"application\/ld+json\" class=\"yoast-schema-graph\">{\"@context\":\"https:\/\/schema.org\",\"@graph\":[{\"@type\":\"WebPage\",\"@id\":\"https:\/\/apply.cnc-cosmetic.de\/fr\/page-daccueil\/a-propos-de-nous\/cnc-et-responsabilite-sociale\/\",\"url\":\"https:\/\/apply.cnc-cosmetic.de\/fr\/page-daccueil\/a-propos-de-nous\/cnc-et-responsabilite-sociale\/\",\"name\":\"CNC et responsabilit\u00e9 sociale - CNC\",\"isPartOf\":{\"@id\":\"https:\/\/apply.cnc-cosmetic.de\/#website\"},\"datePublished\":\"2021-10-18T12:36:45+00:00\",\"dateModified\":\"2021-10-18T12:37:51+00:00\",\"breadcrumb\":{\"@id\":\"https:\/\/apply.cnc-cosmetic.de\/fr\/page-daccueil\/a-propos-de-nous\/cnc-et-responsabilite-sociale\/#breadcrumb\"},\"inLanguage\":\"fr-FR\",\"potentialAction\":[{\"@type\":\"ReadAction\",\"target\":[\"https:\/\/apply.cnc-cosmetic.de\/fr\/page-daccueil\/a-propos-de-nous\/cnc-et-responsabilite-sociale\/\"]}]},{\"@type\":\"BreadcrumbList\",\"@id\":\"https:\/\/apply.cnc-cosmetic.de\/fr\/page-daccueil\/a-propos-de-nous\/cnc-et-responsabilite-sociale\/#breadcrumb\",\"itemListElement\":[{\"@type\":\"ListItem\",\"position\":1,\"name\":\"Startseite\",\"item\":\"https:\/\/apply.cnc-cosmetic.de\/\"},{\"@type\":\"ListItem\",\"position\":2,\"name\":\"Page d&rsquo;accueil\",\"item\":\"https:\/\/apply.cnc-cosmetic.de\/fr\/\"},{\"@type\":\"ListItem\",\"position\":3,\"name\":\"\u00c0 propos de nous\",\"item\":\"https:\/\/apply.cnc-cosmetic.de\/fr\/page-daccueil\/a-propos-de-nous\/\"},{\"@type\":\"ListItem\",\"position\":4,\"name\":\"CNC et responsabilit\u00e9 sociale\"}]},{\"@type\":\"WebSite\",\"@id\":\"https:\/\/apply.cnc-cosmetic.de\/#website\",\"url\":\"https:\/\/apply.cnc-cosmetic.de\/\",\"name\":\"CNC\",\"description\":\"Eine weitere WordPress-Website\",\"publisher\":{\"@id\":\"https:\/\/apply.cnc-cosmetic.de\/#organization\"},\"potentialAction\":[{\"@type\":\"SearchAction\",\"target\":{\"@type\":\"EntryPoint\",\"urlTemplate\":\"https:\/\/apply.cnc-cosmetic.de\/?s={search_term_string}\"},\"query-input\":\"required name=search_term_string\"}],\"inLanguage\":\"fr-FR\"},{\"@type\":\"Organization\",\"@id\":\"https:\/\/apply.cnc-cosmetic.de\/#organization\",\"name\":\"CNC\",\"url\":\"https:\/\/apply.cnc-cosmetic.de\/\",\"logo\":{\"@type\":\"ImageObject\",\"inLanguage\":\"fr-FR\",\"@id\":\"https:\/\/apply.cnc-cosmetic.de\/#\/schema\/logo\/image\/\",\"url\":\"https:\/\/apply.cnc-cosmetic.de\/wp-content\/uploads\/2020\/10\/Logo_CNC_4c_bc.png\",\"contentUrl\":\"https:\/\/apply.cnc-cosmetic.de\/wp-content\/uploads\/2020\/10\/Logo_CNC_4c_bc.png\",\"width\":500,\"height\":341,\"caption\":\"CNC\"},\"image\":{\"@id\":\"https:\/\/apply.cnc-cosmetic.de\/#\/schema\/logo\/image\/\"}}]}<\/script>\n<!-- \/ Yoast SEO plugin. -->","yoast_head_json":{"title":"CNC et responsabilit\u00e9 sociale - CNC","robots":{"index":"noindex","follow":"follow","max-snippet":"max-snippet:-1","max-image-preview":"max-image-preview:large","max-video-preview":"max-video-preview:-1"},"og_locale":"fr_FR","og_type":"article","og_title":"CNC et responsabilit\u00e9 sociale - CNC","og_description":"Bonjour le monde ! Nous, au CNC, nous contribuons \u00e0 fa\u00e7onner le monde. Famille CNC Nous formons une grande \u00e9quipe ! Nous\u2026 promouvoir les employ\u00e9s par une formation constante offrir un programme sp\u00e9cial de sport &amp;amp ; pr\u00e9vention de la sant\u00e9 dans nos salles de formation nouvellement con\u00e7ues : Des exercices de saut et de [&hellip;]","og_url":"https:\/\/apply.cnc-cosmetic.de\/fr\/page-daccueil\/a-propos-de-nous\/cnc-et-responsabilite-sociale\/","og_site_name":"CNC","article_modified_time":"2021-10-18T12:37:51+00:00","og_image":[{"url":"https:\/\/apply.cnc-cosmetic.de\/wp-content\/uploads\/elementor\/thumbs\/Help-for-Children-Logo-1-p5kdpmhkkrcpr2ofki7l6d2iibdhwe2ryjfevsvq5y.png"}],"twitter_card":"summary_large_image","twitter_misc":{"Dur\u00e9e de lecture estim\u00e9e":"1 minute"},"schema":{"@context":"https:\/\/schema.org","@graph":[{"@type":"WebPage","@id":"https:\/\/apply.cnc-cosmetic.de\/fr\/page-daccueil\/a-propos-de-nous\/cnc-et-responsabilite-sociale\/","url":"https:\/\/apply.cnc-cosmetic.de\/fr\/page-daccueil\/a-propos-de-nous\/cnc-et-responsabilite-sociale\/","name":"CNC et responsabilit\u00e9 sociale - CNC","isPartOf":{"@id":"https:\/\/apply.cnc-cosmetic.de\/#website"},"datePublished":"2021-10-18T12:36:45+00:00","dateModified":"2021-10-18T12:37:51+00:00","breadcrumb":{"@id":"https:\/\/apply.cnc-cosmetic.de\/fr\/page-daccueil\/a-propos-de-nous\/cnc-et-responsabilite-sociale\/#breadcrumb"},"inLanguage":"fr-FR","potentialAction":[{"@type":"ReadAction","target":["https:\/\/apply.cnc-cosmetic.de\/fr\/page-daccueil\/a-propos-de-nous\/cnc-et-responsabilite-sociale\/"]}]},{"@type":"BreadcrumbList","@id":"https:\/\/apply.cnc-cosmetic.de\/fr\/page-daccueil\/a-propos-de-nous\/cnc-et-responsabilite-sociale\/#breadcrumb","itemListElement":[{"@type":"ListItem","position":1,"name":"Startseite","item":"https:\/\/apply.cnc-cosmetic.de\/"},{"@type":"ListItem","position":2,"name":"Page d&rsquo;accueil","item":"https:\/\/apply.cnc-cosmetic.de\/fr\/"},{"@type":"ListItem","position":3,"name":"\u00c0 propos de nous","item":"https:\/\/apply.cnc-cosmetic.de\/fr\/page-daccueil\/a-propos-de-nous\/"},{"@type":"ListItem","position":4,"name":"CNC et responsabilit\u00e9 sociale"}]},{"@type":"WebSite","@id":"https:\/\/apply.cnc-cosmetic.de\/#website","url":"https:\/\/apply.cnc-cosmetic.de\/","name":"CNC","description":"Eine weitere WordPress-Website","publisher":{"@id":"https:\/\/apply.cnc-cosmetic.de\/#organization"},"potentialAction":[{"@type":"SearchAction","target":{"@type":"EntryPoint","urlTemplate":"https:\/\/apply.cnc-cosmetic.de\/?s={search_term_string}"},"query-input":"required name=search_term_string"}],"inLanguage":"fr-FR"},{"@type":"Organization","@id":"https:\/\/apply.cnc-cosmetic.de\/#organization","name":"CNC","url":"https:\/\/apply.cnc-cosmetic.de\/","logo":{"@type":"ImageObject","inLanguage":"fr-FR","@id":"https:\/\/apply.cnc-cosmetic.de\/#\/schema\/logo\/image\/","url":"https:\/\/apply.cnc-cosmetic.de\/wp-content\/uploads\/2020\/10\/Logo_CNC_4c_bc.png","contentUrl":"https:\/\/apply.cnc-cosmetic.de\/wp-content\/uploads\/2020\/10\/Logo_CNC_4c_bc.png","width":500,"height":341,"caption":"CNC"},"image":{"@id":"https:\/\/apply.cnc-cosmetic.de\/#\/schema\/logo\/image\/"}}]}},"_links":{"self":[{"href":"https:\/\/apply.cnc-cosmetic.de\/fr\/wp-json\/wp\/v2\/pages\/12011","targetHints":{"allow":["GET"]}}],"collection":[{"href":"https:\/\/apply.cnc-cosmetic.de\/fr\/wp-json\/wp\/v2\/pages"}],"about":[{"href":"https:\/\/apply.cnc-cosmetic.de\/fr\/wp-json\/wp\/v2\/types\/page"}],"author":[{"embeddable":true,"href":"https:\/\/apply.cnc-cosmetic.de\/fr\/wp-json\/wp\/v2\/users\/4"}],"replies":[{"embeddable":true,"href":"https:\/\/apply.cnc-cosmetic.de\/fr\/wp-json\/wp\/v2\/comments?post=12011"}],"version-history":[{"count":0,"href":"https:\/\/apply.cnc-cosmetic.de\/fr\/wp-json\/wp\/v2\/pages\/12011\/revisions"}],"up":[{"embeddable":true,"href":"https:\/\/apply.cnc-cosmetic.de\/fr\/wp-json\/wp\/v2\/pages\/12007"}],"wp:attachment":[{"href":"https:\/\/apply.cnc-cosmetic.de\/fr\/wp-json\/wp\/v2\/media?parent=12011"}],"curies":[{"name":"wp","href":"https:\/\/api.w.org\/{rel}","templated":true}]}}