{"id":12368,"date":"2021-10-18T15:59:41","date_gmt":"2021-10-18T13:59:41","guid":{"rendered":"https:\/\/apply.cnc-cosmetic.de\/mentions-legales\/"},"modified":"2021-10-18T15:59:42","modified_gmt":"2021-10-18T13:59:42","slug":"mentions-legales","status":"publish","type":"page","link":"https:\/\/apply.cnc-cosmetic.de\/fr\/mentions-legales\/","title":{"rendered":"mentions l\u00e9gales"},"content":{"rendered":"\t\t<div data-elementor-type=\"wp-page\" data-elementor-id=\"12368\" class=\"elementor elementor-12368\" data-elementor-post-type=\"page\">\n\t\t\t\t\t\t<section class=\"has_eae_slider elementor-section elementor-top-section elementor-element elementor-element-2d5903c3 elementor-section-boxed elementor-section-height-default elementor-section-height-default\" data-id=\"2d5903c3\" data-element_type=\"section\">\n\t\t\t\t\t\t<div class=\"elementor-container elementor-column-gap-default\">\n\t\t\t\t\t<div class=\"has_eae_slider elementor-column elementor-col-100 elementor-top-column elementor-element elementor-element-5365a04b\" data-id=\"5365a04b\" data-element_type=\"column\">\n\t\t\t<div class=\"elementor-widget-wrap elementor-element-populated\">\n\t\t\t\t\t\t<div class=\"elementor-element elementor-element-468a5d70 elementor-widget elementor-widget-text-editor\" data-id=\"468a5d70\" data-element_type=\"widget\" data-widget_type=\"text-editor.default\">\n\t\t\t\t<div class=\"elementor-widget-container\">\n\t\t\t\t\t\t\t<p>Adresse:<br \/>\nCNC cosmetic GmbH<br \/>\nBruchst\u00fccker 9<br \/>\nD-76661 Philippsburg<\/p>\n<p>RG \u00a0AG Mannheim HRB 250293<br \/>\nG\u00e9rant: Rolf Hofheinz<\/p>\n<p>Tel:\u00a0 +49 7256- 93200<br \/>\nFax: +49 7256- 932020<br \/>\nE-Mail: kontakt@apply.cnc-cosmetic.de<\/p>\n<p>Ust-Ident-Nummer: DE 143077214<br \/>\nWEEE-Nr. DE 47609964<\/p>\n<p>Avis de responsabilit\u00e9 :<\/p>\n<p>Malgr\u00e9 un contr\u00f4le minutieux du contenu, nous n\u2019assumons aucune responsabilit\u00e9 quant au contenu des liens externes.<br \/>\nLes op\u00e9rateurs des sites li\u00e9s sont seuls responsables de leur contenu.<\/p>\n<p>Conditions d\u2019utilisation du site web du CNC:<\/p>\n<p>En acc\u00e9dant \u00e0 notre site web, vous acceptez, sans limitation ni qualification, les termes et conditions suivants :<br \/>\nLe site web CNC, le nom et la marque CNC SKINCARE sont prot\u00e9g\u00e9s contre toute utilisation non autoris\u00e9e par les lois sur le droit d\u2019auteur et les marques commerciales. Vous ne pouvez pas utiliser les droits d\u2019auteur et les marques d\u00e9pos\u00e9es de CNC. Toutefois, vous pouvez t\u00e9l\u00e9charger des documents \u00e0 partir de ce site web pour votre usage personnel et non commercial uniquement. Aucune partie de ce site web, y compris, mais sans s\u2019y limiter, le texte, les conceptions, les graphiques, les photographies et les images qu\u2019il contient, ne peut \u00eatre copi\u00e9e, reproduite, publi\u00e9e d\u2019une autre mani\u00e8re, t\u00e9l\u00e9charg\u00e9e, post\u00e9e d\u2019une autre mani\u00e8re, modifi\u00e9e, transmise ou distribu\u00e9e ou exploit\u00e9e d\u2019une autre mani\u00e8re \u00e0 des fins non personnelles, publiques ou commerciales, sans l\u2019autorisation \u00e9crite de CNC.<\/p>\n\t\t\t\t\t\t<\/div>\n\t\t\t\t<\/div>\n\t\t\t\t\t<\/div>\n\t\t<\/div>\n\t\t\t\t\t<\/div>\n\t\t<\/section>\n\t\t\t\t<\/div>\n\t\t","protected":false},"excerpt":{"rendered":"<p>Adresse: CNC cosmetic GmbH Bruchst\u00fccker 9 D-76661 Philippsburg RG \u00a0AG Mannheim HRB 250293 G\u00e9rant: Rolf Hofheinz Tel:\u00a0 +49 7256- 93200 Fax: +49 7256- 932020 E-Mail: kontakt@apply.cnc-cosmetic.de Ust-Ident-Nummer: DE 143077214 WEEE-Nr. DE 47609964 Avis de responsabilit\u00e9 : Malgr\u00e9 un contr\u00f4le minutieux du contenu, nous n\u2019assumons aucune responsabilit\u00e9 quant au contenu des liens externes. Les op\u00e9rateurs des [&hellip;]<\/p>\n","protected":false},"author":9,"featured_media":0,"parent":0,"menu_order":0,"comment_status":"closed","ping_status":"closed","template":"","meta":{"footnotes":""},"class_list":["post-12368","page","type-page","status-publish","hentry"],"acf":[],"yoast_head":"<!-- This site is optimized with the Yoast SEO plugin v22.0 - https:\/\/yoast.com\/wordpress\/plugins\/seo\/ -->\n<title>mentions l\u00e9gales - CNC<\/title>\n<meta name=\"robots\" content=\"noindex, follow, max-snippet:-1, max-image-preview:large, max-video-preview:-1\" \/>\n<meta property=\"og:locale\" content=\"fr_FR\" \/>\n<meta property=\"og:type\" content=\"article\" \/>\n<meta property=\"og:title\" content=\"mentions l\u00e9gales - CNC\" \/>\n<meta property=\"og:description\" content=\"Adresse: CNC cosmetic GmbH Bruchst\u00fccker 9 D-76661 Philippsburg RG \u00a0AG Mannheim HRB 250293 G\u00e9rant: Rolf Hofheinz Tel:\u00a0 +49 7256- 93200 Fax: +49 7256- 932020 E-Mail: kontakt@apply.cnc-cosmetic.de Ust-Ident-Nummer: DE 143077214 WEEE-Nr. DE 47609964 Avis de responsabilit\u00e9 : Malgr\u00e9 un contr\u00f4le minutieux du contenu, nous n\u2019assumons aucune responsabilit\u00e9 quant au contenu des liens externes. Les op\u00e9rateurs des [&hellip;]\" \/>\n<meta property=\"og:url\" content=\"https:\/\/apply.cnc-cosmetic.de\/fr\/mentions-legales\/\" \/>\n<meta property=\"og:site_name\" content=\"CNC\" \/>\n<meta property=\"article:modified_time\" content=\"2021-10-18T13:59:42+00:00\" \/>\n<meta name=\"twitter:card\" content=\"summary_large_image\" \/>\n<meta name=\"twitter:label1\" content=\"Dur\u00e9e de lecture estim\u00e9e\" \/>\n\t<meta name=\"twitter:data1\" content=\"1 minute\" \/>\n<script type=\"application\/ld+json\" class=\"yoast-schema-graph\">{\"@context\":\"https:\/\/schema.org\",\"@graph\":[{\"@type\":\"WebPage\",\"@id\":\"https:\/\/apply.cnc-cosmetic.de\/fr\/mentions-legales\/\",\"url\":\"https:\/\/apply.cnc-cosmetic.de\/fr\/mentions-legales\/\",\"name\":\"mentions l\u00e9gales - CNC\",\"isPartOf\":{\"@id\":\"https:\/\/apply.cnc-cosmetic.de\/#website\"},\"datePublished\":\"2021-10-18T13:59:41+00:00\",\"dateModified\":\"2021-10-18T13:59:42+00:00\",\"breadcrumb\":{\"@id\":\"https:\/\/apply.cnc-cosmetic.de\/fr\/mentions-legales\/#breadcrumb\"},\"inLanguage\":\"fr-FR\",\"potentialAction\":[{\"@type\":\"ReadAction\",\"target\":[\"https:\/\/apply.cnc-cosmetic.de\/fr\/mentions-legales\/\"]}]},{\"@type\":\"BreadcrumbList\",\"@id\":\"https:\/\/apply.cnc-cosmetic.de\/fr\/mentions-legales\/#breadcrumb\",\"itemListElement\":[{\"@type\":\"ListItem\",\"position\":1,\"name\":\"Startseite\",\"item\":\"https:\/\/apply.cnc-cosmetic.de\/\"},{\"@type\":\"ListItem\",\"position\":2,\"name\":\"mentions l\u00e9gales\"}]},{\"@type\":\"WebSite\",\"@id\":\"https:\/\/apply.cnc-cosmetic.de\/#website\",\"url\":\"https:\/\/apply.cnc-cosmetic.de\/\",\"name\":\"CNC\",\"description\":\"Eine weitere WordPress-Website\",\"publisher\":{\"@id\":\"https:\/\/apply.cnc-cosmetic.de\/#organization\"},\"potentialAction\":[{\"@type\":\"SearchAction\",\"target\":{\"@type\":\"EntryPoint\",\"urlTemplate\":\"https:\/\/apply.cnc-cosmetic.de\/?s={search_term_string}\"},\"query-input\":\"required name=search_term_string\"}],\"inLanguage\":\"fr-FR\"},{\"@type\":\"Organization\",\"@id\":\"https:\/\/apply.cnc-cosmetic.de\/#organization\",\"name\":\"CNC\",\"url\":\"https:\/\/apply.cnc-cosmetic.de\/\",\"logo\":{\"@type\":\"ImageObject\",\"inLanguage\":\"fr-FR\",\"@id\":\"https:\/\/apply.cnc-cosmetic.de\/#\/schema\/logo\/image\/\",\"url\":\"https:\/\/apply.cnc-cosmetic.de\/wp-content\/uploads\/2020\/10\/Logo_CNC_4c_bc.png\",\"contentUrl\":\"https:\/\/apply.cnc-cosmetic.de\/wp-content\/uploads\/2020\/10\/Logo_CNC_4c_bc.png\",\"width\":500,\"height\":341,\"caption\":\"CNC\"},\"image\":{\"@id\":\"https:\/\/apply.cnc-cosmetic.de\/#\/schema\/logo\/image\/\"}}]}<\/script>\n<!-- \/ Yoast SEO plugin. -->","yoast_head_json":{"title":"mentions l\u00e9gales - CNC","robots":{"index":"noindex","follow":"follow","max-snippet":"max-snippet:-1","max-image-preview":"max-image-preview:large","max-video-preview":"max-video-preview:-1"},"og_locale":"fr_FR","og_type":"article","og_title":"mentions l\u00e9gales - CNC","og_description":"Adresse: CNC cosmetic GmbH Bruchst\u00fccker 9 D-76661 Philippsburg RG \u00a0AG Mannheim HRB 250293 G\u00e9rant: Rolf Hofheinz Tel:\u00a0 +49 7256- 93200 Fax: +49 7256- 932020 E-Mail: kontakt@apply.cnc-cosmetic.de Ust-Ident-Nummer: DE 143077214 WEEE-Nr. DE 47609964 Avis de responsabilit\u00e9 : Malgr\u00e9 un contr\u00f4le minutieux du contenu, nous n\u2019assumons aucune responsabilit\u00e9 quant au contenu des liens externes. Les op\u00e9rateurs des [&hellip;]","og_url":"https:\/\/apply.cnc-cosmetic.de\/fr\/mentions-legales\/","og_site_name":"CNC","article_modified_time":"2021-10-18T13:59:42+00:00","twitter_card":"summary_large_image","twitter_misc":{"Dur\u00e9e de lecture estim\u00e9e":"1 minute"},"schema":{"@context":"https:\/\/schema.org","@graph":[{"@type":"WebPage","@id":"https:\/\/apply.cnc-cosmetic.de\/fr\/mentions-legales\/","url":"https:\/\/apply.cnc-cosmetic.de\/fr\/mentions-legales\/","name":"mentions l\u00e9gales - CNC","isPartOf":{"@id":"https:\/\/apply.cnc-cosmetic.de\/#website"},"datePublished":"2021-10-18T13:59:41+00:00","dateModified":"2021-10-18T13:59:42+00:00","breadcrumb":{"@id":"https:\/\/apply.cnc-cosmetic.de\/fr\/mentions-legales\/#breadcrumb"},"inLanguage":"fr-FR","potentialAction":[{"@type":"ReadAction","target":["https:\/\/apply.cnc-cosmetic.de\/fr\/mentions-legales\/"]}]},{"@type":"BreadcrumbList","@id":"https:\/\/apply.cnc-cosmetic.de\/fr\/mentions-legales\/#breadcrumb","itemListElement":[{"@type":"ListItem","position":1,"name":"Startseite","item":"https:\/\/apply.cnc-cosmetic.de\/"},{"@type":"ListItem","position":2,"name":"mentions l\u00e9gales"}]},{"@type":"WebSite","@id":"https:\/\/apply.cnc-cosmetic.de\/#website","url":"https:\/\/apply.cnc-cosmetic.de\/","name":"CNC","description":"Eine weitere WordPress-Website","publisher":{"@id":"https:\/\/apply.cnc-cosmetic.de\/#organization"},"potentialAction":[{"@type":"SearchAction","target":{"@type":"EntryPoint","urlTemplate":"https:\/\/apply.cnc-cosmetic.de\/?s={search_term_string}"},"query-input":"required name=search_term_string"}],"inLanguage":"fr-FR"},{"@type":"Organization","@id":"https:\/\/apply.cnc-cosmetic.de\/#organization","name":"CNC","url":"https:\/\/apply.cnc-cosmetic.de\/","logo":{"@type":"ImageObject","inLanguage":"fr-FR","@id":"https:\/\/apply.cnc-cosmetic.de\/#\/schema\/logo\/image\/","url":"https:\/\/apply.cnc-cosmetic.de\/wp-content\/uploads\/2020\/10\/Logo_CNC_4c_bc.png","contentUrl":"https:\/\/apply.cnc-cosmetic.de\/wp-content\/uploads\/2020\/10\/Logo_CNC_4c_bc.png","width":500,"height":341,"caption":"CNC"},"image":{"@id":"https:\/\/apply.cnc-cosmetic.de\/#\/schema\/logo\/image\/"}}]}},"_links":{"self":[{"href":"https:\/\/apply.cnc-cosmetic.de\/fr\/wp-json\/wp\/v2\/pages\/12368","targetHints":{"allow":["GET"]}}],"collection":[{"href":"https:\/\/apply.cnc-cosmetic.de\/fr\/wp-json\/wp\/v2\/pages"}],"about":[{"href":"https:\/\/apply.cnc-cosmetic.de\/fr\/wp-json\/wp\/v2\/types\/page"}],"author":[{"embeddable":true,"href":"https:\/\/apply.cnc-cosmetic.de\/fr\/wp-json\/wp\/v2\/users\/9"}],"replies":[{"embeddable":true,"href":"https:\/\/apply.cnc-cosmetic.de\/fr\/wp-json\/wp\/v2\/comments?post=12368"}],"version-history":[{"count":0,"href":"https:\/\/apply.cnc-cosmetic.de\/fr\/wp-json\/wp\/v2\/pages\/12368\/revisions"}],"wp:attachment":[{"href":"https:\/\/apply.cnc-cosmetic.de\/fr\/wp-json\/wp\/v2\/media?parent=12368"}],"curies":[{"name":"wp","href":"https:\/\/api.w.org\/{rel}","templated":true}]}}