{"id":12301,"date":"2021-10-18T15:29:31","date_gmt":"2021-10-18T13:29:31","guid":{"rendered":"https:\/\/apply.cnc-cosmetic.de\/chi-siamo\/cnc-e-responsabilita-sociale\/"},"modified":"2021-10-18T15:29:33","modified_gmt":"2021-10-18T13:29:33","slug":"cnc-e-responsabilita-sociale","status":"publish","type":"page","link":"https:\/\/apply.cnc-cosmetic.de\/it\/casa\/chi-siamo\/cnc-e-responsabilita-sociale\/","title":{"rendered":"CNC e responsabilit\u00e0 sociale"},"content":{"rendered":"\t\t<div data-elementor-type=\"wp-page\" data-elementor-id=\"12301\" class=\"elementor elementor-12301\" data-elementor-post-type=\"page\">\n\t\t\t\t\t\t<section class=\"has_eae_slider elementor-section elementor-top-section elementor-element elementor-element-396a64eb elementor-section-boxed elementor-section-height-default elementor-section-height-default\" data-id=\"396a64eb\" data-element_type=\"section\" data-settings=\"{&quot;background_background&quot;:&quot;classic&quot;}\">\n\t\t\t\t\t\t<div class=\"elementor-container elementor-column-gap-default\">\n\t\t\t\t\t<div class=\"has_eae_slider elementor-column elementor-col-50 elementor-top-column elementor-element elementor-element-2c1e71f4\" data-id=\"2c1e71f4\" data-element_type=\"column\">\n\t\t\t<div class=\"elementor-widget-wrap elementor-element-populated\">\n\t\t\t\t\t\t<div class=\"elementor-element elementor-element-e853a7c elementor-widget elementor-widget-heading\" data-id=\"e853a7c\" data-element_type=\"widget\" data-widget_type=\"heading.default\">\n\t\t\t\t<div class=\"elementor-widget-container\">\n\t\t\t<h2 class=\"elementor-heading-title elementor-size-default\">Ciao mondo! Noi della CNC aiutiamo a plasmare il mondo.<\/h2>\t\t<\/div>\n\t\t\t\t<\/div>\n\t\t\t\t\t<\/div>\n\t\t<\/div>\n\t\t\t\t<div class=\"has_eae_slider elementor-column elementor-col-50 elementor-top-column elementor-element elementor-element-129ce8b\" data-id=\"129ce8b\" data-element_type=\"column\">\n\t\t\t<div class=\"elementor-widget-wrap\">\n\t\t\t\t\t\t\t<\/div>\n\t\t<\/div>\n\t\t\t\t\t<\/div>\n\t\t<\/section>\n\t\t\t\t<section class=\"has_eae_slider elementor-section elementor-top-section elementor-element elementor-element-906717f elementor-section-boxed elementor-section-height-default elementor-section-height-default\" data-id=\"906717f\" data-element_type=\"section\" data-settings=\"{&quot;background_background&quot;:&quot;classic&quot;}\">\n\t\t\t\t\t\t\t<div class=\"elementor-background-overlay\"><\/div>\n\t\t\t\t\t\t\t<div class=\"elementor-container elementor-column-gap-default\">\n\t\t\t\t\t<div class=\"has_eae_slider elementor-column elementor-col-50 elementor-top-column elementor-element elementor-element-2d07f00\" data-id=\"2d07f00\" data-element_type=\"column\">\n\t\t\t<div class=\"elementor-widget-wrap elementor-element-populated\">\n\t\t\t\t\t\t<div class=\"elementor-element elementor-element-5621868 elementor-widget elementor-widget-spacer\" data-id=\"5621868\" data-element_type=\"widget\" data-widget_type=\"spacer.default\">\n\t\t\t\t<div class=\"elementor-widget-container\">\n\t\t\t\t\t<div class=\"elementor-spacer\">\n\t\t\t<div class=\"elementor-spacer-inner\"><\/div>\n\t\t<\/div>\n\t\t\t\t<\/div>\n\t\t\t\t<\/div>\n\t\t\t\t<div class=\"elementor-element elementor-element-6acd0d9 elementor-widget elementor-widget-heading\" data-id=\"6acd0d9\" data-element_type=\"widget\" data-widget_type=\"heading.default\">\n\t\t\t\t<div class=\"elementor-widget-container\">\n\t\t\t<h3 class=\"elementor-heading-title elementor-size-default\">CNC Family<\/h3>\t\t<\/div>\n\t\t\t\t<\/div>\n\t\t\t\t<div class=\"elementor-element elementor-element-263bd8c elementor-widget elementor-widget-text-editor\" data-id=\"263bd8c\" data-element_type=\"widget\" data-widget_type=\"text-editor.default\">\n\t\t\t\t<div class=\"elementor-widget-container\">\n\t\t\t\t\t\t\t<div class=\"elementor-element elementor-element-5621868 elementor-widget elementor-widget-spacer\" data-id=\"5621868\" data-element_type=\"widget\" data-widget_type=\"spacer.default\">\n<div class=\"elementor-widget-container\">\n<div class=\"elementor-spacer\">\n<div class=\"elementor-spacer-inner\"><\/div>\n<\/div>\n<\/div>\n<\/div>\n<div class=\"elementor-element elementor-element-6acd0d9 elementor-widget elementor-widget-heading\" data-id=\"6acd0d9\" data-element_type=\"widget\" data-widget_type=\"heading.default\">\n<div class=\"elementor-widget-container\">\n<h3 class=\"elementor-heading-title elementor-size-default\">Famiglia CNC<\/h3>\n<\/div>\n<\/div>\n<div class=\"elementor-element elementor-element-263bd8c elementor-widget elementor-widget-text-editor\" data-id=\"263bd8c\" data-element_type=\"widget\" data-widget_type=\"text-editor.default\">\n<div class=\"elementor-widget-container\">\n<div class=\"elementor-text-editor elementor-clearfix\">\n<h3>Siamo una grande squadra!<br \/>\nNoi\u2026<\/h3>\n<ul>\n<li>promuoviamo i dipendenti attraverso una formazione costante<\/li>\n<li>offriamo un programma speciale di sport &amp; prevenzione della salute nelle nostre sale di formazione di nuova concezione: Esercizi di salto e di schiena<\/li>\n<li>hanno strutture moderne per spegnersi e sentirsi bene<\/li>\n<li>hanno eventi regolari per lo staff e tanto divertimento insieme<\/li>\n<\/ul>\n<\/div>\n<\/div>\n<\/div>\n\t\t\t\t\t\t<\/div>\n\t\t\t\t<\/div>\n\t\t\t\t\t<\/div>\n\t\t<\/div>\n\t\t\t\t<div class=\"has_eae_slider elementor-column elementor-col-50 elementor-top-column elementor-element elementor-element-6bf23ed\" data-id=\"6bf23ed\" data-element_type=\"column\">\n\t\t\t<div class=\"elementor-widget-wrap\">\n\t\t\t\t\t\t\t<\/div>\n\t\t<\/div>\n\t\t\t\t\t<\/div>\n\t\t<\/section>\n\t\t\t\t<section class=\"has_eae_slider elementor-section elementor-top-section elementor-element elementor-element-bd2109b elementor-section-boxed elementor-section-height-default elementor-section-height-default\" data-id=\"bd2109b\" data-element_type=\"section\" data-settings=\"{&quot;background_background&quot;:&quot;classic&quot;}\">\n\t\t\t\t\t\t<div class=\"elementor-container elementor-column-gap-default\">\n\t\t\t\t\t<div class=\"has_eae_slider elementor-column elementor-col-50 elementor-top-column elementor-element elementor-element-7a414de9\" data-id=\"7a414de9\" data-element_type=\"column\" data-settings=\"{&quot;background_background&quot;:&quot;classic&quot;}\">\n\t\t\t<div class=\"elementor-widget-wrap elementor-element-populated\">\n\t\t\t\t\t\t<div class=\"elementor-element elementor-element-334b3aa elementor-widget elementor-widget-image\" data-id=\"334b3aa\" data-element_type=\"widget\" data-widget_type=\"image.default\">\n\t\t\t\t<div class=\"elementor-widget-container\">\n\t\t\t\t\t\t\t\t\t\t\t\t\t<img decoding=\"async\" data-src=\"https:\/\/apply.cnc-cosmetic.de\/wp-content\/uploads\/2021\/04\/Help-for-Children-Logo-1.png\" title=\"Help for Children Logo\" alt=\"Help for Children Logo\" loading=\"lazy\" src=\"data:image\/gif;base64,R0lGODlhAQABAAAAACH5BAEKAAEALAAAAAABAAEAAAICTAEAOw==\" class=\"lazyload\" \/><noscript><img decoding=\"async\" src=\"https:\/\/apply.cnc-cosmetic.de\/wp-content\/uploads\/2021\/04\/Help-for-Children-Logo-1.png\" title=\"Help for Children Logo\" alt=\"Help for Children Logo\" loading=\"lazy\" \/><\/noscript>\t\t\t\t\t\t\t\t\t\t\t\t\t<\/div>\n\t\t\t\t<\/div>\n\t\t\t\t\t<\/div>\n\t\t<\/div>\n\t\t\t\t<div class=\"has_eae_slider elementor-column elementor-col-50 elementor-top-column elementor-element elementor-element-596c665\" data-id=\"596c665\" data-element_type=\"column\">\n\t\t\t<div class=\"elementor-widget-wrap elementor-element-populated\">\n\t\t\t\t\t\t<div class=\"elementor-element elementor-element-6b66257 elementor-widget elementor-widget-spacer\" data-id=\"6b66257\" data-element_type=\"widget\" data-widget_type=\"spacer.default\">\n\t\t\t\t<div class=\"elementor-widget-container\">\n\t\t\t\t\t<div class=\"elementor-spacer\">\n\t\t\t<div class=\"elementor-spacer-inner\"><\/div>\n\t\t<\/div>\n\t\t\t\t<\/div>\n\t\t\t\t<\/div>\n\t\t\t\t<div class=\"elementor-element elementor-element-f2e6d55 elementor-widget elementor-widget-heading\" data-id=\"f2e6d55\" data-element_type=\"widget\" data-widget_type=\"heading.default\">\n\t\t\t\t<div class=\"elementor-widget-container\">\n\t\t\t<h3 class=\"elementor-heading-title elementor-size-default\">Sostegno a progetti sociali nella regione<\/h3>\t\t<\/div>\n\t\t\t\t<\/div>\n\t\t\t\t<div class=\"elementor-element elementor-element-50cdfcb7 elementor-widget elementor-widget-text-editor\" data-id=\"50cdfcb7\" data-element_type=\"widget\" data-widget_type=\"text-editor.default\">\n\t\t\t\t<div class=\"elementor-widget-container\">\n\t\t\t\t\t\t\t<ul>\n<li>Aiuta i bambini \u2013 Progetto<\/li>\n<li>Taxi per bambini per l\u2019asilo di Philippsburg<\/li>\n<li>Donazioni ai senzatetto<\/li>\n<\/ul>\n\t\t\t\t\t\t<\/div>\n\t\t\t\t<\/div>\n\t\t\t\t\t<\/div>\n\t\t<\/div>\n\t\t\t\t\t<\/div>\n\t\t<\/section>\n\t\t\t\t<section class=\"has_eae_slider elementor-section elementor-top-section elementor-element elementor-element-7bbbcd21 elementor-section-boxed elementor-section-height-default elementor-section-height-default\" data-id=\"7bbbcd21\" data-element_type=\"section\" data-settings=\"{&quot;background_background&quot;:&quot;classic&quot;}\">\n\t\t\t\t\t\t\t<div class=\"elementor-background-overlay\"><\/div>\n\t\t\t\t\t\t\t<div class=\"elementor-container elementor-column-gap-default\">\n\t\t\t\t\t<div class=\"has_eae_slider elementor-column elementor-col-50 elementor-top-column elementor-element elementor-element-b2992e0\" data-id=\"b2992e0\" data-element_type=\"column\">\n\t\t\t<div class=\"elementor-widget-wrap elementor-element-populated\">\n\t\t\t\t\t\t<div class=\"elementor-element elementor-element-bb32023 elementor-widget elementor-widget-spacer\" data-id=\"bb32023\" data-element_type=\"widget\" data-widget_type=\"spacer.default\">\n\t\t\t\t<div class=\"elementor-widget-container\">\n\t\t\t\t\t<div class=\"elementor-spacer\">\n\t\t\t<div class=\"elementor-spacer-inner\"><\/div>\n\t\t<\/div>\n\t\t\t\t<\/div>\n\t\t\t\t<\/div>\n\t\t\t\t<div class=\"elementor-element elementor-element-7127d0a6 elementor-widget elementor-widget-heading\" data-id=\"7127d0a6\" data-element_type=\"widget\" data-widget_type=\"heading.default\">\n\t\t\t\t<div class=\"elementor-widget-container\">\n\t\t\t<h3 class=\"elementor-heading-title elementor-size-default\">Ci siamo l'uno per l'altro<\/h3>\t\t<\/div>\n\t\t\t\t<\/div>\n\t\t\t\t<div class=\"elementor-element elementor-element-1abc436f elementor-widget elementor-widget-text-editor\" data-id=\"1abc436f\" data-element_type=\"widget\" data-widget_type=\"text-editor.default\">\n\t\t\t\t<div class=\"elementor-widget-container\">\n\t\t\t\t\t\t\t<p>Non ci vediamo come un fornitore ma come un partner affidabile. Lo scambio con i nostri clienti \u00e8 enormemente importante per noi e diamo tutto affinch\u00e9 i nostri clienti possano offrire la migliore consulenza possibile, prodotti di alta qualit\u00e0 e sicuri e quindi metodi di trattamento eccellenti.<\/p>\n<p>Questo include anche la facilitazione di vari processi nel lavoro quotidiano dei nostri clienti. Oltre alla digitalizzazione interna, vogliamo anche guidare la digitalizzazione per i nostri clienti. A questo scopo, offriamo servizi speciali:<\/p>\n<ul>\n<li>Concezioni di social media<\/li>\n<li>Cooperazione con il negozio online CNC direct<\/li>\n<li>Immagini per homepage<\/li>\n<li>Formazione online<\/li>\n<li>Aree di download nel negozio<\/li>\n<\/ul>\n\t\t\t\t\t\t<\/div>\n\t\t\t\t<\/div>\n\t\t\t\t\t<\/div>\n\t\t<\/div>\n\t\t\t\t<div class=\"has_eae_slider elementor-column elementor-col-50 elementor-top-column elementor-element elementor-element-42edfc34\" data-id=\"42edfc34\" data-element_type=\"column\">\n\t\t\t<div class=\"elementor-widget-wrap elementor-element-populated\">\n\t\t\t\t\t\t<div class=\"elementor-element elementor-element-bdde69c elementor-widget elementor-widget-image\" data-id=\"bdde69c\" data-element_type=\"widget\" data-widget_type=\"image.default\">\n\t\t\t\t<div class=\"elementor-widget-container\">\n\t\t\t\t\t\t\t\t\t\t\t\t\t<img fetchpriority=\"high\" decoding=\"async\" width=\"750\" height=\"583\" src=\"https:\/\/apply.cnc-cosmetic.de\/wp-content\/uploads\/2021\/05\/digital_01-2.jpg\" class=\"attachment-large size-large wp-image-6600\" alt=\"\" srcset=\"https:\/\/apply.cnc-cosmetic.de\/wp-content\/uploads\/2021\/05\/digital_01-2.jpg 750w, https:\/\/apply.cnc-cosmetic.de\/wp-content\/uploads\/2021\/05\/digital_01-2-300x233.jpg 300w\" sizes=\"(max-width: 750px) 100vw, 750px\" \/>\t\t\t\t\t\t\t\t\t\t\t\t\t<\/div>\n\t\t\t\t<\/div>\n\t\t\t\t\t<\/div>\n\t\t<\/div>\n\t\t\t\t\t<\/div>\n\t\t<\/section>\n\t\t\t\t<section class=\"has_eae_slider elementor-section elementor-top-section elementor-element elementor-element-c36e932 elementor-section-boxed elementor-section-height-default elementor-section-height-default\" data-id=\"c36e932\" data-element_type=\"section\">\n\t\t\t\t\t\t<div class=\"elementor-container elementor-column-gap-default\">\n\t\t\t\t\t<div class=\"has_eae_slider elementor-column elementor-col-100 elementor-top-column elementor-element elementor-element-e48d271\" data-id=\"e48d271\" data-element_type=\"column\">\n\t\t\t<div class=\"elementor-widget-wrap elementor-element-populated\">\n\t\t\t\t\t\t<div class=\"elementor-element elementor-element-93f9020 elementor-widget elementor-widget-spacer\" data-id=\"93f9020\" data-element_type=\"widget\" data-widget_type=\"spacer.default\">\n\t\t\t\t<div class=\"elementor-widget-container\">\n\t\t\t\t\t<div class=\"elementor-spacer\">\n\t\t\t<div class=\"elementor-spacer-inner\"><\/div>\n\t\t<\/div>\n\t\t\t\t<\/div>\n\t\t\t\t<\/div>\n\t\t\t\t\t<\/div>\n\t\t<\/div>\n\t\t\t\t\t<\/div>\n\t\t<\/section>\n\t\t\t\t<\/div>\n\t\t","protected":false},"excerpt":{"rendered":"<p>Ciao mondo! Noi della CNC aiutiamo a plasmare il mondo. CNC Family Famiglia CNC Siamo una grande squadra! Noi\u2026 promuoviamo i dipendenti attraverso una formazione costante offriamo un programma speciale di sport &amp; prevenzione della salute nelle nostre sale di formazione di nuova concezione: Esercizi di salto e di schiena hanno strutture moderne per spegnersi [&hellip;]<\/p>\n","protected":false},"author":4,"featured_media":0,"parent":12232,"menu_order":2,"comment_status":"closed","ping_status":"closed","template":"page-sub.php","meta":{"footnotes":""},"class_list":["post-12301","page","type-page","status-publish","hentry"],"acf":[],"yoast_head":"<!-- This site is optimized with the Yoast SEO plugin v22.0 - https:\/\/yoast.com\/wordpress\/plugins\/seo\/ -->\n<title>CNC e responsabilit\u00e0 sociale - CNC<\/title>\n<meta name=\"robots\" content=\"noindex, follow, max-snippet:-1, max-image-preview:large, max-video-preview:-1\" \/>\n<meta property=\"og:locale\" content=\"it_IT\" \/>\n<meta property=\"og:type\" content=\"article\" \/>\n<meta property=\"og:title\" content=\"CNC e responsabilit\u00e0 sociale - CNC\" \/>\n<meta property=\"og:description\" content=\"Ciao mondo! Noi della CNC aiutiamo a plasmare il mondo. CNC Family Famiglia CNC Siamo una grande squadra! Noi\u2026 promuoviamo i dipendenti attraverso una formazione costante offriamo un programma speciale di sport &amp; prevenzione della salute nelle nostre sale di formazione di nuova concezione: Esercizi di salto e di schiena hanno strutture moderne per spegnersi [&hellip;]\" \/>\n<meta property=\"og:url\" content=\"https:\/\/apply.cnc-cosmetic.de\/it\/casa\/chi-siamo\/cnc-e-responsabilita-sociale\/\" \/>\n<meta property=\"og:site_name\" content=\"CNC\" \/>\n<meta property=\"article:modified_time\" content=\"2021-10-18T13:29:33+00:00\" \/>\n<meta property=\"og:image\" content=\"https:\/\/apply.cnc-cosmetic.de\/wp-content\/uploads\/elementor\/thumbs\/Help-for-Children-Logo-1-p5kdpmhkkrcpr2ofki7l6d2iibdhwe2ryjfevsvq5y.png\" \/>\n<meta name=\"twitter:card\" content=\"summary_large_image\" \/>\n<meta name=\"twitter:label1\" content=\"Tempo di lettura stimato\" \/>\n\t<meta name=\"twitter:data1\" content=\"1 minuto\" \/>\n<script type=\"application\/ld+json\" class=\"yoast-schema-graph\">{\"@context\":\"https:\/\/schema.org\",\"@graph\":[{\"@type\":\"WebPage\",\"@id\":\"https:\/\/apply.cnc-cosmetic.de\/it\/casa\/chi-siamo\/cnc-e-responsabilita-sociale\/\",\"url\":\"https:\/\/apply.cnc-cosmetic.de\/it\/casa\/chi-siamo\/cnc-e-responsabilita-sociale\/\",\"name\":\"CNC e responsabilit\u00e0 sociale - CNC\",\"isPartOf\":{\"@id\":\"https:\/\/apply.cnc-cosmetic.de\/#website\"},\"datePublished\":\"2021-10-18T13:29:31+00:00\",\"dateModified\":\"2021-10-18T13:29:33+00:00\",\"breadcrumb\":{\"@id\":\"https:\/\/apply.cnc-cosmetic.de\/it\/casa\/chi-siamo\/cnc-e-responsabilita-sociale\/#breadcrumb\"},\"inLanguage\":\"it-IT\",\"potentialAction\":[{\"@type\":\"ReadAction\",\"target\":[\"https:\/\/apply.cnc-cosmetic.de\/it\/casa\/chi-siamo\/cnc-e-responsabilita-sociale\/\"]}]},{\"@type\":\"BreadcrumbList\",\"@id\":\"https:\/\/apply.cnc-cosmetic.de\/it\/casa\/chi-siamo\/cnc-e-responsabilita-sociale\/#breadcrumb\",\"itemListElement\":[{\"@type\":\"ListItem\",\"position\":1,\"name\":\"Startseite\",\"item\":\"https:\/\/apply.cnc-cosmetic.de\/\"},{\"@type\":\"ListItem\",\"position\":2,\"name\":\"Casa\",\"item\":\"https:\/\/apply.cnc-cosmetic.de\/it\/\"},{\"@type\":\"ListItem\",\"position\":3,\"name\":\"chi siamo\",\"item\":\"https:\/\/apply.cnc-cosmetic.de\/it\/casa\/chi-siamo\/\"},{\"@type\":\"ListItem\",\"position\":4,\"name\":\"CNC e responsabilit\u00e0 sociale\"}]},{\"@type\":\"WebSite\",\"@id\":\"https:\/\/apply.cnc-cosmetic.de\/#website\",\"url\":\"https:\/\/apply.cnc-cosmetic.de\/\",\"name\":\"CNC\",\"description\":\"Eine weitere WordPress-Website\",\"publisher\":{\"@id\":\"https:\/\/apply.cnc-cosmetic.de\/#organization\"},\"potentialAction\":[{\"@type\":\"SearchAction\",\"target\":{\"@type\":\"EntryPoint\",\"urlTemplate\":\"https:\/\/apply.cnc-cosmetic.de\/?s={search_term_string}\"},\"query-input\":\"required name=search_term_string\"}],\"inLanguage\":\"it-IT\"},{\"@type\":\"Organization\",\"@id\":\"https:\/\/apply.cnc-cosmetic.de\/#organization\",\"name\":\"CNC\",\"url\":\"https:\/\/apply.cnc-cosmetic.de\/\",\"logo\":{\"@type\":\"ImageObject\",\"inLanguage\":\"it-IT\",\"@id\":\"https:\/\/apply.cnc-cosmetic.de\/#\/schema\/logo\/image\/\",\"url\":\"https:\/\/apply.cnc-cosmetic.de\/wp-content\/uploads\/2020\/10\/Logo_CNC_4c_bc.png\",\"contentUrl\":\"https:\/\/apply.cnc-cosmetic.de\/wp-content\/uploads\/2020\/10\/Logo_CNC_4c_bc.png\",\"width\":500,\"height\":341,\"caption\":\"CNC\"},\"image\":{\"@id\":\"https:\/\/apply.cnc-cosmetic.de\/#\/schema\/logo\/image\/\"}}]}<\/script>\n<!-- \/ Yoast SEO plugin. -->","yoast_head_json":{"title":"CNC e responsabilit\u00e0 sociale - CNC","robots":{"index":"noindex","follow":"follow","max-snippet":"max-snippet:-1","max-image-preview":"max-image-preview:large","max-video-preview":"max-video-preview:-1"},"og_locale":"it_IT","og_type":"article","og_title":"CNC e responsabilit\u00e0 sociale - CNC","og_description":"Ciao mondo! Noi della CNC aiutiamo a plasmare il mondo. CNC Family Famiglia CNC Siamo una grande squadra! Noi\u2026 promuoviamo i dipendenti attraverso una formazione costante offriamo un programma speciale di sport &amp; prevenzione della salute nelle nostre sale di formazione di nuova concezione: Esercizi di salto e di schiena hanno strutture moderne per spegnersi [&hellip;]","og_url":"https:\/\/apply.cnc-cosmetic.de\/it\/casa\/chi-siamo\/cnc-e-responsabilita-sociale\/","og_site_name":"CNC","article_modified_time":"2021-10-18T13:29:33+00:00","og_image":[{"url":"https:\/\/apply.cnc-cosmetic.de\/wp-content\/uploads\/elementor\/thumbs\/Help-for-Children-Logo-1-p5kdpmhkkrcpr2ofki7l6d2iibdhwe2ryjfevsvq5y.png"}],"twitter_card":"summary_large_image","twitter_misc":{"Tempo di lettura stimato":"1 minuto"},"schema":{"@context":"https:\/\/schema.org","@graph":[{"@type":"WebPage","@id":"https:\/\/apply.cnc-cosmetic.de\/it\/casa\/chi-siamo\/cnc-e-responsabilita-sociale\/","url":"https:\/\/apply.cnc-cosmetic.de\/it\/casa\/chi-siamo\/cnc-e-responsabilita-sociale\/","name":"CNC e responsabilit\u00e0 sociale - CNC","isPartOf":{"@id":"https:\/\/apply.cnc-cosmetic.de\/#website"},"datePublished":"2021-10-18T13:29:31+00:00","dateModified":"2021-10-18T13:29:33+00:00","breadcrumb":{"@id":"https:\/\/apply.cnc-cosmetic.de\/it\/casa\/chi-siamo\/cnc-e-responsabilita-sociale\/#breadcrumb"},"inLanguage":"it-IT","potentialAction":[{"@type":"ReadAction","target":["https:\/\/apply.cnc-cosmetic.de\/it\/casa\/chi-siamo\/cnc-e-responsabilita-sociale\/"]}]},{"@type":"BreadcrumbList","@id":"https:\/\/apply.cnc-cosmetic.de\/it\/casa\/chi-siamo\/cnc-e-responsabilita-sociale\/#breadcrumb","itemListElement":[{"@type":"ListItem","position":1,"name":"Startseite","item":"https:\/\/apply.cnc-cosmetic.de\/"},{"@type":"ListItem","position":2,"name":"Casa","item":"https:\/\/apply.cnc-cosmetic.de\/it\/"},{"@type":"ListItem","position":3,"name":"chi siamo","item":"https:\/\/apply.cnc-cosmetic.de\/it\/casa\/chi-siamo\/"},{"@type":"ListItem","position":4,"name":"CNC e responsabilit\u00e0 sociale"}]},{"@type":"WebSite","@id":"https:\/\/apply.cnc-cosmetic.de\/#website","url":"https:\/\/apply.cnc-cosmetic.de\/","name":"CNC","description":"Eine weitere WordPress-Website","publisher":{"@id":"https:\/\/apply.cnc-cosmetic.de\/#organization"},"potentialAction":[{"@type":"SearchAction","target":{"@type":"EntryPoint","urlTemplate":"https:\/\/apply.cnc-cosmetic.de\/?s={search_term_string}"},"query-input":"required name=search_term_string"}],"inLanguage":"it-IT"},{"@type":"Organization","@id":"https:\/\/apply.cnc-cosmetic.de\/#organization","name":"CNC","url":"https:\/\/apply.cnc-cosmetic.de\/","logo":{"@type":"ImageObject","inLanguage":"it-IT","@id":"https:\/\/apply.cnc-cosmetic.de\/#\/schema\/logo\/image\/","url":"https:\/\/apply.cnc-cosmetic.de\/wp-content\/uploads\/2020\/10\/Logo_CNC_4c_bc.png","contentUrl":"https:\/\/apply.cnc-cosmetic.de\/wp-content\/uploads\/2020\/10\/Logo_CNC_4c_bc.png","width":500,"height":341,"caption":"CNC"},"image":{"@id":"https:\/\/apply.cnc-cosmetic.de\/#\/schema\/logo\/image\/"}}]}},"_links":{"self":[{"href":"https:\/\/apply.cnc-cosmetic.de\/it\/wp-json\/wp\/v2\/pages\/12301","targetHints":{"allow":["GET"]}}],"collection":[{"href":"https:\/\/apply.cnc-cosmetic.de\/it\/wp-json\/wp\/v2\/pages"}],"about":[{"href":"https:\/\/apply.cnc-cosmetic.de\/it\/wp-json\/wp\/v2\/types\/page"}],"author":[{"embeddable":true,"href":"https:\/\/apply.cnc-cosmetic.de\/it\/wp-json\/wp\/v2\/users\/4"}],"replies":[{"embeddable":true,"href":"https:\/\/apply.cnc-cosmetic.de\/it\/wp-json\/wp\/v2\/comments?post=12301"}],"version-history":[{"count":0,"href":"https:\/\/apply.cnc-cosmetic.de\/it\/wp-json\/wp\/v2\/pages\/12301\/revisions"}],"up":[{"embeddable":true,"href":"https:\/\/apply.cnc-cosmetic.de\/it\/wp-json\/wp\/v2\/pages\/12232"}],"wp:attachment":[{"href":"https:\/\/apply.cnc-cosmetic.de\/it\/wp-json\/wp\/v2\/media?parent=12301"}],"curies":[{"name":"wp","href":"https:\/\/api.w.org\/{rel}","templated":true}]}}