{"id":12370,"date":"2021-10-18T15:59:54","date_gmt":"2021-10-18T13:59:54","guid":{"rendered":"https:\/\/apply.cnc-cosmetic.de\/impronta\/"},"modified":"2021-10-18T15:59:55","modified_gmt":"2021-10-18T13:59:55","slug":"impronta","status":"publish","type":"page","link":"https:\/\/apply.cnc-cosmetic.de\/it\/impronta\/","title":{"rendered":"impronta"},"content":{"rendered":"\t\t<div data-elementor-type=\"wp-page\" data-elementor-id=\"12370\" class=\"elementor elementor-12370\" data-elementor-post-type=\"page\">\n\t\t\t\t\t\t<section class=\"has_eae_slider elementor-section elementor-top-section elementor-element elementor-element-2d5903c3 elementor-section-boxed elementor-section-height-default elementor-section-height-default\" data-id=\"2d5903c3\" data-element_type=\"section\">\n\t\t\t\t\t\t<div class=\"elementor-container elementor-column-gap-default\">\n\t\t\t\t\t<div class=\"has_eae_slider elementor-column elementor-col-100 elementor-top-column elementor-element elementor-element-5365a04b\" data-id=\"5365a04b\" data-element_type=\"column\">\n\t\t\t<div class=\"elementor-widget-wrap elementor-element-populated\">\n\t\t\t\t\t\t<div class=\"elementor-element elementor-element-468a5d70 elementor-widget elementor-widget-text-editor\" data-id=\"468a5d70\" data-element_type=\"widget\" data-widget_type=\"text-editor.default\">\n\t\t\t\t<div class=\"elementor-widget-container\">\n\t\t\t\t\t\t\t<h6><\/h6>\n<h6><b>Adresse:\u00a0\u00a0<\/b><br \/>\nCNC cosmetic GmbH<br \/>\nBruchst\u00fccker 9<br \/>\nD-76661 Philippsburg<\/h6>\n<p>RG \u00a0AG Mannheim HRB 250293<br \/>\nGesch\u00e4ftsf\u00fchrer: Rolf Hofheinz<\/p>\n<p>Tel:\u00a0 +49 7256- 93200<br \/>\nFax: +49 7256- 932020<br \/>\nE-Mail: kontakt@apply.cnc-cosmetic.de<\/p>\n<p>Ust-Ident-Nummer: DE 143077214<br \/>\nWEEE-Nr. DE 47609964<\/p>\n<p>&nbsp;<\/p>\n<p>&nbsp;<\/p>\n<h6><\/h6>\n<p>AVVISO DI RESPONSABILIT\u00c0:<br \/>\nNonostante un attento controllo del contenuto, non ci assumiamo alcuna responsabilit\u00e0 per il contenuto dei link esterni.<br \/>\nGli operatori dei siti collegati sono gli unici responsabili del loro contenuto.<\/p>\n<p>CNC-WEBSITE TERMINI DI UTILIZZO:<br \/>\nAccedendo al nostro sito web, si accettano, senza limitazione o qualificazione, i seguenti termini e condizioni:<br \/>\nIl sito web CNC, il nome e il marchio CNC SKINCARE sono protetti dall\u2019uso non autorizzato dalle leggi sul copyright e sui marchi. Non \u00e8 possibile utilizzare la propriet\u00e0 coperta da copyright e marchio di fabbrica della CNC. Tuttavia, \u00e8 possibile scaricare documenti da questo sito web solo per uso personale e non commerciale. Nessuna parte di questo sito, incluso ma non limitato al testo, ai disegni, alla grafica, alle fotografie e alle immagini qui contenute, pu\u00f2 essere copiata, riprodotta, altrimenti pubblicata, caricata, altrimenti inviata, modificata, trasmessa o distribuita o altrimenti sfruttata per qualsiasi scopo non personale, pubblico o commerciale senza il permesso scritto di CNC.<\/p>\n<h6><\/h6>\n\t\t\t\t\t\t<\/div>\n\t\t\t\t<\/div>\n\t\t\t\t\t<\/div>\n\t\t<\/div>\n\t\t\t\t\t<\/div>\n\t\t<\/section>\n\t\t\t\t<\/div>\n\t\t","protected":false},"excerpt":{"rendered":"<p>Adresse:\u00a0\u00a0 CNC cosmetic GmbH Bruchst\u00fccker 9 D-76661 Philippsburg RG \u00a0AG Mannheim HRB 250293 Gesch\u00e4ftsf\u00fchrer: Rolf Hofheinz Tel:\u00a0 +49 7256- 93200 Fax: +49 7256- 932020 E-Mail: kontakt@apply.cnc-cosmetic.de Ust-Ident-Nummer: DE 143077214 WEEE-Nr. DE 47609964 &nbsp; &nbsp; AVVISO DI RESPONSABILIT\u00c0: Nonostante un attento controllo del contenuto, non ci assumiamo alcuna responsabilit\u00e0 per il contenuto dei link esterni. Gli [&hellip;]<\/p>\n","protected":false},"author":9,"featured_media":0,"parent":0,"menu_order":0,"comment_status":"closed","ping_status":"closed","template":"","meta":{"footnotes":""},"class_list":["post-12370","page","type-page","status-publish","hentry"],"acf":[],"yoast_head":"<!-- This site is optimized with the Yoast SEO plugin v22.0 - https:\/\/yoast.com\/wordpress\/plugins\/seo\/ -->\n<title>impronta - CNC<\/title>\n<meta name=\"robots\" content=\"noindex, follow, max-snippet:-1, max-image-preview:large, max-video-preview:-1\" \/>\n<meta property=\"og:locale\" content=\"it_IT\" \/>\n<meta property=\"og:type\" content=\"article\" \/>\n<meta property=\"og:title\" content=\"impronta - CNC\" \/>\n<meta property=\"og:description\" content=\"Adresse:\u00a0\u00a0 CNC cosmetic GmbH Bruchst\u00fccker 9 D-76661 Philippsburg RG \u00a0AG Mannheim HRB 250293 Gesch\u00e4ftsf\u00fchrer: Rolf Hofheinz Tel:\u00a0 +49 7256- 93200 Fax: +49 7256- 932020 E-Mail: kontakt@apply.cnc-cosmetic.de Ust-Ident-Nummer: DE 143077214 WEEE-Nr. DE 47609964 &nbsp; &nbsp; AVVISO DI RESPONSABILIT\u00c0: Nonostante un attento controllo del contenuto, non ci assumiamo alcuna responsabilit\u00e0 per il contenuto dei link esterni. Gli [&hellip;]\" \/>\n<meta property=\"og:url\" content=\"https:\/\/apply.cnc-cosmetic.de\/it\/impronta\/\" \/>\n<meta property=\"og:site_name\" content=\"CNC\" \/>\n<meta property=\"article:modified_time\" content=\"2021-10-18T13:59:55+00:00\" \/>\n<meta name=\"twitter:card\" content=\"summary_large_image\" \/>\n<meta name=\"twitter:label1\" content=\"Tempo di lettura stimato\" \/>\n\t<meta name=\"twitter:data1\" content=\"1 minuto\" \/>\n<script type=\"application\/ld+json\" class=\"yoast-schema-graph\">{\"@context\":\"https:\/\/schema.org\",\"@graph\":[{\"@type\":\"WebPage\",\"@id\":\"https:\/\/apply.cnc-cosmetic.de\/it\/impronta\/\",\"url\":\"https:\/\/apply.cnc-cosmetic.de\/it\/impronta\/\",\"name\":\"impronta - CNC\",\"isPartOf\":{\"@id\":\"https:\/\/apply.cnc-cosmetic.de\/#website\"},\"datePublished\":\"2021-10-18T13:59:54+00:00\",\"dateModified\":\"2021-10-18T13:59:55+00:00\",\"breadcrumb\":{\"@id\":\"https:\/\/apply.cnc-cosmetic.de\/it\/impronta\/#breadcrumb\"},\"inLanguage\":\"it-IT\",\"potentialAction\":[{\"@type\":\"ReadAction\",\"target\":[\"https:\/\/apply.cnc-cosmetic.de\/it\/impronta\/\"]}]},{\"@type\":\"BreadcrumbList\",\"@id\":\"https:\/\/apply.cnc-cosmetic.de\/it\/impronta\/#breadcrumb\",\"itemListElement\":[{\"@type\":\"ListItem\",\"position\":1,\"name\":\"Startseite\",\"item\":\"https:\/\/apply.cnc-cosmetic.de\/\"},{\"@type\":\"ListItem\",\"position\":2,\"name\":\"impronta\"}]},{\"@type\":\"WebSite\",\"@id\":\"https:\/\/apply.cnc-cosmetic.de\/#website\",\"url\":\"https:\/\/apply.cnc-cosmetic.de\/\",\"name\":\"CNC\",\"description\":\"Eine weitere WordPress-Website\",\"publisher\":{\"@id\":\"https:\/\/apply.cnc-cosmetic.de\/#organization\"},\"potentialAction\":[{\"@type\":\"SearchAction\",\"target\":{\"@type\":\"EntryPoint\",\"urlTemplate\":\"https:\/\/apply.cnc-cosmetic.de\/?s={search_term_string}\"},\"query-input\":\"required name=search_term_string\"}],\"inLanguage\":\"it-IT\"},{\"@type\":\"Organization\",\"@id\":\"https:\/\/apply.cnc-cosmetic.de\/#organization\",\"name\":\"CNC\",\"url\":\"https:\/\/apply.cnc-cosmetic.de\/\",\"logo\":{\"@type\":\"ImageObject\",\"inLanguage\":\"it-IT\",\"@id\":\"https:\/\/apply.cnc-cosmetic.de\/#\/schema\/logo\/image\/\",\"url\":\"https:\/\/apply.cnc-cosmetic.de\/wp-content\/uploads\/2020\/10\/Logo_CNC_4c_bc.png\",\"contentUrl\":\"https:\/\/apply.cnc-cosmetic.de\/wp-content\/uploads\/2020\/10\/Logo_CNC_4c_bc.png\",\"width\":500,\"height\":341,\"caption\":\"CNC\"},\"image\":{\"@id\":\"https:\/\/apply.cnc-cosmetic.de\/#\/schema\/logo\/image\/\"}}]}<\/script>\n<!-- \/ Yoast SEO plugin. -->","yoast_head_json":{"title":"impronta - CNC","robots":{"index":"noindex","follow":"follow","max-snippet":"max-snippet:-1","max-image-preview":"max-image-preview:large","max-video-preview":"max-video-preview:-1"},"og_locale":"it_IT","og_type":"article","og_title":"impronta - CNC","og_description":"Adresse:\u00a0\u00a0 CNC cosmetic GmbH Bruchst\u00fccker 9 D-76661 Philippsburg RG \u00a0AG Mannheim HRB 250293 Gesch\u00e4ftsf\u00fchrer: Rolf Hofheinz Tel:\u00a0 +49 7256- 93200 Fax: +49 7256- 932020 E-Mail: kontakt@apply.cnc-cosmetic.de Ust-Ident-Nummer: DE 143077214 WEEE-Nr. DE 47609964 &nbsp; &nbsp; AVVISO DI RESPONSABILIT\u00c0: Nonostante un attento controllo del contenuto, non ci assumiamo alcuna responsabilit\u00e0 per il contenuto dei link esterni. Gli [&hellip;]","og_url":"https:\/\/apply.cnc-cosmetic.de\/it\/impronta\/","og_site_name":"CNC","article_modified_time":"2021-10-18T13:59:55+00:00","twitter_card":"summary_large_image","twitter_misc":{"Tempo di lettura stimato":"1 minuto"},"schema":{"@context":"https:\/\/schema.org","@graph":[{"@type":"WebPage","@id":"https:\/\/apply.cnc-cosmetic.de\/it\/impronta\/","url":"https:\/\/apply.cnc-cosmetic.de\/it\/impronta\/","name":"impronta - CNC","isPartOf":{"@id":"https:\/\/apply.cnc-cosmetic.de\/#website"},"datePublished":"2021-10-18T13:59:54+00:00","dateModified":"2021-10-18T13:59:55+00:00","breadcrumb":{"@id":"https:\/\/apply.cnc-cosmetic.de\/it\/impronta\/#breadcrumb"},"inLanguage":"it-IT","potentialAction":[{"@type":"ReadAction","target":["https:\/\/apply.cnc-cosmetic.de\/it\/impronta\/"]}]},{"@type":"BreadcrumbList","@id":"https:\/\/apply.cnc-cosmetic.de\/it\/impronta\/#breadcrumb","itemListElement":[{"@type":"ListItem","position":1,"name":"Startseite","item":"https:\/\/apply.cnc-cosmetic.de\/"},{"@type":"ListItem","position":2,"name":"impronta"}]},{"@type":"WebSite","@id":"https:\/\/apply.cnc-cosmetic.de\/#website","url":"https:\/\/apply.cnc-cosmetic.de\/","name":"CNC","description":"Eine weitere WordPress-Website","publisher":{"@id":"https:\/\/apply.cnc-cosmetic.de\/#organization"},"potentialAction":[{"@type":"SearchAction","target":{"@type":"EntryPoint","urlTemplate":"https:\/\/apply.cnc-cosmetic.de\/?s={search_term_string}"},"query-input":"required name=search_term_string"}],"inLanguage":"it-IT"},{"@type":"Organization","@id":"https:\/\/apply.cnc-cosmetic.de\/#organization","name":"CNC","url":"https:\/\/apply.cnc-cosmetic.de\/","logo":{"@type":"ImageObject","inLanguage":"it-IT","@id":"https:\/\/apply.cnc-cosmetic.de\/#\/schema\/logo\/image\/","url":"https:\/\/apply.cnc-cosmetic.de\/wp-content\/uploads\/2020\/10\/Logo_CNC_4c_bc.png","contentUrl":"https:\/\/apply.cnc-cosmetic.de\/wp-content\/uploads\/2020\/10\/Logo_CNC_4c_bc.png","width":500,"height":341,"caption":"CNC"},"image":{"@id":"https:\/\/apply.cnc-cosmetic.de\/#\/schema\/logo\/image\/"}}]}},"_links":{"self":[{"href":"https:\/\/apply.cnc-cosmetic.de\/it\/wp-json\/wp\/v2\/pages\/12370","targetHints":{"allow":["GET"]}}],"collection":[{"href":"https:\/\/apply.cnc-cosmetic.de\/it\/wp-json\/wp\/v2\/pages"}],"about":[{"href":"https:\/\/apply.cnc-cosmetic.de\/it\/wp-json\/wp\/v2\/types\/page"}],"author":[{"embeddable":true,"href":"https:\/\/apply.cnc-cosmetic.de\/it\/wp-json\/wp\/v2\/users\/9"}],"replies":[{"embeddable":true,"href":"https:\/\/apply.cnc-cosmetic.de\/it\/wp-json\/wp\/v2\/comments?post=12370"}],"version-history":[{"count":0,"href":"https:\/\/apply.cnc-cosmetic.de\/it\/wp-json\/wp\/v2\/pages\/12370\/revisions"}],"wp:attachment":[{"href":"https:\/\/apply.cnc-cosmetic.de\/it\/wp-json\/wp\/v2\/media?parent=12370"}],"curies":[{"name":"wp","href":"https:\/\/api.w.org\/{rel}","templated":true}]}}