{"id":12110,"date":"2021-10-18T15:05:15","date_gmt":"2021-10-18T13:05:15","guid":{"rendered":"https:\/\/apply.cnc-cosmetic.de\/produkty\/aesthetic-pharm\/"},"modified":"2021-10-18T15:05:15","modified_gmt":"2021-10-18T13:05:15","slug":"aesthetic-pharm","status":"publish","type":"page","link":"https:\/\/apply.cnc-cosmetic.de\/pl\/produkty\/aesthetic-pharm\/","title":{"rendered":"aesthetic pharm +"},"content":{"rendered":"\t\t<div data-elementor-type=\"wp-page\" data-elementor-id=\"12110\" class=\"elementor elementor-12110\" data-elementor-post-type=\"page\">\n\t\t\t\t\t\t<section class=\"has_eae_slider elementor-section elementor-top-section elementor-element elementor-element-7193bd0b elementor-section-boxed elementor-section-height-default elementor-section-height-default\" data-id=\"7193bd0b\" data-element_type=\"section\" data-settings=\"{&quot;background_background&quot;:&quot;classic&quot;}\">\n\t\t\t\t\t\t<div class=\"elementor-container elementor-column-gap-default\">\n\t\t\t\t\t<div class=\"has_eae_slider elementor-column elementor-col-50 elementor-top-column elementor-element elementor-element-60a2fda1\" data-id=\"60a2fda1\" data-element_type=\"column\">\n\t\t\t<div class=\"elementor-widget-wrap elementor-element-populated\">\n\t\t\t\t\t\t<div class=\"elementor-element elementor-element-0d668ae elementor-widget elementor-widget-text-editor\" data-id=\"0d668ae\" data-element_type=\"widget\" data-widget_type=\"text-editor.default\">\n\t\t\t\t<div class=\"elementor-widget-container\">\n\t\t\t\t\t\t\t<p>Aesthetic pharm to indywidualna piel\u0119gnacja dla ka\u017cdej sytuacji sk\u00f3rnej. W nowej linii koncentrat\u00f3w z wysokimi dawkami sk\u0142adnik\u00f3w aktywnych, masz mo\u017cliwo\u015b\u0107 wykorzystania ca\u0142ego potencja\u0142u. Koncentraty mog\u0105 by\u0107 mieszane ze sob\u0105 (skuteczno\u015b\u0107 potwierdzona badaniami). Indywidualny, osobisty koncentrat dla ka\u017cdego klienta + ka\u017cda sytuacja sk\u00f3rna. Mo\u017cliwa jest niezliczona ilo\u015b\u0107 kombinacji. Specjalne kremy piel\u0119gnacyjne + maseczki dope\u0142niaj\u0105 piel\u0119gnacji. Odwied\u017a nasze ca\u0142odniowe seminarium aesthetic pharm i zakwalifikuj si\u0119 jako Specjalista ds. piel\u0119gnacji sk\u00f3ry aesthetic pharm.<\/p>\n\t\t\t\t\t\t<\/div>\n\t\t\t\t<\/div>\n\t\t\t\t\t<\/div>\n\t\t<\/div>\n\t\t\t\t<div class=\"has_eae_slider elementor-column elementor-col-50 elementor-top-column elementor-element elementor-element-6dd5ead8\" data-id=\"6dd5ead8\" data-element_type=\"column\">\n\t\t\t<div class=\"elementor-widget-wrap elementor-element-populated\">\n\t\t\t\t\t\t<div class=\"elementor-element elementor-element-4fa5943c elementor-widget elementor-widget-text-editor\" data-id=\"4fa5943c\" data-element_type=\"widget\" data-widget_type=\"text-editor.default\">\n\t\t\t\t<div class=\"elementor-widget-container\">\n\t\t\t\t\t\t\t<p>Tematy:<br \/>\n\u2013 Sk\u00f3ra na przestrzeni wiek\u00f3w<br \/>\n\u2013 Sk\u0142adniki aktywne i ich sposoby dzia\u0142ania<br \/>\n\u2013 Tworzenie indywidualnych kombinacji sk\u0142adnik\u00f3w aktywnych<br \/>\n\u2013 Procedura zabiegowa (w tym wykorzystanie sprz\u0119tu)<\/p>\n<p>\u2013 Leczenie sk\u00f3ry. Tematyka obejmuje:<br \/>\n\u2013 sk\u00f3r\u0119 na przestrzeni wiek\u00f3w<br \/>\n\u2013 sk\u0142adniki aktywne i ich spos\u00f3b dzia\u0142ania<br \/>\n\u2013 tworzenie indywidualnych kombinacji sk\u0142adnik\u00f3w aktywnych<br \/>\n\u2013 procedury zabiegowe (w tym wykorzystanie sprz\u0119tu)<\/p>\n\t\t\t\t\t\t<\/div>\n\t\t\t\t<\/div>\n\t\t\t\t\t<\/div>\n\t\t<\/div>\n\t\t\t\t\t<\/div>\n\t\t<\/section>\n\t\t\t\t<\/div>\n\t\t","protected":false},"excerpt":{"rendered":"<p>Aesthetic pharm to indywidualna piel\u0119gnacja dla ka\u017cdej sytuacji sk\u00f3rnej. W nowej linii koncentrat\u00f3w z wysokimi dawkami sk\u0142adnik\u00f3w aktywnych, masz mo\u017cliwo\u015b\u0107 wykorzystania ca\u0142ego potencja\u0142u. Koncentraty mog\u0105 by\u0107 mieszane ze sob\u0105 (skuteczno\u015b\u0107 potwierdzona badaniami). Indywidualny, osobisty koncentrat dla ka\u017cdego klienta + ka\u017cda sytuacja sk\u00f3rna. Mo\u017cliwa jest niezliczona ilo\u015b\u0107 kombinacji. Specjalne kremy piel\u0119gnacyjne + maseczki dope\u0142niaj\u0105 piel\u0119gnacji. Odwied\u017a [&hellip;]<\/p>\n","protected":false},"author":9,"featured_media":0,"parent":12102,"menu_order":0,"comment_status":"closed","ping_status":"closed","template":"page-sub.php","meta":{"footnotes":""},"class_list":["post-12110","page","type-page","status-publish","hentry"],"acf":[],"yoast_head":"<!-- This site is optimized with the Yoast SEO plugin v22.0 - https:\/\/yoast.com\/wordpress\/plugins\/seo\/ -->\n<title>aesthetic pharm + - CNC<\/title>\n<meta name=\"robots\" content=\"noindex, follow, max-snippet:-1, max-image-preview:large, max-video-preview:-1\" \/>\n<meta property=\"og:locale\" content=\"pl_PL\" \/>\n<meta property=\"og:type\" content=\"article\" \/>\n<meta property=\"og:title\" content=\"aesthetic pharm + - CNC\" \/>\n<meta property=\"og:description\" content=\"Aesthetic pharm to indywidualna piel\u0119gnacja dla ka\u017cdej sytuacji sk\u00f3rnej. W nowej linii koncentrat\u00f3w z wysokimi dawkami sk\u0142adnik\u00f3w aktywnych, masz mo\u017cliwo\u015b\u0107 wykorzystania ca\u0142ego potencja\u0142u. Koncentraty mog\u0105 by\u0107 mieszane ze sob\u0105 (skuteczno\u015b\u0107 potwierdzona badaniami). Indywidualny, osobisty koncentrat dla ka\u017cdego klienta + ka\u017cda sytuacja sk\u00f3rna. Mo\u017cliwa jest niezliczona ilo\u015b\u0107 kombinacji. Specjalne kremy piel\u0119gnacyjne + maseczki dope\u0142niaj\u0105 piel\u0119gnacji. Odwied\u017a [&hellip;]\" \/>\n<meta property=\"og:url\" content=\"https:\/\/apply.cnc-cosmetic.de\/pl\/produkty\/aesthetic-pharm\/\" \/>\n<meta property=\"og:site_name\" content=\"CNC\" \/>\n<meta name=\"twitter:card\" content=\"summary_large_image\" \/>\n<meta name=\"twitter:label1\" content=\"Szacowany czas czytania\" \/>\n\t<meta name=\"twitter:data1\" content=\"1 minuta\" \/>\n<script type=\"application\/ld+json\" class=\"yoast-schema-graph\">{\"@context\":\"https:\/\/schema.org\",\"@graph\":[{\"@type\":\"WebPage\",\"@id\":\"https:\/\/apply.cnc-cosmetic.de\/pl\/produkty\/aesthetic-pharm\/\",\"url\":\"https:\/\/apply.cnc-cosmetic.de\/pl\/produkty\/aesthetic-pharm\/\",\"name\":\"aesthetic pharm + - CNC\",\"isPartOf\":{\"@id\":\"https:\/\/apply.cnc-cosmetic.de\/#website\"},\"datePublished\":\"2021-10-18T13:05:15+00:00\",\"dateModified\":\"2021-10-18T13:05:15+00:00\",\"breadcrumb\":{\"@id\":\"https:\/\/apply.cnc-cosmetic.de\/pl\/produkty\/aesthetic-pharm\/#breadcrumb\"},\"inLanguage\":\"pl-PL\",\"potentialAction\":[{\"@type\":\"ReadAction\",\"target\":[\"https:\/\/apply.cnc-cosmetic.de\/pl\/produkty\/aesthetic-pharm\/\"]}]},{\"@type\":\"BreadcrumbList\",\"@id\":\"https:\/\/apply.cnc-cosmetic.de\/pl\/produkty\/aesthetic-pharm\/#breadcrumb\",\"itemListElement\":[{\"@type\":\"ListItem\",\"position\":1,\"name\":\"Startseite\",\"item\":\"https:\/\/apply.cnc-cosmetic.de\/\"},{\"@type\":\"ListItem\",\"position\":2,\"name\":\"Produkty\",\"item\":\"https:\/\/apply.cnc-cosmetic.de\/pl\/produkty\/\"},{\"@type\":\"ListItem\",\"position\":3,\"name\":\"aesthetic pharm +\"}]},{\"@type\":\"WebSite\",\"@id\":\"https:\/\/apply.cnc-cosmetic.de\/#website\",\"url\":\"https:\/\/apply.cnc-cosmetic.de\/\",\"name\":\"CNC\",\"description\":\"Eine weitere WordPress-Website\",\"publisher\":{\"@id\":\"https:\/\/apply.cnc-cosmetic.de\/#organization\"},\"potentialAction\":[{\"@type\":\"SearchAction\",\"target\":{\"@type\":\"EntryPoint\",\"urlTemplate\":\"https:\/\/apply.cnc-cosmetic.de\/?s={search_term_string}\"},\"query-input\":\"required name=search_term_string\"}],\"inLanguage\":\"pl-PL\"},{\"@type\":\"Organization\",\"@id\":\"https:\/\/apply.cnc-cosmetic.de\/#organization\",\"name\":\"CNC\",\"url\":\"https:\/\/apply.cnc-cosmetic.de\/\",\"logo\":{\"@type\":\"ImageObject\",\"inLanguage\":\"pl-PL\",\"@id\":\"https:\/\/apply.cnc-cosmetic.de\/#\/schema\/logo\/image\/\",\"url\":\"https:\/\/apply.cnc-cosmetic.de\/wp-content\/uploads\/2020\/10\/Logo_CNC_4c_bc.png\",\"contentUrl\":\"https:\/\/apply.cnc-cosmetic.de\/wp-content\/uploads\/2020\/10\/Logo_CNC_4c_bc.png\",\"width\":500,\"height\":341,\"caption\":\"CNC\"},\"image\":{\"@id\":\"https:\/\/apply.cnc-cosmetic.de\/#\/schema\/logo\/image\/\"}}]}<\/script>\n<!-- \/ Yoast SEO plugin. -->","yoast_head_json":{"title":"aesthetic pharm + - CNC","robots":{"index":"noindex","follow":"follow","max-snippet":"max-snippet:-1","max-image-preview":"max-image-preview:large","max-video-preview":"max-video-preview:-1"},"og_locale":"pl_PL","og_type":"article","og_title":"aesthetic pharm + - CNC","og_description":"Aesthetic pharm to indywidualna piel\u0119gnacja dla ka\u017cdej sytuacji sk\u00f3rnej. W nowej linii koncentrat\u00f3w z wysokimi dawkami sk\u0142adnik\u00f3w aktywnych, masz mo\u017cliwo\u015b\u0107 wykorzystania ca\u0142ego potencja\u0142u. Koncentraty mog\u0105 by\u0107 mieszane ze sob\u0105 (skuteczno\u015b\u0107 potwierdzona badaniami). Indywidualny, osobisty koncentrat dla ka\u017cdego klienta + ka\u017cda sytuacja sk\u00f3rna. Mo\u017cliwa jest niezliczona ilo\u015b\u0107 kombinacji. Specjalne kremy piel\u0119gnacyjne + maseczki dope\u0142niaj\u0105 piel\u0119gnacji. Odwied\u017a [&hellip;]","og_url":"https:\/\/apply.cnc-cosmetic.de\/pl\/produkty\/aesthetic-pharm\/","og_site_name":"CNC","twitter_card":"summary_large_image","twitter_misc":{"Szacowany czas czytania":"1 minuta"},"schema":{"@context":"https:\/\/schema.org","@graph":[{"@type":"WebPage","@id":"https:\/\/apply.cnc-cosmetic.de\/pl\/produkty\/aesthetic-pharm\/","url":"https:\/\/apply.cnc-cosmetic.de\/pl\/produkty\/aesthetic-pharm\/","name":"aesthetic pharm + - CNC","isPartOf":{"@id":"https:\/\/apply.cnc-cosmetic.de\/#website"},"datePublished":"2021-10-18T13:05:15+00:00","dateModified":"2021-10-18T13:05:15+00:00","breadcrumb":{"@id":"https:\/\/apply.cnc-cosmetic.de\/pl\/produkty\/aesthetic-pharm\/#breadcrumb"},"inLanguage":"pl-PL","potentialAction":[{"@type":"ReadAction","target":["https:\/\/apply.cnc-cosmetic.de\/pl\/produkty\/aesthetic-pharm\/"]}]},{"@type":"BreadcrumbList","@id":"https:\/\/apply.cnc-cosmetic.de\/pl\/produkty\/aesthetic-pharm\/#breadcrumb","itemListElement":[{"@type":"ListItem","position":1,"name":"Startseite","item":"https:\/\/apply.cnc-cosmetic.de\/"},{"@type":"ListItem","position":2,"name":"Produkty","item":"https:\/\/apply.cnc-cosmetic.de\/pl\/produkty\/"},{"@type":"ListItem","position":3,"name":"aesthetic pharm +"}]},{"@type":"WebSite","@id":"https:\/\/apply.cnc-cosmetic.de\/#website","url":"https:\/\/apply.cnc-cosmetic.de\/","name":"CNC","description":"Eine weitere WordPress-Website","publisher":{"@id":"https:\/\/apply.cnc-cosmetic.de\/#organization"},"potentialAction":[{"@type":"SearchAction","target":{"@type":"EntryPoint","urlTemplate":"https:\/\/apply.cnc-cosmetic.de\/?s={search_term_string}"},"query-input":"required name=search_term_string"}],"inLanguage":"pl-PL"},{"@type":"Organization","@id":"https:\/\/apply.cnc-cosmetic.de\/#organization","name":"CNC","url":"https:\/\/apply.cnc-cosmetic.de\/","logo":{"@type":"ImageObject","inLanguage":"pl-PL","@id":"https:\/\/apply.cnc-cosmetic.de\/#\/schema\/logo\/image\/","url":"https:\/\/apply.cnc-cosmetic.de\/wp-content\/uploads\/2020\/10\/Logo_CNC_4c_bc.png","contentUrl":"https:\/\/apply.cnc-cosmetic.de\/wp-content\/uploads\/2020\/10\/Logo_CNC_4c_bc.png","width":500,"height":341,"caption":"CNC"},"image":{"@id":"https:\/\/apply.cnc-cosmetic.de\/#\/schema\/logo\/image\/"}}]}},"_links":{"self":[{"href":"https:\/\/apply.cnc-cosmetic.de\/pl\/wp-json\/wp\/v2\/pages\/12110","targetHints":{"allow":["GET"]}}],"collection":[{"href":"https:\/\/apply.cnc-cosmetic.de\/pl\/wp-json\/wp\/v2\/pages"}],"about":[{"href":"https:\/\/apply.cnc-cosmetic.de\/pl\/wp-json\/wp\/v2\/types\/page"}],"author":[{"embeddable":true,"href":"https:\/\/apply.cnc-cosmetic.de\/pl\/wp-json\/wp\/v2\/users\/9"}],"replies":[{"embeddable":true,"href":"https:\/\/apply.cnc-cosmetic.de\/pl\/wp-json\/wp\/v2\/comments?post=12110"}],"version-history":[{"count":0,"href":"https:\/\/apply.cnc-cosmetic.de\/pl\/wp-json\/wp\/v2\/pages\/12110\/revisions"}],"up":[{"embeddable":true,"href":"https:\/\/apply.cnc-cosmetic.de\/pl\/wp-json\/wp\/v2\/pages\/12102"}],"wp:attachment":[{"href":"https:\/\/apply.cnc-cosmetic.de\/pl\/wp-json\/wp\/v2\/media?parent=12110"}],"curies":[{"name":"wp","href":"https:\/\/api.w.org\/{rel}","templated":true}]}}