{"id":12303,"date":"2021-10-18T15:30:03","date_gmt":"2021-10-18T13:30:03","guid":{"rendered":"https:\/\/apply.cnc-cosmetic.de\/o-nas\/cnc-i-odpowiedzialnosc-spoleczna\/"},"modified":"2021-10-18T15:30:04","modified_gmt":"2021-10-18T13:30:04","slug":"cnc-i-odpowiedzialnosc-spoleczna","status":"publish","type":"page","link":"https:\/\/apply.cnc-cosmetic.de\/pl\/dom\/o-nas\/cnc-i-odpowiedzialnosc-spoleczna\/","title":{"rendered":"CNC i odpowiedzialno\u015b\u0107 spo\u0142eczna"},"content":{"rendered":"\t\t<div data-elementor-type=\"wp-page\" data-elementor-id=\"12303\" class=\"elementor elementor-12303\" data-elementor-post-type=\"page\">\n\t\t\t\t\t\t<section class=\"has_eae_slider elementor-section elementor-top-section elementor-element elementor-element-396a64eb elementor-section-boxed elementor-section-height-default elementor-section-height-default\" data-id=\"396a64eb\" data-element_type=\"section\" data-settings=\"{&quot;background_background&quot;:&quot;classic&quot;}\">\n\t\t\t\t\t\t<div class=\"elementor-container elementor-column-gap-default\">\n\t\t\t\t\t<div class=\"has_eae_slider elementor-column elementor-col-50 elementor-top-column elementor-element elementor-element-2c1e71f4\" data-id=\"2c1e71f4\" data-element_type=\"column\">\n\t\t\t<div class=\"elementor-widget-wrap elementor-element-populated\">\n\t\t\t\t\t\t<div class=\"elementor-element elementor-element-e853a7c elementor-widget elementor-widget-heading\" data-id=\"e853a7c\" data-element_type=\"widget\" data-widget_type=\"heading.default\">\n\t\t\t\t<div class=\"elementor-widget-container\">\n\t\t\t<h2 class=\"elementor-heading-title elementor-size-default\"> Witaj \u015bwiecie! <br> W CNC pomagamy kszta\u0142towa\u0107 \u015bwiat.<\/h2>\t\t<\/div>\n\t\t\t\t<\/div>\n\t\t\t\t\t<\/div>\n\t\t<\/div>\n\t\t\t\t<div class=\"has_eae_slider elementor-column elementor-col-50 elementor-top-column elementor-element elementor-element-129ce8b\" data-id=\"129ce8b\" data-element_type=\"column\">\n\t\t\t<div class=\"elementor-widget-wrap\">\n\t\t\t\t\t\t\t<\/div>\n\t\t<\/div>\n\t\t\t\t\t<\/div>\n\t\t<\/section>\n\t\t\t\t<section class=\"has_eae_slider elementor-section elementor-top-section elementor-element elementor-element-906717f elementor-section-boxed elementor-section-height-default elementor-section-height-default\" data-id=\"906717f\" data-element_type=\"section\" data-settings=\"{&quot;background_background&quot;:&quot;classic&quot;}\">\n\t\t\t\t\t\t\t<div class=\"elementor-background-overlay\"><\/div>\n\t\t\t\t\t\t\t<div class=\"elementor-container elementor-column-gap-default\">\n\t\t\t\t\t<div class=\"has_eae_slider elementor-column elementor-col-50 elementor-top-column elementor-element elementor-element-2d07f00\" data-id=\"2d07f00\" data-element_type=\"column\">\n\t\t\t<div class=\"elementor-widget-wrap elementor-element-populated\">\n\t\t\t\t\t\t<div class=\"elementor-element elementor-element-5621868 elementor-widget elementor-widget-spacer\" data-id=\"5621868\" data-element_type=\"widget\" data-widget_type=\"spacer.default\">\n\t\t\t\t<div class=\"elementor-widget-container\">\n\t\t\t\t\t<div class=\"elementor-spacer\">\n\t\t\t<div class=\"elementor-spacer-inner\"><\/div>\n\t\t<\/div>\n\t\t\t\t<\/div>\n\t\t\t\t<\/div>\n\t\t\t\t<div class=\"elementor-element elementor-element-6acd0d9 elementor-widget elementor-widget-heading\" data-id=\"6acd0d9\" data-element_type=\"widget\" data-widget_type=\"heading.default\">\n\t\t\t\t<div class=\"elementor-widget-container\">\n\t\t\t<h3 class=\"elementor-heading-title elementor-size-default\">Rodzina CNC<\/h3>\t\t<\/div>\n\t\t\t\t<\/div>\n\t\t\t\t<div class=\"elementor-element elementor-element-263bd8c elementor-widget elementor-widget-text-editor\" data-id=\"263bd8c\" data-element_type=\"widget\" data-widget_type=\"text-editor.default\">\n\t\t\t\t<div class=\"elementor-widget-container\">\n\t\t\t\t\t\t\t<h3>Jeste\u015bmy \u015bwietnym zespo\u0142em!<br \/>\nWe\u2026<\/h3>\n<ul>\n<li>promujemy pracownik\u00f3w poprzez ci\u0105g\u0142e szkolenia<\/li>\n<li>oferujemy specjalny program sportowy &amp;profilaktyk\u0119 zdrowotn\u0105 w naszych nowo zaprojektowanych salach treningowych: Skoki i \u0107wiczenia plec\u00f3w<\/li>\n<li>posiadaj\u0105 nowoczesne zaplecze, aby wy\u0142\u0105czy\u0107 si\u0119 i czu\u0107 si\u0119 dobrze<\/li>\n<li>posiadaj\u0105 regularne imprezy pracownicze i du\u017co wsp\u00f3lnej zabawy<\/li>\n<\/ul>\n\t\t\t\t\t\t<\/div>\n\t\t\t\t<\/div>\n\t\t\t\t\t<\/div>\n\t\t<\/div>\n\t\t\t\t<div class=\"has_eae_slider elementor-column elementor-col-50 elementor-top-column elementor-element elementor-element-6bf23ed\" data-id=\"6bf23ed\" data-element_type=\"column\">\n\t\t\t<div class=\"elementor-widget-wrap\">\n\t\t\t\t\t\t\t<\/div>\n\t\t<\/div>\n\t\t\t\t\t<\/div>\n\t\t<\/section>\n\t\t\t\t<section class=\"has_eae_slider elementor-section elementor-top-section elementor-element elementor-element-bd2109b elementor-section-boxed elementor-section-height-default elementor-section-height-default\" data-id=\"bd2109b\" data-element_type=\"section\" data-settings=\"{&quot;background_background&quot;:&quot;classic&quot;}\">\n\t\t\t\t\t\t<div class=\"elementor-container elementor-column-gap-default\">\n\t\t\t\t\t<div class=\"has_eae_slider elementor-column elementor-col-50 elementor-top-column elementor-element elementor-element-7a414de9\" data-id=\"7a414de9\" data-element_type=\"column\" data-settings=\"{&quot;background_background&quot;:&quot;classic&quot;}\">\n\t\t\t<div class=\"elementor-widget-wrap elementor-element-populated\">\n\t\t\t\t\t\t<div class=\"elementor-element elementor-element-334b3aa elementor-widget elementor-widget-image\" data-id=\"334b3aa\" data-element_type=\"widget\" data-widget_type=\"image.default\">\n\t\t\t\t<div class=\"elementor-widget-container\">\n\t\t\t\t\t\t\t\t\t\t\t\t\t<img decoding=\"async\" data-src=\"https:\/\/apply.cnc-cosmetic.de\/wp-content\/uploads\/2021\/04\/Help-for-Children-Logo-1.png\" title=\"Help for Children Logo\" alt=\"Help for Children Logo\" loading=\"lazy\" src=\"data:image\/gif;base64,R0lGODlhAQABAAAAACH5BAEKAAEALAAAAAABAAEAAAICTAEAOw==\" class=\"lazyload\" \/><noscript><img decoding=\"async\" src=\"https:\/\/apply.cnc-cosmetic.de\/wp-content\/uploads\/2021\/04\/Help-for-Children-Logo-1.png\" title=\"Help for Children Logo\" alt=\"Help for Children Logo\" loading=\"lazy\" \/><\/noscript>\t\t\t\t\t\t\t\t\t\t\t\t\t<\/div>\n\t\t\t\t<\/div>\n\t\t\t\t\t<\/div>\n\t\t<\/div>\n\t\t\t\t<div class=\"has_eae_slider elementor-column elementor-col-50 elementor-top-column elementor-element elementor-element-596c665\" data-id=\"596c665\" data-element_type=\"column\">\n\t\t\t<div class=\"elementor-widget-wrap elementor-element-populated\">\n\t\t\t\t\t\t<div class=\"elementor-element elementor-element-6b66257 elementor-widget elementor-widget-spacer\" data-id=\"6b66257\" data-element_type=\"widget\" data-widget_type=\"spacer.default\">\n\t\t\t\t<div class=\"elementor-widget-container\">\n\t\t\t\t\t<div class=\"elementor-spacer\">\n\t\t\t<div class=\"elementor-spacer-inner\"><\/div>\n\t\t<\/div>\n\t\t\t\t<\/div>\n\t\t\t\t<\/div>\n\t\t\t\t<div class=\"elementor-element elementor-element-f2e6d55 elementor-widget elementor-widget-heading\" data-id=\"f2e6d55\" data-element_type=\"widget\" data-widget_type=\"heading.default\">\n\t\t\t\t<div class=\"elementor-widget-container\">\n\t\t\t<h3 class=\"elementor-heading-title elementor-size-default\">Wsparcie dla projekt\u00f3w spo\u0142ecznych w regionie<\/h3>\t\t<\/div>\n\t\t\t\t<\/div>\n\t\t\t\t<div class=\"elementor-element elementor-element-50cdfcb7 elementor-widget elementor-widget-text-editor\" data-id=\"50cdfcb7\" data-element_type=\"widget\" data-widget_type=\"text-editor.default\">\n\t\t\t\t<div class=\"elementor-widget-container\">\n\t\t\t\t\t\t\t<ul>\n<li>Pom\u00f3\u017c Dzieciom \u2013 Projekt<\/li>\n<li>Taks\u00f3wka dla Przedszkola w Philippsburgu<\/li>\n<li>Darowizny dla bezdomnych<\/li>\n<\/ul>\n\t\t\t\t\t\t<\/div>\n\t\t\t\t<\/div>\n\t\t\t\t\t<\/div>\n\t\t<\/div>\n\t\t\t\t\t<\/div>\n\t\t<\/section>\n\t\t\t\t<section class=\"has_eae_slider elementor-section elementor-top-section elementor-element elementor-element-7bbbcd21 elementor-section-boxed elementor-section-height-default elementor-section-height-default\" data-id=\"7bbbcd21\" data-element_type=\"section\" data-settings=\"{&quot;background_background&quot;:&quot;classic&quot;}\">\n\t\t\t\t\t\t\t<div class=\"elementor-background-overlay\"><\/div>\n\t\t\t\t\t\t\t<div class=\"elementor-container elementor-column-gap-default\">\n\t\t\t\t\t<div class=\"has_eae_slider elementor-column elementor-col-50 elementor-top-column elementor-element elementor-element-b2992e0\" data-id=\"b2992e0\" data-element_type=\"column\">\n\t\t\t<div class=\"elementor-widget-wrap elementor-element-populated\">\n\t\t\t\t\t\t<div class=\"elementor-element elementor-element-bb32023 elementor-widget elementor-widget-spacer\" data-id=\"bb32023\" data-element_type=\"widget\" data-widget_type=\"spacer.default\">\n\t\t\t\t<div class=\"elementor-widget-container\">\n\t\t\t\t\t<div class=\"elementor-spacer\">\n\t\t\t<div class=\"elementor-spacer-inner\"><\/div>\n\t\t<\/div>\n\t\t\t\t<\/div>\n\t\t\t\t<\/div>\n\t\t\t\t<div class=\"elementor-element elementor-element-7127d0a6 elementor-widget elementor-widget-heading\" data-id=\"7127d0a6\" data-element_type=\"widget\" data-widget_type=\"heading.default\">\n\t\t\t\t<div class=\"elementor-widget-container\">\n\t\t\t<h3 class=\"elementor-heading-title elementor-size-default\">Jeste\u015bmy dla siebie nawzajem<\/h3>\t\t<\/div>\n\t\t\t\t<\/div>\n\t\t\t\t<div class=\"elementor-element elementor-element-1abc436f elementor-widget elementor-widget-text-editor\" data-id=\"1abc436f\" data-element_type=\"widget\" data-widget_type=\"text-editor.default\">\n\t\t\t\t<div class=\"elementor-widget-container\">\n\t\t\t\t\t\t\t<p>Postrzegamy siebie nie jako dostawc\u0119, ale jako wiarygodnego partnera. Wymiana z naszymi klientami jest dla nas niezmiernie wa\u017cna i dajemy z siebie wszystko, aby naszym klientom zaoferowa\u0107 mo\u017cliwie najlepsze doradztwo, wysokiej jako\u015bci i bezpieczne produkty, a tym samym doskona\u0142e metody leczenia.<\/p>\n<p>Do tego nale\u017cy r\u00f3wnie\u017c u\u0142atwianie r\u00f3\u017cnych proces\u00f3w w codziennej pracy naszych klient\u00f3w. Opr\u00f3cz wewn\u0119trznej digitalizacji, chcemy r\u00f3wnie\u017c nap\u0119dza\u0107 digitalizacj\u0119 dla naszych klient\u00f3w. W tym celu oferujemy specjalne us\u0142ugi:<\/p>\n<p>Koncepcje social media<br \/>\nWsp\u00f3\u0142praca ze sklepem internetowym CNC direct<br \/>\nObrazy na strony g\u0142\u00f3wne<br \/>\nSzkolenia online<br \/>\nMiejsca do pobierania plik\u00f3w w sklepie<\/p>\n\t\t\t\t\t\t<\/div>\n\t\t\t\t<\/div>\n\t\t\t\t\t<\/div>\n\t\t<\/div>\n\t\t\t\t<div class=\"has_eae_slider elementor-column elementor-col-50 elementor-top-column elementor-element elementor-element-42edfc34\" data-id=\"42edfc34\" data-element_type=\"column\">\n\t\t\t<div class=\"elementor-widget-wrap elementor-element-populated\">\n\t\t\t\t\t\t<div class=\"elementor-element elementor-element-bdde69c elementor-widget elementor-widget-image\" data-id=\"bdde69c\" data-element_type=\"widget\" data-widget_type=\"image.default\">\n\t\t\t\t<div class=\"elementor-widget-container\">\n\t\t\t\t\t\t\t\t\t\t\t\t\t<img fetchpriority=\"high\" decoding=\"async\" width=\"750\" height=\"583\" src=\"https:\/\/apply.cnc-cosmetic.de\/wp-content\/uploads\/2021\/05\/digital_01-2.jpg\" class=\"attachment-large size-large wp-image-6600\" alt=\"\" srcset=\"https:\/\/apply.cnc-cosmetic.de\/wp-content\/uploads\/2021\/05\/digital_01-2.jpg 750w, https:\/\/apply.cnc-cosmetic.de\/wp-content\/uploads\/2021\/05\/digital_01-2-300x233.jpg 300w\" sizes=\"(max-width: 750px) 100vw, 750px\" \/>\t\t\t\t\t\t\t\t\t\t\t\t\t<\/div>\n\t\t\t\t<\/div>\n\t\t\t\t\t<\/div>\n\t\t<\/div>\n\t\t\t\t\t<\/div>\n\t\t<\/section>\n\t\t\t\t<section class=\"has_eae_slider elementor-section elementor-top-section elementor-element elementor-element-c36e932 elementor-section-boxed elementor-section-height-default elementor-section-height-default\" data-id=\"c36e932\" data-element_type=\"section\">\n\t\t\t\t\t\t<div class=\"elementor-container elementor-column-gap-default\">\n\t\t\t\t\t<div class=\"has_eae_slider elementor-column elementor-col-100 elementor-top-column elementor-element elementor-element-e48d271\" data-id=\"e48d271\" data-element_type=\"column\">\n\t\t\t<div class=\"elementor-widget-wrap elementor-element-populated\">\n\t\t\t\t\t\t<div class=\"elementor-element elementor-element-93f9020 elementor-widget elementor-widget-spacer\" data-id=\"93f9020\" data-element_type=\"widget\" data-widget_type=\"spacer.default\">\n\t\t\t\t<div class=\"elementor-widget-container\">\n\t\t\t\t\t<div class=\"elementor-spacer\">\n\t\t\t<div class=\"elementor-spacer-inner\"><\/div>\n\t\t<\/div>\n\t\t\t\t<\/div>\n\t\t\t\t<\/div>\n\t\t\t\t\t<\/div>\n\t\t<\/div>\n\t\t\t\t\t<\/div>\n\t\t<\/section>\n\t\t\t\t<\/div>\n\t\t","protected":false},"excerpt":{"rendered":"<p>Witaj \u015bwiecie! W CNC pomagamy kszta\u0142towa\u0107 \u015bwiat. Rodzina CNC Jeste\u015bmy \u015bwietnym zespo\u0142em! We\u2026 promujemy pracownik\u00f3w poprzez ci\u0105g\u0142e szkolenia oferujemy specjalny program sportowy &amp;profilaktyk\u0119 zdrowotn\u0105 w naszych nowo zaprojektowanych salach treningowych: Skoki i \u0107wiczenia plec\u00f3w posiadaj\u0105 nowoczesne zaplecze, aby wy\u0142\u0105czy\u0107 si\u0119 i czu\u0107 si\u0119 dobrze posiadaj\u0105 regularne imprezy pracownicze i du\u017co wsp\u00f3lnej zabawy Wsparcie dla projekt\u00f3w [&hellip;]<\/p>\n","protected":false},"author":4,"featured_media":0,"parent":12234,"menu_order":2,"comment_status":"closed","ping_status":"closed","template":"page-sub.php","meta":{"footnotes":""},"class_list":["post-12303","page","type-page","status-publish","hentry"],"acf":[],"yoast_head":"<!-- This site is optimized with the Yoast SEO plugin v22.0 - https:\/\/yoast.com\/wordpress\/plugins\/seo\/ -->\n<title>CNC i odpowiedzialno\u015b\u0107 spo\u0142eczna - CNC<\/title>\n<meta name=\"robots\" content=\"noindex, follow, max-snippet:-1, max-image-preview:large, max-video-preview:-1\" \/>\n<meta property=\"og:locale\" content=\"pl_PL\" \/>\n<meta property=\"og:type\" content=\"article\" \/>\n<meta property=\"og:title\" content=\"CNC i odpowiedzialno\u015b\u0107 spo\u0142eczna - CNC\" \/>\n<meta property=\"og:description\" content=\"Witaj \u015bwiecie! W CNC pomagamy kszta\u0142towa\u0107 \u015bwiat. Rodzina CNC Jeste\u015bmy \u015bwietnym zespo\u0142em! We\u2026 promujemy pracownik\u00f3w poprzez ci\u0105g\u0142e szkolenia oferujemy specjalny program sportowy &amp;profilaktyk\u0119 zdrowotn\u0105 w naszych nowo zaprojektowanych salach treningowych: Skoki i \u0107wiczenia plec\u00f3w posiadaj\u0105 nowoczesne zaplecze, aby wy\u0142\u0105czy\u0107 si\u0119 i czu\u0107 si\u0119 dobrze posiadaj\u0105 regularne imprezy pracownicze i du\u017co wsp\u00f3lnej zabawy Wsparcie dla projekt\u00f3w [&hellip;]\" \/>\n<meta property=\"og:url\" content=\"https:\/\/apply.cnc-cosmetic.de\/pl\/dom\/o-nas\/cnc-i-odpowiedzialnosc-spoleczna\/\" \/>\n<meta property=\"og:site_name\" content=\"CNC\" \/>\n<meta property=\"article:modified_time\" content=\"2021-10-18T13:30:04+00:00\" \/>\n<meta property=\"og:image\" content=\"https:\/\/apply.cnc-cosmetic.de\/wp-content\/uploads\/elementor\/thumbs\/Help-for-Children-Logo-1-p5kdpmhkkrcpr2ofki7l6d2iibdhwe2ryjfevsvq5y.png\" \/>\n<meta name=\"twitter:card\" content=\"summary_large_image\" \/>\n<meta name=\"twitter:label1\" content=\"Szacowany czas czytania\" \/>\n\t<meta name=\"twitter:data1\" content=\"1 minuta\" \/>\n<script type=\"application\/ld+json\" class=\"yoast-schema-graph\">{\"@context\":\"https:\/\/schema.org\",\"@graph\":[{\"@type\":\"WebPage\",\"@id\":\"https:\/\/apply.cnc-cosmetic.de\/pl\/dom\/o-nas\/cnc-i-odpowiedzialnosc-spoleczna\/\",\"url\":\"https:\/\/apply.cnc-cosmetic.de\/pl\/dom\/o-nas\/cnc-i-odpowiedzialnosc-spoleczna\/\",\"name\":\"CNC i odpowiedzialno\u015b\u0107 spo\u0142eczna - CNC\",\"isPartOf\":{\"@id\":\"https:\/\/apply.cnc-cosmetic.de\/#website\"},\"datePublished\":\"2021-10-18T13:30:03+00:00\",\"dateModified\":\"2021-10-18T13:30:04+00:00\",\"breadcrumb\":{\"@id\":\"https:\/\/apply.cnc-cosmetic.de\/pl\/dom\/o-nas\/cnc-i-odpowiedzialnosc-spoleczna\/#breadcrumb\"},\"inLanguage\":\"pl-PL\",\"potentialAction\":[{\"@type\":\"ReadAction\",\"target\":[\"https:\/\/apply.cnc-cosmetic.de\/pl\/dom\/o-nas\/cnc-i-odpowiedzialnosc-spoleczna\/\"]}]},{\"@type\":\"BreadcrumbList\",\"@id\":\"https:\/\/apply.cnc-cosmetic.de\/pl\/dom\/o-nas\/cnc-i-odpowiedzialnosc-spoleczna\/#breadcrumb\",\"itemListElement\":[{\"@type\":\"ListItem\",\"position\":1,\"name\":\"Startseite\",\"item\":\"https:\/\/apply.cnc-cosmetic.de\/\"},{\"@type\":\"ListItem\",\"position\":2,\"name\":\"Dom\",\"item\":\"https:\/\/apply.cnc-cosmetic.de\/pl\/\"},{\"@type\":\"ListItem\",\"position\":3,\"name\":\"O nas\",\"item\":\"https:\/\/apply.cnc-cosmetic.de\/pl\/dom\/o-nas\/\"},{\"@type\":\"ListItem\",\"position\":4,\"name\":\"CNC i odpowiedzialno\u015b\u0107 spo\u0142eczna\"}]},{\"@type\":\"WebSite\",\"@id\":\"https:\/\/apply.cnc-cosmetic.de\/#website\",\"url\":\"https:\/\/apply.cnc-cosmetic.de\/\",\"name\":\"CNC\",\"description\":\"Eine weitere WordPress-Website\",\"publisher\":{\"@id\":\"https:\/\/apply.cnc-cosmetic.de\/#organization\"},\"potentialAction\":[{\"@type\":\"SearchAction\",\"target\":{\"@type\":\"EntryPoint\",\"urlTemplate\":\"https:\/\/apply.cnc-cosmetic.de\/?s={search_term_string}\"},\"query-input\":\"required name=search_term_string\"}],\"inLanguage\":\"pl-PL\"},{\"@type\":\"Organization\",\"@id\":\"https:\/\/apply.cnc-cosmetic.de\/#organization\",\"name\":\"CNC\",\"url\":\"https:\/\/apply.cnc-cosmetic.de\/\",\"logo\":{\"@type\":\"ImageObject\",\"inLanguage\":\"pl-PL\",\"@id\":\"https:\/\/apply.cnc-cosmetic.de\/#\/schema\/logo\/image\/\",\"url\":\"https:\/\/apply.cnc-cosmetic.de\/wp-content\/uploads\/2020\/10\/Logo_CNC_4c_bc.png\",\"contentUrl\":\"https:\/\/apply.cnc-cosmetic.de\/wp-content\/uploads\/2020\/10\/Logo_CNC_4c_bc.png\",\"width\":500,\"height\":341,\"caption\":\"CNC\"},\"image\":{\"@id\":\"https:\/\/apply.cnc-cosmetic.de\/#\/schema\/logo\/image\/\"}}]}<\/script>\n<!-- \/ Yoast SEO plugin. -->","yoast_head_json":{"title":"CNC i odpowiedzialno\u015b\u0107 spo\u0142eczna - CNC","robots":{"index":"noindex","follow":"follow","max-snippet":"max-snippet:-1","max-image-preview":"max-image-preview:large","max-video-preview":"max-video-preview:-1"},"og_locale":"pl_PL","og_type":"article","og_title":"CNC i odpowiedzialno\u015b\u0107 spo\u0142eczna - CNC","og_description":"Witaj \u015bwiecie! W CNC pomagamy kszta\u0142towa\u0107 \u015bwiat. Rodzina CNC Jeste\u015bmy \u015bwietnym zespo\u0142em! We\u2026 promujemy pracownik\u00f3w poprzez ci\u0105g\u0142e szkolenia oferujemy specjalny program sportowy &amp;profilaktyk\u0119 zdrowotn\u0105 w naszych nowo zaprojektowanych salach treningowych: Skoki i \u0107wiczenia plec\u00f3w posiadaj\u0105 nowoczesne zaplecze, aby wy\u0142\u0105czy\u0107 si\u0119 i czu\u0107 si\u0119 dobrze posiadaj\u0105 regularne imprezy pracownicze i du\u017co wsp\u00f3lnej zabawy Wsparcie dla projekt\u00f3w [&hellip;]","og_url":"https:\/\/apply.cnc-cosmetic.de\/pl\/dom\/o-nas\/cnc-i-odpowiedzialnosc-spoleczna\/","og_site_name":"CNC","article_modified_time":"2021-10-18T13:30:04+00:00","og_image":[{"url":"https:\/\/apply.cnc-cosmetic.de\/wp-content\/uploads\/elementor\/thumbs\/Help-for-Children-Logo-1-p5kdpmhkkrcpr2ofki7l6d2iibdhwe2ryjfevsvq5y.png"}],"twitter_card":"summary_large_image","twitter_misc":{"Szacowany czas czytania":"1 minuta"},"schema":{"@context":"https:\/\/schema.org","@graph":[{"@type":"WebPage","@id":"https:\/\/apply.cnc-cosmetic.de\/pl\/dom\/o-nas\/cnc-i-odpowiedzialnosc-spoleczna\/","url":"https:\/\/apply.cnc-cosmetic.de\/pl\/dom\/o-nas\/cnc-i-odpowiedzialnosc-spoleczna\/","name":"CNC i odpowiedzialno\u015b\u0107 spo\u0142eczna - CNC","isPartOf":{"@id":"https:\/\/apply.cnc-cosmetic.de\/#website"},"datePublished":"2021-10-18T13:30:03+00:00","dateModified":"2021-10-18T13:30:04+00:00","breadcrumb":{"@id":"https:\/\/apply.cnc-cosmetic.de\/pl\/dom\/o-nas\/cnc-i-odpowiedzialnosc-spoleczna\/#breadcrumb"},"inLanguage":"pl-PL","potentialAction":[{"@type":"ReadAction","target":["https:\/\/apply.cnc-cosmetic.de\/pl\/dom\/o-nas\/cnc-i-odpowiedzialnosc-spoleczna\/"]}]},{"@type":"BreadcrumbList","@id":"https:\/\/apply.cnc-cosmetic.de\/pl\/dom\/o-nas\/cnc-i-odpowiedzialnosc-spoleczna\/#breadcrumb","itemListElement":[{"@type":"ListItem","position":1,"name":"Startseite","item":"https:\/\/apply.cnc-cosmetic.de\/"},{"@type":"ListItem","position":2,"name":"Dom","item":"https:\/\/apply.cnc-cosmetic.de\/pl\/"},{"@type":"ListItem","position":3,"name":"O nas","item":"https:\/\/apply.cnc-cosmetic.de\/pl\/dom\/o-nas\/"},{"@type":"ListItem","position":4,"name":"CNC i odpowiedzialno\u015b\u0107 spo\u0142eczna"}]},{"@type":"WebSite","@id":"https:\/\/apply.cnc-cosmetic.de\/#website","url":"https:\/\/apply.cnc-cosmetic.de\/","name":"CNC","description":"Eine weitere WordPress-Website","publisher":{"@id":"https:\/\/apply.cnc-cosmetic.de\/#organization"},"potentialAction":[{"@type":"SearchAction","target":{"@type":"EntryPoint","urlTemplate":"https:\/\/apply.cnc-cosmetic.de\/?s={search_term_string}"},"query-input":"required name=search_term_string"}],"inLanguage":"pl-PL"},{"@type":"Organization","@id":"https:\/\/apply.cnc-cosmetic.de\/#organization","name":"CNC","url":"https:\/\/apply.cnc-cosmetic.de\/","logo":{"@type":"ImageObject","inLanguage":"pl-PL","@id":"https:\/\/apply.cnc-cosmetic.de\/#\/schema\/logo\/image\/","url":"https:\/\/apply.cnc-cosmetic.de\/wp-content\/uploads\/2020\/10\/Logo_CNC_4c_bc.png","contentUrl":"https:\/\/apply.cnc-cosmetic.de\/wp-content\/uploads\/2020\/10\/Logo_CNC_4c_bc.png","width":500,"height":341,"caption":"CNC"},"image":{"@id":"https:\/\/apply.cnc-cosmetic.de\/#\/schema\/logo\/image\/"}}]}},"_links":{"self":[{"href":"https:\/\/apply.cnc-cosmetic.de\/pl\/wp-json\/wp\/v2\/pages\/12303","targetHints":{"allow":["GET"]}}],"collection":[{"href":"https:\/\/apply.cnc-cosmetic.de\/pl\/wp-json\/wp\/v2\/pages"}],"about":[{"href":"https:\/\/apply.cnc-cosmetic.de\/pl\/wp-json\/wp\/v2\/types\/page"}],"author":[{"embeddable":true,"href":"https:\/\/apply.cnc-cosmetic.de\/pl\/wp-json\/wp\/v2\/users\/4"}],"replies":[{"embeddable":true,"href":"https:\/\/apply.cnc-cosmetic.de\/pl\/wp-json\/wp\/v2\/comments?post=12303"}],"version-history":[{"count":0,"href":"https:\/\/apply.cnc-cosmetic.de\/pl\/wp-json\/wp\/v2\/pages\/12303\/revisions"}],"up":[{"embeddable":true,"href":"https:\/\/apply.cnc-cosmetic.de\/pl\/wp-json\/wp\/v2\/pages\/12234"}],"wp:attachment":[{"href":"https:\/\/apply.cnc-cosmetic.de\/pl\/wp-json\/wp\/v2\/media?parent=12303"}],"curies":[{"name":"wp","href":"https:\/\/api.w.org\/{rel}","templated":true}]}}