{"id":12333,"date":"2021-10-18T15:38:56","date_gmt":"2021-10-18T13:38:56","guid":{"rendered":"https:\/\/apply.cnc-cosmetic.de\/produtos\/"},"modified":"2021-10-18T15:38:57","modified_gmt":"2021-10-18T13:38:57","slug":"produtos","status":"publish","type":"page","link":"https:\/\/apply.cnc-cosmetic.de\/pt-pt\/produtos\/","title":{"rendered":"Produtos"},"content":{"rendered":"\t\t<div data-elementor-type=\"wp-page\" data-elementor-id=\"12333\" class=\"elementor elementor-12333\" data-elementor-post-type=\"page\">\n\t\t\t\t\t\t<section class=\"has_eae_slider elementor-section elementor-top-section elementor-element elementor-element-626315d5 elementor-section-boxed elementor-section-height-default elementor-section-height-default\" data-id=\"626315d5\" data-element_type=\"section\" data-settings=\"{&quot;background_background&quot;:&quot;gradient&quot;}\">\n\t\t\t\t\t\t\t<div class=\"elementor-background-overlay\"><\/div>\n\t\t\t\t\t\t\t<div class=\"elementor-container elementor-column-gap-default\">\n\t\t\t\t\t<div class=\"has_eae_slider elementor-column elementor-col-50 elementor-top-column elementor-element elementor-element-9dc15f7\" data-id=\"9dc15f7\" data-element_type=\"column\">\n\t\t\t<div class=\"elementor-widget-wrap elementor-element-populated\">\n\t\t\t\t\t\t<div class=\"elementor-element elementor-element-25a584a6 elementor-widget elementor-widget-text-editor\" data-id=\"25a584a6\" data-element_type=\"widget\" data-widget_type=\"text-editor.default\">\n\t\t\t\t<div class=\"elementor-widget-container\">\n\t\t\t\t\t\t\t<p>Skincare<\/p>\n\t\t\t\t\t\t<\/div>\n\t\t\t\t<\/div>\n\t\t\t\t<div class=\"elementor-element elementor-element-4d4516c9 elementor-widget elementor-widget-heading\" data-id=\"4d4516c9\" data-element_type=\"widget\" data-widget_type=\"heading.default\">\n\t\t\t\t<div class=\"elementor-widget-container\">\n\t\t\t<h1 class=\"elementor-heading-title elementor-size-default\">More than Beauty<\/h1>\t\t<\/div>\n\t\t\t\t<\/div>\n\t\t\t\t<div class=\"elementor-element elementor-element-2df4a857 elementor-widget elementor-widget-text-editor\" data-id=\"2df4a857\" data-element_type=\"widget\" data-widget_type=\"text-editor.default\">\n\t\t\t\t<div class=\"elementor-widget-container\">\n\t\t\t\t\t\t\t<p>O que valorizamos e como est\u00e1 estruturada a nossa gama de cuidados?<br \/>\nMergulhe no mundo do CNC.<\/p>\n\t\t\t\t\t\t<\/div>\n\t\t\t\t<\/div>\n\t\t\t\t<div class=\"elementor-element elementor-element-61b644ca elementor-widget elementor-widget-button\" data-id=\"61b644ca\" data-element_type=\"widget\" data-widget_type=\"button.default\">\n\t\t\t\t<div class=\"elementor-widget-container\">\n\t\t\t\t\t<div class=\"elementor-button-wrapper\">\n\t\t\t<a class=\"elementor-button elementor-button-link elementor-size-sm\" href=\"https:\/\/apply.cnc-cosmetic.de\/ueber-uns\/unsere-pflegephilosophie\/\">\n\t\t\t\t\t\t<span class=\"elementor-button-content-wrapper\">\n\t\t\t\t\t\t<span class=\"elementor-button-icon elementor-align-icon-right\">\n\t\t\t\t<i aria-hidden=\"true\" class=\"fal fa-chevron-right\"><\/i>\t\t\t<\/span>\n\t\t\t\t\t\t<span class=\"elementor-button-text\">Nossa filosofia de cuidado<\/span>\n\t\t<\/span>\n\t\t\t\t\t<\/a>\n\t\t<\/div>\n\t\t\t\t<\/div>\n\t\t\t\t<\/div>\n\t\t\t\t\t<\/div>\n\t\t<\/div>\n\t\t\t\t<div class=\"has_eae_slider elementor-column elementor-col-50 elementor-top-column elementor-element elementor-element-45036206\" data-id=\"45036206\" data-element_type=\"column\">\n\t\t\t<div class=\"elementor-widget-wrap\">\n\t\t\t\t\t\t\t<\/div>\n\t\t<\/div>\n\t\t\t\t\t<\/div>\n\t\t<\/section>\n\t\t\t\t<section class=\"has_eae_slider elementor-section elementor-top-section elementor-element elementor-element-9a1b5b6 elementor-section-full_width elementor-section-height-default elementor-section-height-default\" data-id=\"9a1b5b6\" data-element_type=\"section\">\n\t\t\t\t\t\t<div class=\"elementor-container elementor-column-gap-narrow\">\n\t\t\t\t\t<div class=\"has_eae_slider elementor-column elementor-col-100 elementor-top-column elementor-element elementor-element-5656d1f\" data-id=\"5656d1f\" data-element_type=\"column\">\n\t\t\t<div class=\"elementor-widget-wrap elementor-element-populated\">\n\t\t\t\t\t\t<div class=\"elementor-element elementor-element-93eff3a elementor-widget elementor-widget-Kd_Advisor\" data-id=\"93eff3a\" data-element_type=\"widget\" data-widget_type=\"Kd_Advisor.default\">\n\t\t\t\t<div class=\"elementor-widget-container\">\n\t\t\t\t\t        <!-- <div class=\"product-advisor-steps\">\n            <div class=\"container\">\n                <div class=\"row\">\n                                            <div class=\"col-12 col-lg-4\">\n                            <div class=\"product-advisor--step \">\n                                Bitte w\u00e4hlen Sie aus <i class=\"fal fa-question-circle\"><\/i>\n                            <\/div>\n                        <\/div>\n                        <div class=\"col-12 col-lg-4\">\n                            <div class=\"product-advisor--step disabled\">\n                            Bitte w\u00e4hlen Sie aus <i class=\"fal fa-question-circle\"><\/i>\n                            <\/div>\n                        <\/div>\n                        <div class=\"col-12 col-lg-4\">\n                            <div class=\"product-advisor--step disabled\">\n                                Bitte w\u00e4hlen Sie aus <i class=\"fal fa-question-circle\"><\/i>\n                            <\/div>\n                        <\/div>\n                                    <\/div>\n            <\/div>\n        <\/div> -->\n        <div class=\"product-advisor-wrapper\"> \n            <div class=\"container\">\n                <div class=\"row product-advisor--details\">\n                    <div class=\"col-12 col-lg-2\">\n                        <!-- Zur\u00fcck Button wenn nicht depth = 0 -->\n                                            <\/div>\n                    <div class=\"col-12 col-lg-8\" style=\"text-align:center;\">\n                        <!-- Vortitel -->\n                        <h5>\n                                                    <\/h5>\n                    <\/div>\n                <\/div>\n                \n                \n                <!-- Hier kommen die Produkte \/ Kategorien -->\n                                                <div class=\"product-advisor\">\n                                                                                                                            <a class=\"product-advisor--item-depth-0\" href=\"https:\/\/apply.cnc-cosmetic.de\/pt-pt\/produtos\/?parent=18588&title=PRODUTO&depth=1&title0=PRODUTO\">\n                                <div class=\"advisor-product-pic\"><img decoding=\"async\" data-src=\"https:\/\/apply.cnc-cosmetic.de\/wp-content\/uploads\/2021\/01\/Produktsortiment_12_2022_150.jpg\" src=\"data:image\/gif;base64,R0lGODlhAQABAAAAACH5BAEKAAEALAAAAAABAAEAAAICTAEAOw==\" class=\"lazyload\"><noscript><img decoding=\"async\" src=\"https:\/\/apply.cnc-cosmetic.de\/wp-content\/uploads\/2021\/01\/Produktsortiment_12_2022_150.jpg\"><\/noscript><\/div>\n                                <div class=\"advisor-product-content\">\n                                    <h4>PRODUTO<\/h4>\n                                <\/div>\n                            <\/a>\n                                                                                                                                                    <a class=\"product-advisor--item-depth-0\" href=\"https:\/\/apply.cnc-cosmetic.de\/pt-pt\/produtos\/?parent=18560&title=S\u00c9RIE POR SITUA\u00c7\u00c3O DE PELE&depth=1&title0=S\u00c9RIE POR SITUA\u00c7\u00c3O DE PELE\">\n                                <div class=\"advisor-product-pic\"><img decoding=\"async\" data-src=\"https:\/\/apply.cnc-cosmetic.de\/wp-content\/uploads\/2020\/09\/sortiment.jpg\" src=\"data:image\/gif;base64,R0lGODlhAQABAAAAACH5BAEKAAEALAAAAAABAAEAAAICTAEAOw==\" class=\"lazyload\"><noscript><img decoding=\"async\" src=\"https:\/\/apply.cnc-cosmetic.de\/wp-content\/uploads\/2020\/09\/sortiment.jpg\"><\/noscript><\/div>\n                                <div class=\"advisor-product-content\">\n                                    <h4>S\u00c9RIE POR SITUA\u00c7\u00c3O DE PELE<\/h4>\n                                <\/div>\n                            <\/a>\n                                                                                                                                                    <a class=\"product-advisor--item-depth-0\" href=\"https:\/\/apply.cnc-cosmetic.de\/pt-pt\/produtos\/?parent=18584&title=SOLU\u00c7\u00d5ES DE CONCEITO AQUIATIVO&depth=1&title0=SOLU\u00c7\u00d5ES DE CONCEITO AQUIATIVO\">\n                                <div class=\"advisor-product-pic\"><img decoding=\"async\" data-src=\"https:\/\/apply.cnc-cosmetic.de\/wp-content\/uploads\/2020\/09\/Apparative_Konzeptloesungen-1.jpg\" src=\"data:image\/gif;base64,R0lGODlhAQABAAAAACH5BAEKAAEALAAAAAABAAEAAAICTAEAOw==\" class=\"lazyload\"><noscript><img decoding=\"async\" src=\"https:\/\/apply.cnc-cosmetic.de\/wp-content\/uploads\/2020\/09\/Apparative_Konzeptloesungen-1.jpg\"><\/noscript><\/div>\n                                <div class=\"advisor-product-content\">\n                                    <h4>SOLU\u00c7\u00d5ES DE CONCEITO AQUIATIVO<\/h4>\n                                <\/div>\n                            <\/a>\n                                                            \n                                <\/div>\n            <\/div>\n        <\/div>\n                \t\t<\/div>\n\t\t\t\t<\/div>\n\t\t\t\t\t<\/div>\n\t\t<\/div>\n\t\t\t\t\t<\/div>\n\t\t<\/section>\n\t\t\t\t<\/div>\n\t\t","protected":false},"excerpt":{"rendered":"<p>Skincare More than Beauty O que valorizamos e como est\u00e1 estruturada a nossa gama de cuidados? Mergulhe no mundo do CNC. Nossa filosofia de cuidado Bitte w\u00e4hlen Sie aus Bitte w\u00e4hlen Sie aus Bitte w\u00e4hlen Sie aus PRODUKTSORTIMENT SERIEN NACH HAUTSITUATION APPARATIVE KONZEPTL\u00d6SUNGEN<\/p>\n","protected":false},"author":9,"featured_media":0,"parent":0,"menu_order":0,"comment_status":"closed","ping_status":"closed","template":"","meta":{"footnotes":""},"class_list":["post-12333","page","type-page","status-publish","hentry"],"acf":[],"yoast_head":"<!-- This site is optimized with the Yoast SEO plugin v22.0 - https:\/\/yoast.com\/wordpress\/plugins\/seo\/ -->\n<title>Produtos - CNC<\/title>\n<meta name=\"robots\" content=\"noindex, follow, max-snippet:-1, max-image-preview:large, max-video-preview:-1\" \/>\n<meta property=\"og:locale\" content=\"pt_PT\" \/>\n<meta property=\"og:type\" content=\"article\" \/>\n<meta property=\"og:title\" content=\"Produtos - CNC\" \/>\n<meta property=\"og:description\" content=\"Skincare More than Beauty O que valorizamos e como est\u00e1 estruturada a nossa gama de cuidados? Mergulhe no mundo do CNC. Nossa filosofia de cuidado Bitte w\u00e4hlen Sie aus Bitte w\u00e4hlen Sie aus Bitte w\u00e4hlen Sie aus PRODUKTSORTIMENT SERIEN NACH HAUTSITUATION APPARATIVE KONZEPTL\u00d6SUNGEN\" \/>\n<meta property=\"og:url\" content=\"https:\/\/apply.cnc-cosmetic.de\/pt-pt\/produtos\/\" \/>\n<meta property=\"og:site_name\" content=\"CNC\" \/>\n<meta property=\"article:modified_time\" content=\"2021-10-18T13:38:57+00:00\" \/>\n<meta property=\"og:image\" content=\"https:\/\/apply.cnc-cosmetic.de\/wp-content\/uploads\/2020\/11\/Produktsortiment_NEU3.jpg\" \/>\n<meta name=\"twitter:card\" content=\"summary_large_image\" \/>\n<script type=\"application\/ld+json\" class=\"yoast-schema-graph\">{\"@context\":\"https:\/\/schema.org\",\"@graph\":[{\"@type\":\"WebPage\",\"@id\":\"https:\/\/apply.cnc-cosmetic.de\/pt-pt\/produtos\/\",\"url\":\"https:\/\/apply.cnc-cosmetic.de\/pt-pt\/produtos\/\",\"name\":\"Produtos - CNC\",\"isPartOf\":{\"@id\":\"https:\/\/apply.cnc-cosmetic.de\/#website\"},\"datePublished\":\"2021-10-18T13:38:56+00:00\",\"dateModified\":\"2021-10-18T13:38:57+00:00\",\"breadcrumb\":{\"@id\":\"https:\/\/apply.cnc-cosmetic.de\/pt-pt\/produtos\/#breadcrumb\"},\"inLanguage\":\"pt-PT\",\"potentialAction\":[{\"@type\":\"ReadAction\",\"target\":[\"https:\/\/apply.cnc-cosmetic.de\/pt-pt\/produtos\/\"]}]},{\"@type\":\"BreadcrumbList\",\"@id\":\"https:\/\/apply.cnc-cosmetic.de\/pt-pt\/produtos\/#breadcrumb\",\"itemListElement\":[{\"@type\":\"ListItem\",\"position\":1,\"name\":\"Startseite\",\"item\":\"https:\/\/apply.cnc-cosmetic.de\/\"},{\"@type\":\"ListItem\",\"position\":2,\"name\":\"Produtos\"}]},{\"@type\":\"WebSite\",\"@id\":\"https:\/\/apply.cnc-cosmetic.de\/#website\",\"url\":\"https:\/\/apply.cnc-cosmetic.de\/\",\"name\":\"CNC\",\"description\":\"Eine weitere WordPress-Website\",\"publisher\":{\"@id\":\"https:\/\/apply.cnc-cosmetic.de\/#organization\"},\"potentialAction\":[{\"@type\":\"SearchAction\",\"target\":{\"@type\":\"EntryPoint\",\"urlTemplate\":\"https:\/\/apply.cnc-cosmetic.de\/?s={search_term_string}\"},\"query-input\":\"required name=search_term_string\"}],\"inLanguage\":\"pt-PT\"},{\"@type\":\"Organization\",\"@id\":\"https:\/\/apply.cnc-cosmetic.de\/#organization\",\"name\":\"CNC\",\"url\":\"https:\/\/apply.cnc-cosmetic.de\/\",\"logo\":{\"@type\":\"ImageObject\",\"inLanguage\":\"pt-PT\",\"@id\":\"https:\/\/apply.cnc-cosmetic.de\/#\/schema\/logo\/image\/\",\"url\":\"https:\/\/apply.cnc-cosmetic.de\/wp-content\/uploads\/2020\/10\/Logo_CNC_4c_bc.png\",\"contentUrl\":\"https:\/\/apply.cnc-cosmetic.de\/wp-content\/uploads\/2020\/10\/Logo_CNC_4c_bc.png\",\"width\":500,\"height\":341,\"caption\":\"CNC\"},\"image\":{\"@id\":\"https:\/\/apply.cnc-cosmetic.de\/#\/schema\/logo\/image\/\"}}]}<\/script>\n<!-- \/ Yoast SEO plugin. -->","yoast_head_json":{"title":"Produtos - CNC","robots":{"index":"noindex","follow":"follow","max-snippet":"max-snippet:-1","max-image-preview":"max-image-preview:large","max-video-preview":"max-video-preview:-1"},"og_locale":"pt_PT","og_type":"article","og_title":"Produtos - CNC","og_description":"Skincare More than Beauty O que valorizamos e como est\u00e1 estruturada a nossa gama de cuidados? Mergulhe no mundo do CNC. Nossa filosofia de cuidado Bitte w\u00e4hlen Sie aus Bitte w\u00e4hlen Sie aus Bitte w\u00e4hlen Sie aus PRODUKTSORTIMENT SERIEN NACH HAUTSITUATION APPARATIVE KONZEPTL\u00d6SUNGEN","og_url":"https:\/\/apply.cnc-cosmetic.de\/pt-pt\/produtos\/","og_site_name":"CNC","article_modified_time":"2021-10-18T13:38:57+00:00","og_image":[{"url":"https:\/\/apply.cnc-cosmetic.de\/wp-content\/uploads\/2020\/11\/Produktsortiment_NEU3.jpg"}],"twitter_card":"summary_large_image","schema":{"@context":"https:\/\/schema.org","@graph":[{"@type":"WebPage","@id":"https:\/\/apply.cnc-cosmetic.de\/pt-pt\/produtos\/","url":"https:\/\/apply.cnc-cosmetic.de\/pt-pt\/produtos\/","name":"Produtos - CNC","isPartOf":{"@id":"https:\/\/apply.cnc-cosmetic.de\/#website"},"datePublished":"2021-10-18T13:38:56+00:00","dateModified":"2021-10-18T13:38:57+00:00","breadcrumb":{"@id":"https:\/\/apply.cnc-cosmetic.de\/pt-pt\/produtos\/#breadcrumb"},"inLanguage":"pt-PT","potentialAction":[{"@type":"ReadAction","target":["https:\/\/apply.cnc-cosmetic.de\/pt-pt\/produtos\/"]}]},{"@type":"BreadcrumbList","@id":"https:\/\/apply.cnc-cosmetic.de\/pt-pt\/produtos\/#breadcrumb","itemListElement":[{"@type":"ListItem","position":1,"name":"Startseite","item":"https:\/\/apply.cnc-cosmetic.de\/"},{"@type":"ListItem","position":2,"name":"Produtos"}]},{"@type":"WebSite","@id":"https:\/\/apply.cnc-cosmetic.de\/#website","url":"https:\/\/apply.cnc-cosmetic.de\/","name":"CNC","description":"Eine weitere WordPress-Website","publisher":{"@id":"https:\/\/apply.cnc-cosmetic.de\/#organization"},"potentialAction":[{"@type":"SearchAction","target":{"@type":"EntryPoint","urlTemplate":"https:\/\/apply.cnc-cosmetic.de\/?s={search_term_string}"},"query-input":"required name=search_term_string"}],"inLanguage":"pt-PT"},{"@type":"Organization","@id":"https:\/\/apply.cnc-cosmetic.de\/#organization","name":"CNC","url":"https:\/\/apply.cnc-cosmetic.de\/","logo":{"@type":"ImageObject","inLanguage":"pt-PT","@id":"https:\/\/apply.cnc-cosmetic.de\/#\/schema\/logo\/image\/","url":"https:\/\/apply.cnc-cosmetic.de\/wp-content\/uploads\/2020\/10\/Logo_CNC_4c_bc.png","contentUrl":"https:\/\/apply.cnc-cosmetic.de\/wp-content\/uploads\/2020\/10\/Logo_CNC_4c_bc.png","width":500,"height":341,"caption":"CNC"},"image":{"@id":"https:\/\/apply.cnc-cosmetic.de\/#\/schema\/logo\/image\/"}}]}},"_links":{"self":[{"href":"https:\/\/apply.cnc-cosmetic.de\/pt-pt\/wp-json\/wp\/v2\/pages\/12333","targetHints":{"allow":["GET"]}}],"collection":[{"href":"https:\/\/apply.cnc-cosmetic.de\/pt-pt\/wp-json\/wp\/v2\/pages"}],"about":[{"href":"https:\/\/apply.cnc-cosmetic.de\/pt-pt\/wp-json\/wp\/v2\/types\/page"}],"author":[{"embeddable":true,"href":"https:\/\/apply.cnc-cosmetic.de\/pt-pt\/wp-json\/wp\/v2\/users\/9"}],"replies":[{"embeddable":true,"href":"https:\/\/apply.cnc-cosmetic.de\/pt-pt\/wp-json\/wp\/v2\/comments?post=12333"}],"version-history":[{"count":0,"href":"https:\/\/apply.cnc-cosmetic.de\/pt-pt\/wp-json\/wp\/v2\/pages\/12333\/revisions"}],"wp:attachment":[{"href":"https:\/\/apply.cnc-cosmetic.de\/pt-pt\/wp-json\/wp\/v2\/media?parent=12333"}],"curies":[{"name":"wp","href":"https:\/\/api.w.org\/{rel}","templated":true}]}}