{"id":12351,"date":"2021-10-18T15:53:57","date_gmt":"2021-10-18T13:53:57","guid":{"rendered":"https:\/\/apply.cnc-cosmetic.de\/sobre-nos\/cnc-e-responsabilidade-social\/"},"modified":"2021-10-18T15:53:58","modified_gmt":"2021-10-18T13:53:58","slug":"cnc-e-responsabilidade-social","status":"publish","type":"page","link":"https:\/\/apply.cnc-cosmetic.de\/pt-pt\/casa\/sobre-nos\/cnc-e-responsabilidade-social\/","title":{"rendered":"CNC e Responsabilidade Social"},"content":{"rendered":"\t\t<div data-elementor-type=\"wp-page\" data-elementor-id=\"12351\" class=\"elementor elementor-12351\" data-elementor-post-type=\"page\">\n\t\t\t\t\t\t<section class=\"has_eae_slider elementor-section elementor-top-section elementor-element elementor-element-396a64eb elementor-section-boxed elementor-section-height-default elementor-section-height-default\" data-id=\"396a64eb\" data-element_type=\"section\" data-settings=\"{&quot;background_background&quot;:&quot;classic&quot;}\">\n\t\t\t\t\t\t<div class=\"elementor-container elementor-column-gap-default\">\n\t\t\t\t\t<div class=\"has_eae_slider elementor-column elementor-col-50 elementor-top-column elementor-element elementor-element-2c1e71f4\" data-id=\"2c1e71f4\" data-element_type=\"column\">\n\t\t\t<div class=\"elementor-widget-wrap elementor-element-populated\">\n\t\t\t\t\t\t<div class=\"elementor-element elementor-element-e853a7c elementor-widget elementor-widget-heading\" data-id=\"e853a7c\" data-element_type=\"widget\" data-widget_type=\"heading.default\">\n\t\t\t\t<div class=\"elementor-widget-container\">\n\t\t\t<h2 class=\"elementor-heading-title elementor-size-default\">Ol\u00e1 Mundo! N\u00f3s no CNC ajudamos a moldar o mundo.<\/h2>\t\t<\/div>\n\t\t\t\t<\/div>\n\t\t\t\t\t<\/div>\n\t\t<\/div>\n\t\t\t\t<div class=\"has_eae_slider elementor-column elementor-col-50 elementor-top-column elementor-element elementor-element-129ce8b\" data-id=\"129ce8b\" data-element_type=\"column\">\n\t\t\t<div class=\"elementor-widget-wrap\">\n\t\t\t\t\t\t\t<\/div>\n\t\t<\/div>\n\t\t\t\t\t<\/div>\n\t\t<\/section>\n\t\t\t\t<section class=\"has_eae_slider elementor-section elementor-top-section elementor-element elementor-element-906717f elementor-section-boxed elementor-section-height-default elementor-section-height-default\" data-id=\"906717f\" data-element_type=\"section\" data-settings=\"{&quot;background_background&quot;:&quot;classic&quot;}\">\n\t\t\t\t\t\t\t<div class=\"elementor-background-overlay\"><\/div>\n\t\t\t\t\t\t\t<div class=\"elementor-container elementor-column-gap-default\">\n\t\t\t\t\t<div class=\"has_eae_slider elementor-column elementor-col-50 elementor-top-column elementor-element elementor-element-2d07f00\" data-id=\"2d07f00\" data-element_type=\"column\">\n\t\t\t<div class=\"elementor-widget-wrap elementor-element-populated\">\n\t\t\t\t\t\t<div class=\"elementor-element elementor-element-5621868 elementor-widget elementor-widget-spacer\" data-id=\"5621868\" data-element_type=\"widget\" data-widget_type=\"spacer.default\">\n\t\t\t\t<div class=\"elementor-widget-container\">\n\t\t\t\t\t<div class=\"elementor-spacer\">\n\t\t\t<div class=\"elementor-spacer-inner\"><\/div>\n\t\t<\/div>\n\t\t\t\t<\/div>\n\t\t\t\t<\/div>\n\t\t\t\t<div class=\"elementor-element elementor-element-6acd0d9 elementor-widget elementor-widget-heading\" data-id=\"6acd0d9\" data-element_type=\"widget\" data-widget_type=\"heading.default\">\n\t\t\t\t<div class=\"elementor-widget-container\">\n\t\t\t<h3 class=\"elementor-heading-title elementor-size-default\">CNC Family<\/h3>\t\t<\/div>\n\t\t\t\t<\/div>\n\t\t\t\t<div class=\"elementor-element elementor-element-263bd8c elementor-widget elementor-widget-text-editor\" data-id=\"263bd8c\" data-element_type=\"widget\" data-widget_type=\"text-editor.default\">\n\t\t\t\t<div class=\"elementor-widget-container\">\n\t\t\t\t\t\t\t<div class=\"elementor-element elementor-element-6acd0d9 elementor-widget elementor-widget-heading\" data-id=\"6acd0d9\" data-element_type=\"widget\" data-widget_type=\"heading.default\">\n<div class=\"elementor-widget-container\">\n<h3 class=\"elementor-heading-title elementor-size-default\">Fam\u00edlia CNC<\/h3>\n<\/div>\n<\/div>\n<div class=\"elementor-element elementor-element-263bd8c elementor-widget elementor-widget-text-editor\" data-id=\"263bd8c\" data-element_type=\"widget\" data-widget_type=\"text-editor.default\">\n<div class=\"elementor-widget-container\">\n<div class=\"elementor-text-editor elementor-clearfix\">\n<h3>Somos uma grande equipa!<br \/>\nN\u00f3s\u2026.<\/h3>\n<p>promo\u00e7\u00e3o dos empregados atrav\u00e9s de treinamento constante<\/p><\/div>\n<div class=\"elementor-text-editor elementor-clearfix\">oferecer um programa esportivo especial &amp; preven\u00e7\u00e3o de sa\u00fade em nossas salas de treinamento rec\u00e9m projetadas: Exerc\u00edcios de saltos e costas<\/div>\n<div class=\"elementor-text-editor elementor-clearfix\">t\u00eam instala\u00e7\u00f5es modernas para se desligar e se sentir bem<\/div>\n<div class=\"elementor-text-editor elementor-clearfix\">t\u00eam eventos regulares com o pessoal e muita divers\u00e3o juntos.<\/div>\n<\/div>\n<\/div>\n\t\t\t\t\t\t<\/div>\n\t\t\t\t<\/div>\n\t\t\t\t\t<\/div>\n\t\t<\/div>\n\t\t\t\t<div class=\"has_eae_slider elementor-column elementor-col-50 elementor-top-column elementor-element elementor-element-6bf23ed\" data-id=\"6bf23ed\" data-element_type=\"column\">\n\t\t\t<div class=\"elementor-widget-wrap\">\n\t\t\t\t\t\t\t<\/div>\n\t\t<\/div>\n\t\t\t\t\t<\/div>\n\t\t<\/section>\n\t\t\t\t<section class=\"has_eae_slider elementor-section elementor-top-section elementor-element elementor-element-bd2109b elementor-section-boxed elementor-section-height-default elementor-section-height-default\" data-id=\"bd2109b\" data-element_type=\"section\" data-settings=\"{&quot;background_background&quot;:&quot;classic&quot;}\">\n\t\t\t\t\t\t<div class=\"elementor-container elementor-column-gap-default\">\n\t\t\t\t\t<div class=\"has_eae_slider elementor-column elementor-col-50 elementor-top-column elementor-element elementor-element-7a414de9\" data-id=\"7a414de9\" data-element_type=\"column\" data-settings=\"{&quot;background_background&quot;:&quot;classic&quot;}\">\n\t\t\t<div class=\"elementor-widget-wrap elementor-element-populated\">\n\t\t\t\t\t\t<div class=\"elementor-element elementor-element-334b3aa elementor-widget elementor-widget-image\" data-id=\"334b3aa\" data-element_type=\"widget\" data-widget_type=\"image.default\">\n\t\t\t\t<div class=\"elementor-widget-container\">\n\t\t\t\t\t\t\t\t\t\t\t\t\t<img decoding=\"async\" data-src=\"https:\/\/apply.cnc-cosmetic.de\/wp-content\/uploads\/2021\/04\/Help-for-Children-Logo-1.png\" title=\"Help for Children Logo\" alt=\"Help for Children Logo\" loading=\"lazy\" src=\"data:image\/gif;base64,R0lGODlhAQABAAAAACH5BAEKAAEALAAAAAABAAEAAAICTAEAOw==\" class=\"lazyload\" \/><noscript><img decoding=\"async\" src=\"https:\/\/apply.cnc-cosmetic.de\/wp-content\/uploads\/2021\/04\/Help-for-Children-Logo-1.png\" title=\"Help for Children Logo\" alt=\"Help for Children Logo\" loading=\"lazy\" \/><\/noscript>\t\t\t\t\t\t\t\t\t\t\t\t\t<\/div>\n\t\t\t\t<\/div>\n\t\t\t\t\t<\/div>\n\t\t<\/div>\n\t\t\t\t<div class=\"has_eae_slider elementor-column elementor-col-50 elementor-top-column elementor-element elementor-element-596c665\" data-id=\"596c665\" data-element_type=\"column\">\n\t\t\t<div class=\"elementor-widget-wrap elementor-element-populated\">\n\t\t\t\t\t\t<div class=\"elementor-element elementor-element-6b66257 elementor-widget elementor-widget-spacer\" data-id=\"6b66257\" data-element_type=\"widget\" data-widget_type=\"spacer.default\">\n\t\t\t\t<div class=\"elementor-widget-container\">\n\t\t\t\t\t<div class=\"elementor-spacer\">\n\t\t\t<div class=\"elementor-spacer-inner\"><\/div>\n\t\t<\/div>\n\t\t\t\t<\/div>\n\t\t\t\t<\/div>\n\t\t\t\t<div class=\"elementor-element elementor-element-f2e6d55 elementor-widget elementor-widget-heading\" data-id=\"f2e6d55\" data-element_type=\"widget\" data-widget_type=\"heading.default\">\n\t\t\t\t<div class=\"elementor-widget-container\">\n\t\t\t<h3 class=\"elementor-heading-title elementor-size-default\">Apoio a projetos sociais na regi\u00e3o<\/h3>\t\t<\/div>\n\t\t\t\t<\/div>\n\t\t\t\t<div class=\"elementor-element elementor-element-50cdfcb7 elementor-widget elementor-widget-text-editor\" data-id=\"50cdfcb7\" data-element_type=\"widget\" data-widget_type=\"text-editor.default\">\n\t\t\t\t<div class=\"elementor-widget-container\">\n\t\t\t\t\t\t\t<p>Projeto Ajude as Crian\u00e7as<br \/>\nT\u00e1xi infantil para o jardim de inf\u00e2ncia em Philippsburg<br \/>\nDoa\u00e7\u00f5es de sem-teto<\/p>\n\t\t\t\t\t\t<\/div>\n\t\t\t\t<\/div>\n\t\t\t\t\t<\/div>\n\t\t<\/div>\n\t\t\t\t\t<\/div>\n\t\t<\/section>\n\t\t\t\t<section class=\"has_eae_slider elementor-section elementor-top-section elementor-element elementor-element-7bbbcd21 elementor-section-boxed elementor-section-height-default elementor-section-height-default\" data-id=\"7bbbcd21\" data-element_type=\"section\" data-settings=\"{&quot;background_background&quot;:&quot;classic&quot;}\">\n\t\t\t\t\t\t\t<div class=\"elementor-background-overlay\"><\/div>\n\t\t\t\t\t\t\t<div class=\"elementor-container elementor-column-gap-default\">\n\t\t\t\t\t<div class=\"has_eae_slider elementor-column elementor-col-50 elementor-top-column elementor-element elementor-element-b2992e0\" data-id=\"b2992e0\" data-element_type=\"column\">\n\t\t\t<div class=\"elementor-widget-wrap elementor-element-populated\">\n\t\t\t\t\t\t<div class=\"elementor-element elementor-element-bb32023 elementor-widget elementor-widget-spacer\" data-id=\"bb32023\" data-element_type=\"widget\" data-widget_type=\"spacer.default\">\n\t\t\t\t<div class=\"elementor-widget-container\">\n\t\t\t\t\t<div class=\"elementor-spacer\">\n\t\t\t<div class=\"elementor-spacer-inner\"><\/div>\n\t\t<\/div>\n\t\t\t\t<\/div>\n\t\t\t\t<\/div>\n\t\t\t\t<div class=\"elementor-element elementor-element-7127d0a6 elementor-widget elementor-widget-heading\" data-id=\"7127d0a6\" data-element_type=\"widget\" data-widget_type=\"heading.default\">\n\t\t\t\t<div class=\"elementor-widget-container\">\n\t\t\t<h3 class=\"elementor-heading-title elementor-size-default\"> N\u00f3s estamos l\u00e1 uns para os outros<\/h3>\t\t<\/div>\n\t\t\t\t<\/div>\n\t\t\t\t<div class=\"elementor-element elementor-element-1abc436f elementor-widget elementor-widget-text-editor\" data-id=\"1abc436f\" data-element_type=\"widget\" data-widget_type=\"text-editor.default\">\n\t\t\t\t<div class=\"elementor-widget-container\">\n\t\t\t\t\t\t\t<p>Vemo-nos n\u00e3o como um fornecedor, mas como um parceiro de confian\u00e7a. A troca com os nossos clientes \u00e9 extremamente importante para n\u00f3s e n\u00f3s damos tudo para que os nossos clientes possam oferecer o melhor aconselhamento poss\u00edvel, produtos de alta qualidade e seguros e, assim, excelentes m\u00e9todos de tratamento.<\/p>\n<p>Isto inclui tamb\u00e9m a facilita\u00e7\u00e3o de v\u00e1rios processos no trabalho di\u00e1rio dos nossos clientes. Al\u00e9m da digitaliza\u00e7\u00e3o interna, tamb\u00e9m queremos impulsionar a digitaliza\u00e7\u00e3o para os nossos clientes. Para este fim, oferecemos servi\u00e7os especiais:<\/p>\n<p>Conceitos de m\u00eddia social<\/p>\n<p>Coopera\u00e7\u00e3o com a loja online CNC direct<\/p>\n<p>Imagens para homepages<\/p>\n<p>Treinamento em linhali<\/p>\n<p>Download areas na loja.<\/p>\n\t\t\t\t\t\t<\/div>\n\t\t\t\t<\/div>\n\t\t\t\t\t<\/div>\n\t\t<\/div>\n\t\t\t\t<div class=\"has_eae_slider elementor-column elementor-col-50 elementor-top-column elementor-element elementor-element-42edfc34\" data-id=\"42edfc34\" data-element_type=\"column\">\n\t\t\t<div class=\"elementor-widget-wrap elementor-element-populated\">\n\t\t\t\t\t\t<div class=\"elementor-element elementor-element-bdde69c elementor-widget elementor-widget-image\" data-id=\"bdde69c\" data-element_type=\"widget\" data-widget_type=\"image.default\">\n\t\t\t\t<div class=\"elementor-widget-container\">\n\t\t\t\t\t\t\t\t\t\t\t\t\t<img fetchpriority=\"high\" decoding=\"async\" width=\"750\" height=\"583\" src=\"https:\/\/apply.cnc-cosmetic.de\/wp-content\/uploads\/2021\/05\/digital_01-2.jpg\" class=\"attachment-large size-large wp-image-6600\" alt=\"\" srcset=\"https:\/\/apply.cnc-cosmetic.de\/wp-content\/uploads\/2021\/05\/digital_01-2.jpg 750w, https:\/\/apply.cnc-cosmetic.de\/wp-content\/uploads\/2021\/05\/digital_01-2-300x233.jpg 300w\" sizes=\"(max-width: 750px) 100vw, 750px\" \/>\t\t\t\t\t\t\t\t\t\t\t\t\t<\/div>\n\t\t\t\t<\/div>\n\t\t\t\t\t<\/div>\n\t\t<\/div>\n\t\t\t\t\t<\/div>\n\t\t<\/section>\n\t\t\t\t<section class=\"has_eae_slider elementor-section elementor-top-section elementor-element elementor-element-c36e932 elementor-section-boxed elementor-section-height-default elementor-section-height-default\" data-id=\"c36e932\" data-element_type=\"section\">\n\t\t\t\t\t\t<div class=\"elementor-container elementor-column-gap-default\">\n\t\t\t\t\t<div class=\"has_eae_slider elementor-column elementor-col-100 elementor-top-column elementor-element elementor-element-e48d271\" data-id=\"e48d271\" data-element_type=\"column\">\n\t\t\t<div class=\"elementor-widget-wrap elementor-element-populated\">\n\t\t\t\t\t\t<div class=\"elementor-element elementor-element-93f9020 elementor-widget elementor-widget-spacer\" data-id=\"93f9020\" data-element_type=\"widget\" data-widget_type=\"spacer.default\">\n\t\t\t\t<div class=\"elementor-widget-container\">\n\t\t\t\t\t<div class=\"elementor-spacer\">\n\t\t\t<div class=\"elementor-spacer-inner\"><\/div>\n\t\t<\/div>\n\t\t\t\t<\/div>\n\t\t\t\t<\/div>\n\t\t\t\t\t<\/div>\n\t\t<\/div>\n\t\t\t\t\t<\/div>\n\t\t<\/section>\n\t\t\t\t<\/div>\n\t\t","protected":false},"excerpt":{"rendered":"<p>Ol\u00e1 Mundo! N\u00f3s no CNC ajudamos a moldar o mundo. CNC Family Fam\u00edlia CNC Somos uma grande equipa! N\u00f3s\u2026. promo\u00e7\u00e3o dos empregados atrav\u00e9s de treinamento constante oferecer um programa esportivo especial &amp; preven\u00e7\u00e3o de sa\u00fade em nossas salas de treinamento rec\u00e9m projetadas: Exerc\u00edcios de saltos e costas t\u00eam instala\u00e7\u00f5es modernas para se desligar e se [&hellip;]<\/p>\n","protected":false},"author":4,"featured_media":0,"parent":12343,"menu_order":2,"comment_status":"closed","ping_status":"closed","template":"page-sub.php","meta":{"footnotes":""},"class_list":["post-12351","page","type-page","status-publish","hentry"],"acf":[],"yoast_head":"<!-- This site is optimized with the Yoast SEO plugin v22.0 - https:\/\/yoast.com\/wordpress\/plugins\/seo\/ -->\n<title>CNC e Responsabilidade Social - CNC<\/title>\n<meta name=\"robots\" content=\"noindex, follow, max-snippet:-1, max-image-preview:large, max-video-preview:-1\" \/>\n<meta property=\"og:locale\" content=\"pt_PT\" \/>\n<meta property=\"og:type\" content=\"article\" \/>\n<meta property=\"og:title\" content=\"CNC e Responsabilidade Social - CNC\" \/>\n<meta property=\"og:description\" content=\"Ol\u00e1 Mundo! N\u00f3s no CNC ajudamos a moldar o mundo. CNC Family Fam\u00edlia CNC Somos uma grande equipa! N\u00f3s\u2026. promo\u00e7\u00e3o dos empregados atrav\u00e9s de treinamento constante oferecer um programa esportivo especial &amp; preven\u00e7\u00e3o de sa\u00fade em nossas salas de treinamento rec\u00e9m projetadas: Exerc\u00edcios de saltos e costas t\u00eam instala\u00e7\u00f5es modernas para se desligar e se [&hellip;]\" \/>\n<meta property=\"og:url\" content=\"https:\/\/apply.cnc-cosmetic.de\/pt-pt\/casa\/sobre-nos\/cnc-e-responsabilidade-social\/\" \/>\n<meta property=\"og:site_name\" content=\"CNC\" \/>\n<meta property=\"article:modified_time\" content=\"2021-10-18T13:53:58+00:00\" \/>\n<meta property=\"og:image\" content=\"https:\/\/apply.cnc-cosmetic.de\/wp-content\/uploads\/elementor\/thumbs\/Help-for-Children-Logo-1-p5kdpmhkkrcpr2ofki7l6d2iibdhwe2ryjfevsvq5y.png\" \/>\n<meta name=\"twitter:card\" content=\"summary_large_image\" \/>\n<meta name=\"twitter:label1\" content=\"Tempo estimado de leitura\" \/>\n\t<meta name=\"twitter:data1\" content=\"1 minuto\" \/>\n<script type=\"application\/ld+json\" class=\"yoast-schema-graph\">{\"@context\":\"https:\/\/schema.org\",\"@graph\":[{\"@type\":\"WebPage\",\"@id\":\"https:\/\/apply.cnc-cosmetic.de\/pt-pt\/casa\/sobre-nos\/cnc-e-responsabilidade-social\/\",\"url\":\"https:\/\/apply.cnc-cosmetic.de\/pt-pt\/casa\/sobre-nos\/cnc-e-responsabilidade-social\/\",\"name\":\"CNC e Responsabilidade Social - CNC\",\"isPartOf\":{\"@id\":\"https:\/\/apply.cnc-cosmetic.de\/#website\"},\"datePublished\":\"2021-10-18T13:53:57+00:00\",\"dateModified\":\"2021-10-18T13:53:58+00:00\",\"breadcrumb\":{\"@id\":\"https:\/\/apply.cnc-cosmetic.de\/pt-pt\/casa\/sobre-nos\/cnc-e-responsabilidade-social\/#breadcrumb\"},\"inLanguage\":\"pt-PT\",\"potentialAction\":[{\"@type\":\"ReadAction\",\"target\":[\"https:\/\/apply.cnc-cosmetic.de\/pt-pt\/casa\/sobre-nos\/cnc-e-responsabilidade-social\/\"]}]},{\"@type\":\"BreadcrumbList\",\"@id\":\"https:\/\/apply.cnc-cosmetic.de\/pt-pt\/casa\/sobre-nos\/cnc-e-responsabilidade-social\/#breadcrumb\",\"itemListElement\":[{\"@type\":\"ListItem\",\"position\":1,\"name\":\"Startseite\",\"item\":\"https:\/\/apply.cnc-cosmetic.de\/\"},{\"@type\":\"ListItem\",\"position\":2,\"name\":\"Casa\",\"item\":\"https:\/\/apply.cnc-cosmetic.de\/pt-pt\/\"},{\"@type\":\"ListItem\",\"position\":3,\"name\":\"sobre n\u00f3s\",\"item\":\"https:\/\/apply.cnc-cosmetic.de\/pt-pt\/casa\/sobre-nos\/\"},{\"@type\":\"ListItem\",\"position\":4,\"name\":\"CNC e Responsabilidade Social\"}]},{\"@type\":\"WebSite\",\"@id\":\"https:\/\/apply.cnc-cosmetic.de\/#website\",\"url\":\"https:\/\/apply.cnc-cosmetic.de\/\",\"name\":\"CNC\",\"description\":\"Eine weitere WordPress-Website\",\"publisher\":{\"@id\":\"https:\/\/apply.cnc-cosmetic.de\/#organization\"},\"potentialAction\":[{\"@type\":\"SearchAction\",\"target\":{\"@type\":\"EntryPoint\",\"urlTemplate\":\"https:\/\/apply.cnc-cosmetic.de\/?s={search_term_string}\"},\"query-input\":\"required name=search_term_string\"}],\"inLanguage\":\"pt-PT\"},{\"@type\":\"Organization\",\"@id\":\"https:\/\/apply.cnc-cosmetic.de\/#organization\",\"name\":\"CNC\",\"url\":\"https:\/\/apply.cnc-cosmetic.de\/\",\"logo\":{\"@type\":\"ImageObject\",\"inLanguage\":\"pt-PT\",\"@id\":\"https:\/\/apply.cnc-cosmetic.de\/#\/schema\/logo\/image\/\",\"url\":\"https:\/\/apply.cnc-cosmetic.de\/wp-content\/uploads\/2020\/10\/Logo_CNC_4c_bc.png\",\"contentUrl\":\"https:\/\/apply.cnc-cosmetic.de\/wp-content\/uploads\/2020\/10\/Logo_CNC_4c_bc.png\",\"width\":500,\"height\":341,\"caption\":\"CNC\"},\"image\":{\"@id\":\"https:\/\/apply.cnc-cosmetic.de\/#\/schema\/logo\/image\/\"}}]}<\/script>\n<!-- \/ Yoast SEO plugin. -->","yoast_head_json":{"title":"CNC e Responsabilidade Social - CNC","robots":{"index":"noindex","follow":"follow","max-snippet":"max-snippet:-1","max-image-preview":"max-image-preview:large","max-video-preview":"max-video-preview:-1"},"og_locale":"pt_PT","og_type":"article","og_title":"CNC e Responsabilidade Social - CNC","og_description":"Ol\u00e1 Mundo! N\u00f3s no CNC ajudamos a moldar o mundo. CNC Family Fam\u00edlia CNC Somos uma grande equipa! N\u00f3s\u2026. promo\u00e7\u00e3o dos empregados atrav\u00e9s de treinamento constante oferecer um programa esportivo especial &amp; preven\u00e7\u00e3o de sa\u00fade em nossas salas de treinamento rec\u00e9m projetadas: Exerc\u00edcios de saltos e costas t\u00eam instala\u00e7\u00f5es modernas para se desligar e se [&hellip;]","og_url":"https:\/\/apply.cnc-cosmetic.de\/pt-pt\/casa\/sobre-nos\/cnc-e-responsabilidade-social\/","og_site_name":"CNC","article_modified_time":"2021-10-18T13:53:58+00:00","og_image":[{"url":"https:\/\/apply.cnc-cosmetic.de\/wp-content\/uploads\/elementor\/thumbs\/Help-for-Children-Logo-1-p5kdpmhkkrcpr2ofki7l6d2iibdhwe2ryjfevsvq5y.png"}],"twitter_card":"summary_large_image","twitter_misc":{"Tempo estimado de leitura":"1 minuto"},"schema":{"@context":"https:\/\/schema.org","@graph":[{"@type":"WebPage","@id":"https:\/\/apply.cnc-cosmetic.de\/pt-pt\/casa\/sobre-nos\/cnc-e-responsabilidade-social\/","url":"https:\/\/apply.cnc-cosmetic.de\/pt-pt\/casa\/sobre-nos\/cnc-e-responsabilidade-social\/","name":"CNC e Responsabilidade Social - CNC","isPartOf":{"@id":"https:\/\/apply.cnc-cosmetic.de\/#website"},"datePublished":"2021-10-18T13:53:57+00:00","dateModified":"2021-10-18T13:53:58+00:00","breadcrumb":{"@id":"https:\/\/apply.cnc-cosmetic.de\/pt-pt\/casa\/sobre-nos\/cnc-e-responsabilidade-social\/#breadcrumb"},"inLanguage":"pt-PT","potentialAction":[{"@type":"ReadAction","target":["https:\/\/apply.cnc-cosmetic.de\/pt-pt\/casa\/sobre-nos\/cnc-e-responsabilidade-social\/"]}]},{"@type":"BreadcrumbList","@id":"https:\/\/apply.cnc-cosmetic.de\/pt-pt\/casa\/sobre-nos\/cnc-e-responsabilidade-social\/#breadcrumb","itemListElement":[{"@type":"ListItem","position":1,"name":"Startseite","item":"https:\/\/apply.cnc-cosmetic.de\/"},{"@type":"ListItem","position":2,"name":"Casa","item":"https:\/\/apply.cnc-cosmetic.de\/pt-pt\/"},{"@type":"ListItem","position":3,"name":"sobre n\u00f3s","item":"https:\/\/apply.cnc-cosmetic.de\/pt-pt\/casa\/sobre-nos\/"},{"@type":"ListItem","position":4,"name":"CNC e Responsabilidade Social"}]},{"@type":"WebSite","@id":"https:\/\/apply.cnc-cosmetic.de\/#website","url":"https:\/\/apply.cnc-cosmetic.de\/","name":"CNC","description":"Eine weitere WordPress-Website","publisher":{"@id":"https:\/\/apply.cnc-cosmetic.de\/#organization"},"potentialAction":[{"@type":"SearchAction","target":{"@type":"EntryPoint","urlTemplate":"https:\/\/apply.cnc-cosmetic.de\/?s={search_term_string}"},"query-input":"required name=search_term_string"}],"inLanguage":"pt-PT"},{"@type":"Organization","@id":"https:\/\/apply.cnc-cosmetic.de\/#organization","name":"CNC","url":"https:\/\/apply.cnc-cosmetic.de\/","logo":{"@type":"ImageObject","inLanguage":"pt-PT","@id":"https:\/\/apply.cnc-cosmetic.de\/#\/schema\/logo\/image\/","url":"https:\/\/apply.cnc-cosmetic.de\/wp-content\/uploads\/2020\/10\/Logo_CNC_4c_bc.png","contentUrl":"https:\/\/apply.cnc-cosmetic.de\/wp-content\/uploads\/2020\/10\/Logo_CNC_4c_bc.png","width":500,"height":341,"caption":"CNC"},"image":{"@id":"https:\/\/apply.cnc-cosmetic.de\/#\/schema\/logo\/image\/"}}]}},"_links":{"self":[{"href":"https:\/\/apply.cnc-cosmetic.de\/pt-pt\/wp-json\/wp\/v2\/pages\/12351","targetHints":{"allow":["GET"]}}],"collection":[{"href":"https:\/\/apply.cnc-cosmetic.de\/pt-pt\/wp-json\/wp\/v2\/pages"}],"about":[{"href":"https:\/\/apply.cnc-cosmetic.de\/pt-pt\/wp-json\/wp\/v2\/types\/page"}],"author":[{"embeddable":true,"href":"https:\/\/apply.cnc-cosmetic.de\/pt-pt\/wp-json\/wp\/v2\/users\/4"}],"replies":[{"embeddable":true,"href":"https:\/\/apply.cnc-cosmetic.de\/pt-pt\/wp-json\/wp\/v2\/comments?post=12351"}],"version-history":[{"count":0,"href":"https:\/\/apply.cnc-cosmetic.de\/pt-pt\/wp-json\/wp\/v2\/pages\/12351\/revisions"}],"up":[{"embeddable":true,"href":"https:\/\/apply.cnc-cosmetic.de\/pt-pt\/wp-json\/wp\/v2\/pages\/12343"}],"wp:attachment":[{"href":"https:\/\/apply.cnc-cosmetic.de\/pt-pt\/wp-json\/wp\/v2\/media?parent=12351"}],"curies":[{"name":"wp","href":"https:\/\/api.w.org\/{rel}","templated":true}]}}