{"id":12378,"date":"2021-10-18T16:01:39","date_gmt":"2021-10-18T14:01:39","guid":{"rendered":"https:\/\/apply.cnc-cosmetic.de\/imprimir\/"},"modified":"2021-10-18T16:01:40","modified_gmt":"2021-10-18T14:01:40","slug":"imprimir","status":"publish","type":"page","link":"https:\/\/apply.cnc-cosmetic.de\/pt-pt\/imprimir\/","title":{"rendered":"imprimir"},"content":{"rendered":"\t\t<div data-elementor-type=\"wp-page\" data-elementor-id=\"12378\" class=\"elementor elementor-12378\" data-elementor-post-type=\"page\">\n\t\t\t\t\t\t<section class=\"has_eae_slider elementor-section elementor-top-section elementor-element elementor-element-2d5903c3 elementor-section-boxed elementor-section-height-default elementor-section-height-default\" data-id=\"2d5903c3\" data-element_type=\"section\">\n\t\t\t\t\t\t<div class=\"elementor-container elementor-column-gap-default\">\n\t\t\t\t\t<div class=\"has_eae_slider elementor-column elementor-col-100 elementor-top-column elementor-element elementor-element-5365a04b\" data-id=\"5365a04b\" data-element_type=\"column\">\n\t\t\t<div class=\"elementor-widget-wrap elementor-element-populated\">\n\t\t\t\t\t\t<div class=\"elementor-element elementor-element-468a5d70 elementor-widget elementor-widget-text-editor\" data-id=\"468a5d70\" data-element_type=\"widget\" data-widget_type=\"text-editor.default\">\n\t\t\t\t<div class=\"elementor-widget-container\">\n\t\t\t\t\t\t\t<h6><\/h6>\n<h6><b>Adresse:\u00a0<\/b><br \/>\nCNC cosmetic GmbH<br \/>\nBruchst\u00fccker 9<br \/>\nD-76661 Philippsburg<\/h6>\n<p>RG \u00a0AG Mannheim HRB 250293<br \/>\nGesch\u00e4ftsf\u00fchrer: Rolf Hofheinz<\/p>\n<p>Tel:\u00a0 +49 7256- 93200<br \/>\nFax: +49 7256- 932020<br \/>\nE-Mail: kontakt@apply.cnc-cosmetic.de<\/p>\n<p>Ust-Ident-Nummer: DE 143077214<br \/>\nWEEE-Nr. DE 47609964<\/p>\n<p>&nbsp;<\/p>\n<p>OBSERVA\u00c7\u00c3O DE RESPONSABILIDADE:<br \/>\nEmbora controle cuidadoso do conte\u00fado, n\u00e3o assumimos nenhuma responsabilidade pelo conte\u00fado de links externos.<br \/>\nOs operadores dos sites ligados s\u00e3o os \u00fanicos respons\u00e1veis pelo seu conte\u00fado.<\/p>\n<p>CNC-WEBSITE TERMOS DE USO:<br \/>\nAo acessar nosso site, voc\u00ea aceita, sem limita\u00e7\u00e3o ou qualifica\u00e7\u00e3o, os seguintes termos e condi\u00e7\u00f5es:<\/p>\n<p>O site do CNC, o nome e a marca registrada do CNC SKINCARE est\u00e3o protegidos contra o uso n\u00e3o autorizado pelas leis de direitos autorais e marcas registradas. Voc\u00ea n\u00e3o pode utilizar os direitos autorais e a marca registrada do CNC. No entanto, voc\u00ea pode baixar documentos deste site apenas para seu uso pessoal e n\u00e3o comercial. Nenhuma parte deste site, incluindo mas n\u00e3o se limitando ao texto, desenhos, gr\u00e1ficos, fotografias e imagens aqui contidas, pode ser copiada, reproduzida, publicada, transferida, publicada, modificada, transmitida ou distribu\u00edda ou explorada de qualquer outra forma para qualquer fim n\u00e3o pessoal, p\u00fablico ou comercial sem a permiss\u00e3o por escrito do CNC.<\/p>\n\t\t\t\t\t\t<\/div>\n\t\t\t\t<\/div>\n\t\t\t\t\t<\/div>\n\t\t<\/div>\n\t\t\t\t\t<\/div>\n\t\t<\/section>\n\t\t\t\t<\/div>\n\t\t","protected":false},"excerpt":{"rendered":"<p>Adresse:\u00a0 CNC cosmetic GmbH Bruchst\u00fccker 9 D-76661 Philippsburg RG \u00a0AG Mannheim HRB 250293 Gesch\u00e4ftsf\u00fchrer: Rolf Hofheinz Tel:\u00a0 +49 7256- 93200 Fax: +49 7256- 932020 E-Mail: kontakt@apply.cnc-cosmetic.de Ust-Ident-Nummer: DE 143077214 WEEE-Nr. DE 47609964 &nbsp; OBSERVA\u00c7\u00c3O DE RESPONSABILIDADE: Embora controle cuidadoso do conte\u00fado, n\u00e3o assumimos nenhuma responsabilidade pelo conte\u00fado de links externos. Os operadores dos sites ligados [&hellip;]<\/p>\n","protected":false},"author":9,"featured_media":0,"parent":0,"menu_order":0,"comment_status":"closed","ping_status":"closed","template":"","meta":{"footnotes":""},"class_list":["post-12378","page","type-page","status-publish","hentry"],"acf":[],"yoast_head":"<!-- This site is optimized with the Yoast SEO plugin v22.0 - https:\/\/yoast.com\/wordpress\/plugins\/seo\/ -->\n<title>imprimir - CNC<\/title>\n<meta name=\"robots\" content=\"noindex, follow, max-snippet:-1, max-image-preview:large, max-video-preview:-1\" \/>\n<meta property=\"og:locale\" content=\"pt_PT\" \/>\n<meta property=\"og:type\" content=\"article\" \/>\n<meta property=\"og:title\" content=\"imprimir - CNC\" \/>\n<meta property=\"og:description\" content=\"Adresse:\u00a0 CNC cosmetic GmbH Bruchst\u00fccker 9 D-76661 Philippsburg RG \u00a0AG Mannheim HRB 250293 Gesch\u00e4ftsf\u00fchrer: Rolf Hofheinz Tel:\u00a0 +49 7256- 93200 Fax: +49 7256- 932020 E-Mail: kontakt@apply.cnc-cosmetic.de Ust-Ident-Nummer: DE 143077214 WEEE-Nr. DE 47609964 &nbsp; OBSERVA\u00c7\u00c3O DE RESPONSABILIDADE: Embora controle cuidadoso do conte\u00fado, n\u00e3o assumimos nenhuma responsabilidade pelo conte\u00fado de links externos. Os operadores dos sites ligados [&hellip;]\" \/>\n<meta property=\"og:url\" content=\"https:\/\/apply.cnc-cosmetic.de\/pt-pt\/imprimir\/\" \/>\n<meta property=\"og:site_name\" content=\"CNC\" \/>\n<meta property=\"article:modified_time\" content=\"2021-10-18T14:01:40+00:00\" \/>\n<meta name=\"twitter:card\" content=\"summary_large_image\" \/>\n<meta name=\"twitter:label1\" content=\"Tempo estimado de leitura\" \/>\n\t<meta name=\"twitter:data1\" content=\"1 minuto\" \/>\n<script type=\"application\/ld+json\" class=\"yoast-schema-graph\">{\"@context\":\"https:\/\/schema.org\",\"@graph\":[{\"@type\":\"WebPage\",\"@id\":\"https:\/\/apply.cnc-cosmetic.de\/pt-pt\/imprimir\/\",\"url\":\"https:\/\/apply.cnc-cosmetic.de\/pt-pt\/imprimir\/\",\"name\":\"imprimir - CNC\",\"isPartOf\":{\"@id\":\"https:\/\/apply.cnc-cosmetic.de\/#website\"},\"datePublished\":\"2021-10-18T14:01:39+00:00\",\"dateModified\":\"2021-10-18T14:01:40+00:00\",\"breadcrumb\":{\"@id\":\"https:\/\/apply.cnc-cosmetic.de\/pt-pt\/imprimir\/#breadcrumb\"},\"inLanguage\":\"pt-PT\",\"potentialAction\":[{\"@type\":\"ReadAction\",\"target\":[\"https:\/\/apply.cnc-cosmetic.de\/pt-pt\/imprimir\/\"]}]},{\"@type\":\"BreadcrumbList\",\"@id\":\"https:\/\/apply.cnc-cosmetic.de\/pt-pt\/imprimir\/#breadcrumb\",\"itemListElement\":[{\"@type\":\"ListItem\",\"position\":1,\"name\":\"Startseite\",\"item\":\"https:\/\/apply.cnc-cosmetic.de\/\"},{\"@type\":\"ListItem\",\"position\":2,\"name\":\"imprimir\"}]},{\"@type\":\"WebSite\",\"@id\":\"https:\/\/apply.cnc-cosmetic.de\/#website\",\"url\":\"https:\/\/apply.cnc-cosmetic.de\/\",\"name\":\"CNC\",\"description\":\"Eine weitere WordPress-Website\",\"publisher\":{\"@id\":\"https:\/\/apply.cnc-cosmetic.de\/#organization\"},\"potentialAction\":[{\"@type\":\"SearchAction\",\"target\":{\"@type\":\"EntryPoint\",\"urlTemplate\":\"https:\/\/apply.cnc-cosmetic.de\/?s={search_term_string}\"},\"query-input\":\"required name=search_term_string\"}],\"inLanguage\":\"pt-PT\"},{\"@type\":\"Organization\",\"@id\":\"https:\/\/apply.cnc-cosmetic.de\/#organization\",\"name\":\"CNC\",\"url\":\"https:\/\/apply.cnc-cosmetic.de\/\",\"logo\":{\"@type\":\"ImageObject\",\"inLanguage\":\"pt-PT\",\"@id\":\"https:\/\/apply.cnc-cosmetic.de\/#\/schema\/logo\/image\/\",\"url\":\"https:\/\/apply.cnc-cosmetic.de\/wp-content\/uploads\/2020\/10\/Logo_CNC_4c_bc.png\",\"contentUrl\":\"https:\/\/apply.cnc-cosmetic.de\/wp-content\/uploads\/2020\/10\/Logo_CNC_4c_bc.png\",\"width\":500,\"height\":341,\"caption\":\"CNC\"},\"image\":{\"@id\":\"https:\/\/apply.cnc-cosmetic.de\/#\/schema\/logo\/image\/\"}}]}<\/script>\n<!-- \/ Yoast SEO plugin. -->","yoast_head_json":{"title":"imprimir - CNC","robots":{"index":"noindex","follow":"follow","max-snippet":"max-snippet:-1","max-image-preview":"max-image-preview:large","max-video-preview":"max-video-preview:-1"},"og_locale":"pt_PT","og_type":"article","og_title":"imprimir - CNC","og_description":"Adresse:\u00a0 CNC cosmetic GmbH Bruchst\u00fccker 9 D-76661 Philippsburg RG \u00a0AG Mannheim HRB 250293 Gesch\u00e4ftsf\u00fchrer: Rolf Hofheinz Tel:\u00a0 +49 7256- 93200 Fax: +49 7256- 932020 E-Mail: kontakt@apply.cnc-cosmetic.de Ust-Ident-Nummer: DE 143077214 WEEE-Nr. DE 47609964 &nbsp; OBSERVA\u00c7\u00c3O DE RESPONSABILIDADE: Embora controle cuidadoso do conte\u00fado, n\u00e3o assumimos nenhuma responsabilidade pelo conte\u00fado de links externos. Os operadores dos sites ligados [&hellip;]","og_url":"https:\/\/apply.cnc-cosmetic.de\/pt-pt\/imprimir\/","og_site_name":"CNC","article_modified_time":"2021-10-18T14:01:40+00:00","twitter_card":"summary_large_image","twitter_misc":{"Tempo estimado de leitura":"1 minuto"},"schema":{"@context":"https:\/\/schema.org","@graph":[{"@type":"WebPage","@id":"https:\/\/apply.cnc-cosmetic.de\/pt-pt\/imprimir\/","url":"https:\/\/apply.cnc-cosmetic.de\/pt-pt\/imprimir\/","name":"imprimir - CNC","isPartOf":{"@id":"https:\/\/apply.cnc-cosmetic.de\/#website"},"datePublished":"2021-10-18T14:01:39+00:00","dateModified":"2021-10-18T14:01:40+00:00","breadcrumb":{"@id":"https:\/\/apply.cnc-cosmetic.de\/pt-pt\/imprimir\/#breadcrumb"},"inLanguage":"pt-PT","potentialAction":[{"@type":"ReadAction","target":["https:\/\/apply.cnc-cosmetic.de\/pt-pt\/imprimir\/"]}]},{"@type":"BreadcrumbList","@id":"https:\/\/apply.cnc-cosmetic.de\/pt-pt\/imprimir\/#breadcrumb","itemListElement":[{"@type":"ListItem","position":1,"name":"Startseite","item":"https:\/\/apply.cnc-cosmetic.de\/"},{"@type":"ListItem","position":2,"name":"imprimir"}]},{"@type":"WebSite","@id":"https:\/\/apply.cnc-cosmetic.de\/#website","url":"https:\/\/apply.cnc-cosmetic.de\/","name":"CNC","description":"Eine weitere WordPress-Website","publisher":{"@id":"https:\/\/apply.cnc-cosmetic.de\/#organization"},"potentialAction":[{"@type":"SearchAction","target":{"@type":"EntryPoint","urlTemplate":"https:\/\/apply.cnc-cosmetic.de\/?s={search_term_string}"},"query-input":"required name=search_term_string"}],"inLanguage":"pt-PT"},{"@type":"Organization","@id":"https:\/\/apply.cnc-cosmetic.de\/#organization","name":"CNC","url":"https:\/\/apply.cnc-cosmetic.de\/","logo":{"@type":"ImageObject","inLanguage":"pt-PT","@id":"https:\/\/apply.cnc-cosmetic.de\/#\/schema\/logo\/image\/","url":"https:\/\/apply.cnc-cosmetic.de\/wp-content\/uploads\/2020\/10\/Logo_CNC_4c_bc.png","contentUrl":"https:\/\/apply.cnc-cosmetic.de\/wp-content\/uploads\/2020\/10\/Logo_CNC_4c_bc.png","width":500,"height":341,"caption":"CNC"},"image":{"@id":"https:\/\/apply.cnc-cosmetic.de\/#\/schema\/logo\/image\/"}}]}},"_links":{"self":[{"href":"https:\/\/apply.cnc-cosmetic.de\/pt-pt\/wp-json\/wp\/v2\/pages\/12378","targetHints":{"allow":["GET"]}}],"collection":[{"href":"https:\/\/apply.cnc-cosmetic.de\/pt-pt\/wp-json\/wp\/v2\/pages"}],"about":[{"href":"https:\/\/apply.cnc-cosmetic.de\/pt-pt\/wp-json\/wp\/v2\/types\/page"}],"author":[{"embeddable":true,"href":"https:\/\/apply.cnc-cosmetic.de\/pt-pt\/wp-json\/wp\/v2\/users\/9"}],"replies":[{"embeddable":true,"href":"https:\/\/apply.cnc-cosmetic.de\/pt-pt\/wp-json\/wp\/v2\/comments?post=12378"}],"version-history":[{"count":0,"href":"https:\/\/apply.cnc-cosmetic.de\/pt-pt\/wp-json\/wp\/v2\/pages\/12378\/revisions"}],"wp:attachment":[{"href":"https:\/\/apply.cnc-cosmetic.de\/pt-pt\/wp-json\/wp\/v2\/media?parent=12378"}],"curies":[{"name":"wp","href":"https:\/\/api.w.org\/{rel}","templated":true}]}}