{"id":12374,"date":"2021-10-18T16:00:31","date_gmt":"2021-10-18T14:00:31","guid":{"rendered":"https:\/\/apply.cnc-cosmetic.de\/impressum\/"},"modified":"2021-10-18T16:00:32","modified_gmt":"2021-10-18T14:00:32","slug":"impressum","status":"publish","type":"page","link":"https:\/\/apply.cnc-cosmetic.de\/ru\/impressum\/","title":{"rendered":"Impressum"},"content":{"rendered":"\t\t<div data-elementor-type=\"wp-page\" data-elementor-id=\"12374\" class=\"elementor elementor-12374\" data-elementor-post-type=\"page\">\n\t\t\t\t\t\t<section class=\"has_eae_slider elementor-section elementor-top-section elementor-element elementor-element-2d5903c3 elementor-section-boxed elementor-section-height-default elementor-section-height-default\" data-id=\"2d5903c3\" data-element_type=\"section\">\n\t\t\t\t\t\t<div class=\"elementor-container elementor-column-gap-default\">\n\t\t\t\t\t<div class=\"has_eae_slider elementor-column elementor-col-100 elementor-top-column elementor-element elementor-element-5365a04b\" data-id=\"5365a04b\" data-element_type=\"column\">\n\t\t\t<div class=\"elementor-widget-wrap elementor-element-populated\">\n\t\t\t\t\t\t<div class=\"elementor-element elementor-element-468a5d70 elementor-widget elementor-widget-text-editor\" data-id=\"468a5d70\" data-element_type=\"widget\" data-widget_type=\"text-editor.default\">\n\t\t\t\t<div class=\"elementor-widget-container\">\n\t\t\t\t\t\t\t<h6><\/h6>\n<h6><b>Adresse:\u00a0<\/b><br \/>\nCNC cosmetic GmbH<br \/>\nBruchst\u00fccker 9<br \/>\nD-76661 Philippsburg<\/h6>\n<p>RG \u00a0AG Mannheim HRB 250293<br \/>\nGesch\u00e4ftsf\u00fchrer: Rolf Hofheinz<\/p>\n<p>Tel:\u00a0 +49 7256- 93200<br \/>\nFax: +49 7256- 932020<br \/>\nE-Mail: kontakt@apply.cnc-cosmetic.de<\/p>\n<p>Ust-Ident-Nummer: DE 143077214<br \/>\nWEEE-Nr. DE 47609964<\/p>\n<p>&nbsp;<\/p>\n<p>&nbsp;<\/p>\n<h6><\/h6>\n<h6><b>HAFTUNGSHINWEIS:<\/b><\/h6>\n<h6><\/h6>\n<h6>Trotz sorgf\u00e4ltiger inhaltlicher Kontrolle \u00fcbernehmen wir keine Haftung f\u00fcr die Inhalte externer Links.<br \/>\nF\u00fcr den Inhalt der verlinkten Seiten sind ausschlie\u00dflich deren Betreiber verantwortlich.<\/h6>\n<h6><b>\u00a0<\/b><\/h6>\n<h6><\/h6>\n<h6><b>CNC-WEBSITE NUTZUNGSBEDINGUNGEN:<\/b><\/h6>\n<h6><\/h6>\n<h6><i>Durch den Zugriff auf unsere Website akzeptieren Sie, ohne Beschr\u00e4nkung und Vorbehalt, folgende Bedingungen:<\/i><br \/>\nDie CNC-Website, der Name und die Marke CNC SKINCARE sind durch Copyright- und Markenrechte vor nicht autorisierter Verwendung gesch\u00fctzt. Die Verwendung der durch Copyright- und Markenrechte gesch\u00fctzten Objekte von CNC ist Ihnen nicht gestattet. Sie d\u00fcrfen jedoch f\u00fcr den ausschlie\u00dflichen pers\u00f6nlichen und nicht kommerziellen Gebrauch Dokumente von dieser Website herunterladen. Kein Teil dieser Website, darunter auch, aber nicht ausschlie\u00dflich, die darin enthaltenen Texte, Designs, Grafiken, Fotos und Bilder, darf vervielf\u00e4ltigt, reproduziert, anderweitig ver\u00f6ffentlicht, hochgeladen, anderweitig gepostet, ver\u00e4ndert, \u00fcbertragen oder vertrieben oder auf andere Weise f\u00fcr nicht pers\u00f6nliche, \u00f6ffentliche oder kommerzielle Zwecke genutzt werden, es sei denn, es liegt eine schriftliche Einwilligung von CNC vor.<\/h6>\n<h6><\/h6>\n<h6><\/h6>\n<h6><\/h6>\n\t\t\t\t\t\t<\/div>\n\t\t\t\t<\/div>\n\t\t\t\t\t<\/div>\n\t\t<\/div>\n\t\t\t\t\t<\/div>\n\t\t<\/section>\n\t\t\t\t<\/div>\n\t\t","protected":false},"excerpt":{"rendered":"<p>Adresse:\u00a0 CNC cosmetic GmbH Bruchst\u00fccker 9 D-76661 Philippsburg RG \u00a0AG Mannheim HRB 250293 Gesch\u00e4ftsf\u00fchrer: Rolf Hofheinz Tel:\u00a0 +49 7256- 93200 Fax: +49 7256- 932020 E-Mail: kontakt@apply.cnc-cosmetic.de Ust-Ident-Nummer: DE 143077214 WEEE-Nr. DE 47609964 &nbsp; &nbsp; HAFTUNGSHINWEIS: Trotz sorgf\u00e4ltiger inhaltlicher Kontrolle \u00fcbernehmen wir keine Haftung f\u00fcr die Inhalte externer Links. F\u00fcr den Inhalt der verlinkten Seiten sind [&hellip;]<\/p>\n","protected":false},"author":9,"featured_media":0,"parent":0,"menu_order":0,"comment_status":"closed","ping_status":"closed","template":"","meta":{"footnotes":""},"class_list":["post-12374","page","type-page","status-publish","hentry"],"acf":[],"yoast_head":"<!-- This site is optimized with the Yoast SEO plugin v22.0 - https:\/\/yoast.com\/wordpress\/plugins\/seo\/ -->\n<title>Impressum - CNC<\/title>\n<meta name=\"robots\" content=\"noindex, follow, max-snippet:-1, max-image-preview:large, max-video-preview:-1\" \/>\n<meta property=\"og:locale\" content=\"ru_RU\" \/>\n<meta property=\"og:type\" content=\"article\" \/>\n<meta property=\"og:title\" content=\"Impressum - CNC\" \/>\n<meta property=\"og:description\" content=\"Adresse:\u00a0 CNC cosmetic GmbH Bruchst\u00fccker 9 D-76661 Philippsburg RG \u00a0AG Mannheim HRB 250293 Gesch\u00e4ftsf\u00fchrer: Rolf Hofheinz Tel:\u00a0 +49 7256- 93200 Fax: +49 7256- 932020 E-Mail: kontakt@apply.cnc-cosmetic.de Ust-Ident-Nummer: DE 143077214 WEEE-Nr. DE 47609964 &nbsp; &nbsp; HAFTUNGSHINWEIS: Trotz sorgf\u00e4ltiger inhaltlicher Kontrolle \u00fcbernehmen wir keine Haftung f\u00fcr die Inhalte externer Links. F\u00fcr den Inhalt der verlinkten Seiten sind [&hellip;]\" \/>\n<meta property=\"og:url\" content=\"https:\/\/apply.cnc-cosmetic.de\/ru\/impressum\/\" \/>\n<meta property=\"og:site_name\" content=\"CNC\" \/>\n<meta property=\"article:modified_time\" content=\"2021-10-18T14:00:32+00:00\" \/>\n<meta name=\"twitter:card\" content=\"summary_large_image\" \/>\n<meta name=\"twitter:label1\" content=\"\u041f\u0440\u0438\u043c\u0435\u0440\u043d\u043e\u0435 \u0432\u0440\u0435\u043c\u044f \u0434\u043b\u044f \u0447\u0442\u0435\u043d\u0438\u044f\" \/>\n\t<meta name=\"twitter:data1\" content=\"1 \u043c\u0438\u043d\u0443\u0442\u0430\" \/>\n<script type=\"application\/ld+json\" class=\"yoast-schema-graph\">{\"@context\":\"https:\/\/schema.org\",\"@graph\":[{\"@type\":\"WebPage\",\"@id\":\"https:\/\/apply.cnc-cosmetic.de\/ru\/impressum\/\",\"url\":\"https:\/\/apply.cnc-cosmetic.de\/ru\/impressum\/\",\"name\":\"Impressum - CNC\",\"isPartOf\":{\"@id\":\"https:\/\/apply.cnc-cosmetic.de\/#website\"},\"datePublished\":\"2021-10-18T14:00:31+00:00\",\"dateModified\":\"2021-10-18T14:00:32+00:00\",\"breadcrumb\":{\"@id\":\"https:\/\/apply.cnc-cosmetic.de\/ru\/impressum\/#breadcrumb\"},\"inLanguage\":\"ru-RU\",\"potentialAction\":[{\"@type\":\"ReadAction\",\"target\":[\"https:\/\/apply.cnc-cosmetic.de\/ru\/impressum\/\"]}]},{\"@type\":\"BreadcrumbList\",\"@id\":\"https:\/\/apply.cnc-cosmetic.de\/ru\/impressum\/#breadcrumb\",\"itemListElement\":[{\"@type\":\"ListItem\",\"position\":1,\"name\":\"Startseite\",\"item\":\"https:\/\/apply.cnc-cosmetic.de\/\"},{\"@type\":\"ListItem\",\"position\":2,\"name\":\"Impressum\"}]},{\"@type\":\"WebSite\",\"@id\":\"https:\/\/apply.cnc-cosmetic.de\/#website\",\"url\":\"https:\/\/apply.cnc-cosmetic.de\/\",\"name\":\"CNC\",\"description\":\"Eine weitere WordPress-Website\",\"publisher\":{\"@id\":\"https:\/\/apply.cnc-cosmetic.de\/#organization\"},\"potentialAction\":[{\"@type\":\"SearchAction\",\"target\":{\"@type\":\"EntryPoint\",\"urlTemplate\":\"https:\/\/apply.cnc-cosmetic.de\/?s={search_term_string}\"},\"query-input\":\"required name=search_term_string\"}],\"inLanguage\":\"ru-RU\"},{\"@type\":\"Organization\",\"@id\":\"https:\/\/apply.cnc-cosmetic.de\/#organization\",\"name\":\"CNC\",\"url\":\"https:\/\/apply.cnc-cosmetic.de\/\",\"logo\":{\"@type\":\"ImageObject\",\"inLanguage\":\"ru-RU\",\"@id\":\"https:\/\/apply.cnc-cosmetic.de\/#\/schema\/logo\/image\/\",\"url\":\"https:\/\/apply.cnc-cosmetic.de\/wp-content\/uploads\/2020\/10\/Logo_CNC_4c_bc.png\",\"contentUrl\":\"https:\/\/apply.cnc-cosmetic.de\/wp-content\/uploads\/2020\/10\/Logo_CNC_4c_bc.png\",\"width\":500,\"height\":341,\"caption\":\"CNC\"},\"image\":{\"@id\":\"https:\/\/apply.cnc-cosmetic.de\/#\/schema\/logo\/image\/\"}}]}<\/script>\n<!-- \/ Yoast SEO plugin. -->","yoast_head_json":{"title":"Impressum - CNC","robots":{"index":"noindex","follow":"follow","max-snippet":"max-snippet:-1","max-image-preview":"max-image-preview:large","max-video-preview":"max-video-preview:-1"},"og_locale":"ru_RU","og_type":"article","og_title":"Impressum - CNC","og_description":"Adresse:\u00a0 CNC cosmetic GmbH Bruchst\u00fccker 9 D-76661 Philippsburg RG \u00a0AG Mannheim HRB 250293 Gesch\u00e4ftsf\u00fchrer: Rolf Hofheinz Tel:\u00a0 +49 7256- 93200 Fax: +49 7256- 932020 E-Mail: kontakt@apply.cnc-cosmetic.de Ust-Ident-Nummer: DE 143077214 WEEE-Nr. DE 47609964 &nbsp; &nbsp; HAFTUNGSHINWEIS: Trotz sorgf\u00e4ltiger inhaltlicher Kontrolle \u00fcbernehmen wir keine Haftung f\u00fcr die Inhalte externer Links. F\u00fcr den Inhalt der verlinkten Seiten sind [&hellip;]","og_url":"https:\/\/apply.cnc-cosmetic.de\/ru\/impressum\/","og_site_name":"CNC","article_modified_time":"2021-10-18T14:00:32+00:00","twitter_card":"summary_large_image","twitter_misc":{"\u041f\u0440\u0438\u043c\u0435\u0440\u043d\u043e\u0435 \u0432\u0440\u0435\u043c\u044f \u0434\u043b\u044f \u0447\u0442\u0435\u043d\u0438\u044f":"1 \u043c\u0438\u043d\u0443\u0442\u0430"},"schema":{"@context":"https:\/\/schema.org","@graph":[{"@type":"WebPage","@id":"https:\/\/apply.cnc-cosmetic.de\/ru\/impressum\/","url":"https:\/\/apply.cnc-cosmetic.de\/ru\/impressum\/","name":"Impressum - CNC","isPartOf":{"@id":"https:\/\/apply.cnc-cosmetic.de\/#website"},"datePublished":"2021-10-18T14:00:31+00:00","dateModified":"2021-10-18T14:00:32+00:00","breadcrumb":{"@id":"https:\/\/apply.cnc-cosmetic.de\/ru\/impressum\/#breadcrumb"},"inLanguage":"ru-RU","potentialAction":[{"@type":"ReadAction","target":["https:\/\/apply.cnc-cosmetic.de\/ru\/impressum\/"]}]},{"@type":"BreadcrumbList","@id":"https:\/\/apply.cnc-cosmetic.de\/ru\/impressum\/#breadcrumb","itemListElement":[{"@type":"ListItem","position":1,"name":"Startseite","item":"https:\/\/apply.cnc-cosmetic.de\/"},{"@type":"ListItem","position":2,"name":"Impressum"}]},{"@type":"WebSite","@id":"https:\/\/apply.cnc-cosmetic.de\/#website","url":"https:\/\/apply.cnc-cosmetic.de\/","name":"CNC","description":"Eine weitere WordPress-Website","publisher":{"@id":"https:\/\/apply.cnc-cosmetic.de\/#organization"},"potentialAction":[{"@type":"SearchAction","target":{"@type":"EntryPoint","urlTemplate":"https:\/\/apply.cnc-cosmetic.de\/?s={search_term_string}"},"query-input":"required name=search_term_string"}],"inLanguage":"ru-RU"},{"@type":"Organization","@id":"https:\/\/apply.cnc-cosmetic.de\/#organization","name":"CNC","url":"https:\/\/apply.cnc-cosmetic.de\/","logo":{"@type":"ImageObject","inLanguage":"ru-RU","@id":"https:\/\/apply.cnc-cosmetic.de\/#\/schema\/logo\/image\/","url":"https:\/\/apply.cnc-cosmetic.de\/wp-content\/uploads\/2020\/10\/Logo_CNC_4c_bc.png","contentUrl":"https:\/\/apply.cnc-cosmetic.de\/wp-content\/uploads\/2020\/10\/Logo_CNC_4c_bc.png","width":500,"height":341,"caption":"CNC"},"image":{"@id":"https:\/\/apply.cnc-cosmetic.de\/#\/schema\/logo\/image\/"}}]}},"_links":{"self":[{"href":"https:\/\/apply.cnc-cosmetic.de\/ru\/wp-json\/wp\/v2\/pages\/12374","targetHints":{"allow":["GET"]}}],"collection":[{"href":"https:\/\/apply.cnc-cosmetic.de\/ru\/wp-json\/wp\/v2\/pages"}],"about":[{"href":"https:\/\/apply.cnc-cosmetic.de\/ru\/wp-json\/wp\/v2\/types\/page"}],"author":[{"embeddable":true,"href":"https:\/\/apply.cnc-cosmetic.de\/ru\/wp-json\/wp\/v2\/users\/9"}],"replies":[{"embeddable":true,"href":"https:\/\/apply.cnc-cosmetic.de\/ru\/wp-json\/wp\/v2\/comments?post=12374"}],"version-history":[{"count":0,"href":"https:\/\/apply.cnc-cosmetic.de\/ru\/wp-json\/wp\/v2\/pages\/12374\/revisions"}],"wp:attachment":[{"href":"https:\/\/apply.cnc-cosmetic.de\/ru\/wp-json\/wp\/v2\/media?parent=12374"}],"curies":[{"name":"wp","href":"https:\/\/api.w.org\/{rel}","templated":true}]}}